{"id":41,"date":"2010-09-13T14:49:27","date_gmt":"2010-09-13T18:49:27","guid":{"rendered":"http:\/\/blogviejo.sld.cu\/serrevir\/?page_id=41"},"modified":"2010-09-13T14:49:27","modified_gmt":"2010-09-13T18:49:27","slug":"sabias-que","status":"publish","type":"page","link":"https:\/\/blogs.sld.cu\/serrevir\/sabias-que\/","title":{"rendered":"\u00bfSab\u00edas qu\u00e9&#8230;?"},"content":{"rendered":"<p><strong><\/strong>\u00bfPor qu\u00e9 la mayor\u00eda de infartos tienen lugar por la ma\u00f1ana?<\/p>\n<p><em>La gran mayor\u00eda de infartos tienen lugar por la ma\u00f1ana, tanto en hombres como en mujeres. Seg\u00fan un estudio publicado en el n\u00famero de noviembre de Blood, la explicaci\u00f3n a este fen\u00f3meno podr\u00eda estar en el reloj interno del organismo que regula los ritmos vitales. <\/em><em><\/em><\/p>\n<p><em>Reloj biol\u00f3gico y mayor incidencia de infartos.<\/em><\/p>\n<p>El funcionamiento del sistema circadiano, tambi\u00e9n llamado reloj interno del organismo, explicar\u00eda por qu\u00e9 hay m\u00e1s infartos durante las primeras horas del d\u00eda. Tales son las conclusiones de un estudio publicado por la revista Blood.<\/p>\n<p>Participaron en el estudio 12 voluntarios que se sometieron durante dos semanas a una serie de pruebas dise\u00f1adas para de-sincronizar sus conductas diarias y sus ritmos vitales habituales con respecto a los ritmos circadianos. Los investigadores se centraron en analizar la funci\u00f3n de la prote\u00edna PAI-1 (<a href=\"http:\/\/es.wikipedia.org\/wiki\/PAI-1\" target=\"_blank\">inhibidor del activador del plasmin\u00f3geno-1<\/a>), la cual se encarga de inhibir la partici\u00f3n de co\u00e1gulos en la sangre y que es por tanto un factor de riesgo para la formaci\u00f3n de co\u00e1gulos en la sangre, una de las principales causas de eventos cardio y cerebrovasculares. La prote\u00edna PAI-1 se encuentra en sus niveles m\u00e1ximos durante la ma\u00f1ana, y los cient\u00edficos supusieron que esto se deb\u00eda a la actividad del sistema circadiano o a cambios que se dan habitualmente por la ma\u00f1ana, como por ejemplo cambios en la actividad f\u00edsica.<\/p>\n<p>Los investigadores descubrieron que el nivel m\u00e1ximo de PAI-1 se alcanza en torno a las 06:30 de la ma\u00f1ana cuando se siguen ciclos regulares de sue\u00f1o y actividad, independientemente de otras influencias o cambios ambientales o de conducta. Esto explicar\u00eda la mayor incidencia de infartos durante las primeras horas del d\u00eda en individuos con otros factores de riesgo. Futuras investigaciones deber\u00e1n elucidar si el ritmo circadiano es ampliado, reducido o modificado de alg\u00fan modo en sujetos con factores de riesgo tales como obesidad, diabetes, o cardiopat\u00edas.<\/p>\n<p>Tomado de:<\/p>\n<p><a href=\"http:\/\/www.medicina21.com\/Actualidad-V3857-Por_que_la_mayoria_de_infartos_tienen_lugar_por_la_manana.html\">http:\/\/www.medicina21.com\/Actualidad-V3857-Por_que_la_mayoria_de_infartos_tienen_lugar_por_la_manana.html<\/a><\/p>\n","protected":false},"excerpt":{"rendered":"<p>\u00bfPor qu\u00e9 la mayor\u00eda de infartos tienen lugar por la ma\u00f1ana? La gran mayor\u00eda de infartos tienen lugar por la ma\u00f1ana, tanto en hombres como en mujeres. Seg\u00fan un estudio publicado en el n\u00famero de noviembre de Blood, la explicaci\u00f3n a este fen\u00f3meno podr\u00eda estar en el reloj interno del organismo que regula los ritmos [&hellip;]<\/p>\n","protected":false},"author":191,"featured_media":0,"parent":0,"menu_order":0,"comment_status":"open","ping_status":"open","template":"","meta":[],"_links":{"self":[{"href":"https:\/\/blogs.sld.cu\/serrevir\/wp-json\/wp\/v2\/pages\/41"}],"collection":[{"href":"https:\/\/blogs.sld.cu\/serrevir\/wp-json\/wp\/v2\/pages"}],"about":[{"href":"https:\/\/blogs.sld.cu\/serrevir\/wp-json\/wp\/v2\/types\/page"}],"author":[{"embeddable":true,"href":"https:\/\/blogs.sld.cu\/serrevir\/wp-json\/wp\/v2\/users\/191"}],"replies":[{"embeddable":true,"href":"https:\/\/blogs.sld.cu\/serrevir\/wp-json\/wp\/v2\/comments?post=41"}],"version-history":[{"count":0,"href":"https:\/\/blogs.sld.cu\/serrevir\/wp-json\/wp\/v2\/pages\/41\/revisions"}],"wp:attachment":[{"href":"https:\/\/blogs.sld.cu\/serrevir\/wp-json\/wp\/v2\/media?parent=41"}],"curies":[{"name":"wp","href":"https:\/\/api.w.org\/{rel}","templated":true}]}}