{"id":49,"date":"2010-09-20T14:44:27","date_gmt":"2010-09-20T18:44:27","guid":{"rendered":"http:\/\/blogviejo.sld.cu\/serrevir\/?page_id=49"},"modified":"2020-03-27T14:00:27","modified_gmt":"2020-03-27T14:00:27","slug":"coleccion-de-documentos-digitales-de-la-biblioteca","status":"publish","type":"page","link":"https:\/\/blogs.sld.cu\/serrevir\/coleccion-de-documentos-digitales-de-la-biblioteca\/","title":{"rendered":"Colecci\u00f3n de Documentos digitales de la biblioteca"},"content":{"rendered":"<p>La biblioteca del Centro Provincial de Informaci\u00f3n de Ciencias M\u00e9dicas cuenta con una extensa colecci\u00f3n de CD que pone a su disposici\u00f3n para su consulta en sala. Visite el departamento de Referencia y solic\u00edteselo al bibliotecario.<br \/>\nGracias<br \/>\nT\u00edtulos<br \/>\n1. Histolog\u00eda b\u00e1sica para pat\u00f3logos<br \/>\n2. XXV Congreso de la Sociedad Latinoamericana de Patolog\u00eda<br \/>\n3. Internet para bibliotecarios<br \/>\n4. Centro de Prevenci\u00f3n del VIH\/SIDA<br \/>\n5. Clinical Hematology. 2004<br \/>\n6. The internacional farmacopoeia. 2008<br \/>\n7. Curso de infectolog\u00eda (MINSAP)<br \/>\n8. Entrenador de anatom\u00eda<br \/>\n9. Forum de Ciencia y T\u00e9cnica<br \/>\n10. International nonpropietary names (INN) for pharmaceutical substance. 2007<br \/>\n11. Manual den diagn\u00f3stico y tratamiento (especialidades cl\u00ednicas)<br \/>\n12. Manual Merck. Terap\u00e9utica<br \/>\n13. The internacional farmacopoeia. 3 y 4 ed<br \/>\n14. Medicina familiar<br \/>\n15. Farreras. Medicina interna<br \/>\n16. Who. Medicine Bookshelf<br \/>\n17. Principles of pharmacology<br \/>\n18. Primer Simposio Internacional de Cardiolog\u00eda<br \/>\n19. Stedmans Concise<br \/>\n20. Taller metodol\u00f3gico nacional de medicina familiar<br \/>\n21. The ultimate human body<br \/>\n22. Biblioteca de Salud Reproductiva<br \/>\n23. Conmemorando Cien a\u00f1os de Salud<br \/>\n24. Comparative quantification of health for development<br \/>\n25. The future visible<br \/>\n26. Atlas de Histolog\u00eda<br \/>\n27. Tough choices: investing in health for development<br \/>\n28. Interactive color Atlas of Histology<br \/>\n29. Atenci\u00f3n Primaria de Salud<br \/>\n30. Salud en Las Am\u00e9ricas<br \/>\n31. Alarma en el distrito Salud<br \/>\n32. Nelson. Pediatr\u00eda y enfermer\u00eda<br \/>\n33. Pediatrics<br \/>\n34. Navegador Oc\u00e9ano de Estudios Interactivo<br \/>\n35. Obras de Referencia. Diccionario Mosby<br \/>\n36. Biomedicine seminar room<br \/>\n37. Biblioteca de Salud Reproductiva de la OMS<br \/>\n38. Absolute ent 2008 new coblation surgical video clips<br \/>\n39. Puntos. Atlas de Acupuntura<br \/>\n40. Water sanitation and health<br \/>\n41. Pediatrics Review and education program<br \/>\n42. Pediatrics Review<br \/>\n43. Evaluaci\u00f3n de los da\u00f1os y necesidades en salud para situaciones de desastres<br \/>\n44. Simulador interactivo de AR cardiac fase trasking<br \/>\n45. Cardiolog\u00eda<br \/>\n46. Cancer. Principles and practice of oncology<br \/>\n47. Clasificaci\u00f3n internacional del funcionamiento de la discapacidad y de la salud<br \/>\n48. Water sanitation and health. 3 ed<br \/>\n49. Who Training modules on GMP. A resource and study pack for trainers<br \/>\n50. Biblioteca Virtual en Salud. Colecci\u00f3n digital. Vol., I, II, III<br \/>\n51. Dynamic human anatomy. Student version 2.0. 2005<br \/>\n52. The Gender and VIH\/AIDS<br \/>\n53. Biblioteca Virtual en Salud. Video ITS\/VIH\/SIDA. 2004<br \/>\n54. Biblioteca Virtual en Salud. Video ITS\/VIH\/SIDA. 2006<br \/>\n55. Biblioteca Virtual en Salud. Video ITS\/VIH\/SIDA. 2007<br \/>\n56. Biblioteca Virtual en Salud. Video Promoci\u00f3n BVS\/SIDA. 2006<br \/>\n57. Biblioteca Virtual en Salud. Colecci\u00f3n digital. ITS\/VIH\/SIDA. 2007<br \/>\n58. Biblioteca Virtual en Salud. Colecci\u00f3n digital. ITS\/VIH\/SIDA. 2006<br \/>\n59. Biblioteca Virtual en Salud. Colecci\u00f3n digital e instructivo. ITS\/VIH\/SIDA. 2005<br \/>\n60. Biblioteca Virtual en Salud. Colecci\u00f3n digital e instructivo. ITS\/VIH\/SIDA. 2006<br \/>\n61. Biblioteca Virtual en Salud. Colecci\u00f3n digital. ITS\/VIH\/SIDA. 2004<br \/>\n62. Archivo hist\u00f3rico del movimiento sexual en M\u00e9xico<br \/>\n63. Biblioteca ONUSIDA<br \/>\n64. HIV\/AIDS. Key documentation and strategic information products<br \/>\n65. Biblioteca Virtual de Salud y Desastres<br \/>\n66. Disaster mitigation in health facilities. Wind effects<br \/>\n67. Harrison\u2019s CD-Room<br \/>\n68. Procesos psicol\u00f3gicos b\u00e1sicos. 2005<br \/>\n69. Enrique Sampero Castillo. La pr\u00e1ctica histol\u00f3gica. 2 ed<br \/>\n70. Software para acompa\u00f1ar al libro. George Sack. Gen\u00e9tica M\u00e9dica. 2002<br \/>\n71. Biblioteca Virtual en Salud de Cuba. ITS\/VIH\/SIDA. Para vivir m\u00e1s y mejor. 2005<br \/>\n72. Dynamic human anatomy. Student versi\u00f3n. 1. 0. 2004<br \/>\n73. Senso Vita<br \/>\n74. Stedman concice version 1.0<br \/>\n75. HIV\/AIDS. Key documentation and strategic information products<br \/>\n76. Pediatrics in review Vol. 18 No. 11- CD,. 1997<br \/>\n77. Biotecnolog\u00eda plicada Vol. 20(1) 2003, Vol. 20 (2) 2003<br \/>\n78. Base bibliogr\u00e1fica em historia da sa\u00fade p\u00fablica da Am\u00e9rica latina e Caribe. 2001<br \/>\n79. Ivan Roitt. Immunology 6th edition. 1997<br \/>\n80. Biblioteca Virtual de Salud. Videos ITS\/VIH\/SIDA. 2005<br \/>\n81. Textbook of psysical diagnosis: History and examination. Fourth edition.<br \/>\n82. Selecci\u00f3n de libros digitales para Atenci\u00f3n Primaria de Salud<br \/>\n83. International nonpropietary names (INN)for pharamaceutical substances. 2004<br \/>\n84. Medical surgical nursing. Critical Thinking in Client Care Fourth Edition 2008<br \/>\n85. Mosby\u2019s Drug Guide for Nurses. Seven edition 2007-05<br \/>\n86. Davi\u2019s Drug Guide for Nurses Eight th edition 2003<br \/>\n87. Mosby\u2019s DrugSmart to accompany. Mosby\u2019s Drug Guide for nurse. 2003<br \/>\n88. Mosby\u2019s Nursing Drug Card 2006<br \/>\n89. Student Study Guide to Accompany Pharmacological. Aspects of Nursign Care. 6 th Edition 2002<br \/>\n90. Lippincott\u2019s Nursing Drug Guide 2004<br \/>\n91. Mosby\u2019s DrugSmart to accompany Mosby\u2019s for Nurses. Sixth edition 2005<br \/>\n92. Medical Surgical Nursing. Critical Thinking in Client Care Third edition 2004<br \/>\n93. Medical Surgical Nursing. Assessment and Management of Clinical Problems Fifth edition 2000<br \/>\n94. Mosby\u2019s Nutritrac Nutrition Analysis Software IV version 2006<br \/>\n95. Safe Meds An Interactive Guide to safe Medication Practice 2005<br \/>\n96. Thelam\u2019s Clinical Care Nursing Fifth Edition 2006<br \/>\n97. Maternity Nursing Seventh Edition 2008<br \/>\n98. Taylor\u2019s Clinical Nursing Skill Second edition 2008<br \/>\n99. Fundamentals of Nursing Sixth edition 2008<br \/>\n100. Nursing Fundamentals Reviews &amp; Rationales 2nd edition 2008<br \/>\n101. Nursing Research Methods and Critical Apparaisal for Evidence-Based Practice. 6 th edition 2006<br \/>\n102. Maternity Newborn &amp; Women\u2019s Health Nursing 2008<br \/>\n103. Textbook of Medical Surgical Nursing. 11 ed 2008<br \/>\n104. Whaley &amp; wong\u2019s Nursing Care of Infants and children. Sixth edition. 1998-99<br \/>\n105. Mosby\u2019s Nutritrac Nutrition Analysis Software Version III 2002<br \/>\n106. Contemporary Maternal- Newborn nursing Care. Fifth edition 2002<br \/>\n107. Care concepts in pharmacology 2003<br \/>\n108. Medical- Surgical Nursing Assessment and Management of Clinical Problems Sixth Edition 2004<br \/>\n109. Virtual Clinical Excursions. Seventh Edition 2009<br \/>\n110. Virtual Clinical Excursions Pacific View Regional Hospital. SeventhEedition 2009<br \/>\n111. Practice disk for Davi\u2019s Q &amp; A for the NCLEX-RN 1998<br \/>\n112. Stedman\u2019s Concise. Version 1.0. 1997<br \/>\n113. Absolute ent 2009. New coblation surgical video clip. 2008<br \/>\n114. Ethos gubernamental. No. 4. 2006- 07<br \/>\n115. Infomed. Curso Fuentes de Informaci\u00f3n en Salud. 2009<br \/>\n116. Spiringhouse nurse\u2019s Drug Guide 2006<br \/>\n117. Psychiatric Mental Health Nursing<br \/>\n118. Principles and practice of psychiatric nursing<br \/>\n119. Portfolio de Producao Cient\u00edfica<br \/>\n120. International nonproprietary names (INN) for pharmaceutical substances. 2009<br \/>\n121. Nursing 2004<br \/>\n122. Eduardo Ram\u00edrez Mora. Enfermedades infecciosas<br \/>\n123. Silvia Mendoa. Tesis Infectolog\u00eda<br \/>\n124. Gretel Mosquera. Tesis Longevidad satisfactoria<br \/>\n125. Mitos y realidades de los desastres naturales<br \/>\n126. Recursos de informaci\u00f3n sobre salud y huracanes<br \/>\n127. Educaci\u00f3n para la gesti\u00f3n de riesgo a nivel comunitario. Marzo 2006<br \/>\n128. Recursos de informaci\u00f3n sobre salud y volcanes<br \/>\n129. Esf\u00ednter urinario artificial. La soluci\u00f3n a la incontinencia del hombre.<br \/>\n130. Atenci\u00f3n Primaria. Conceptos, organizaci\u00f3n y pr\u00e1ctica cl\u00ednica. 5 ed. 2003<br \/>\n131. Robbins y Cotran. Patolog\u00eda estructural y funcional. 7 ed. 2005<br \/>\n132. Modelo de Gesti\u00f3n de Informaci\u00f3n sobre Desastres: Una perspectiva integral. 2006<br \/>\n133. ISCMC. Efectividad de los planes de reducci\u00f3n de desastres. 2008<br \/>\n134. Tercera Convenci\u00f3n Internacional de la Sociedad Cubana de Medicina Bioenerg\u00e9tica y Naturalista. 2006<br \/>\n135. Para lograr el cambio: Indicadores para mejorar la salud ambiental en los ni\u00f1os<br \/>\n136. Electronic study guide for biochemistry.2000<br \/>\n137. Paul. Fundamental immunology. 4 ed. 1998<br \/>\n138. Entrenador de anatom\u00eda. vol. 1. Esqueleto de la cabeza. 1997<br \/>\n139. Interactive Color Atlas of Histology. 2000<br \/>\n140. Cano M. Atenci\u00f3n primaria<br \/>\n141. Water Sanitation and Health. 4 ed.<br \/>\n142. Farreras. Medicina interna. 13 ed<br \/>\n143. Whaley and Wong\u00b4s Nursing care of Infanets and Children. 6 ed. 1999<br \/>\n144. Pathophisiology Self- Study Disk. 1998<br \/>\n145. Dosages and Solutions CD-RoOOM Companion.. 2000<br \/>\n146. Clinical Calculations Made Easy. 3 ed. 2005<br \/>\n147. Adult and family Nurse Practitione Certification Examination. 2 ed. 2004<br \/>\n148. Child health nursing. Reviews &amp; rationales<br \/>\n149. Relaxation CD. 2006<br \/>\n150. Study Partner. 1998<br \/>\n151. Self- study CD-ROM to Accompany Child health nursing. 1999<br \/>\n152. Psychiatric mental helath nursing. 2006<br \/>\n153. Principles and practice of Psychiatric nursing. 8 ed. 2005<br \/>\n154. Womes\u00b4s health diring the childbearing years. A Community- based Approach.2001<br \/>\n155. maternity nursing. 6 ed. 2003<br \/>\n156. Student tutorial to Accompany Community health nursing. 2 ed. 2003<br \/>\n157. Pillitteri\u00b4s. Maternal &amp; child health nursing<br \/>\n158.Clinical nursingf skills. 2000<br \/>\n159. Atlas of care. A clinicians guide to adolescent vaccines protecting patients overall health<br \/>\n160. Maternity nursing. 1999<br \/>\n161. Physical examination. 4ed. 1999<br \/>\n162. Physical examination and health assessment.2002<br \/>\n163. maternity womens health care. 7 ed. 2000<br \/>\n164. Identificaci\u00f3n y diagn\u00f3stico en micolog\u00eda cl\u00ednica. 2010<br \/>\n165. Taylors clinical nursing skills. A nursing Process Approach. 2005<br \/>\n166. Funsamental of nursing. 5 ed. 2005<br \/>\n167. Pathophysiology. Concepts of altered health states. 6 ed. 2002<br \/>\n168. Clinical evidence. 2003<br \/>\n169. Clinical evidence. 2004<br \/>\n170. Nursing pharmacology comprebensive exam.<br \/>\n171. Dosages and Solutions. CD Companion. 2003<br \/>\n172. Cancer Medicine. 5 ed. 2000<br \/>\n173. Pediatric Clinical Practice. Guidelines &amp; Policies. 4 ed. 2004<br \/>\n174. Evidence Based Decision Making: The appropriate Use of Growth Hormene in Pediatric Patients. 2005<br \/>\n175. Assessing Asthma Control: Clinical Factors and Therapeutic Challenges.<br \/>\n176. Maternit &amp; Womwn\u00b4s Health Care. 8 ed. 2004<br \/>\n177. Clinical calculations Made Easy. 3 ed. 2005<br \/>\n178. Pilliteri\u00b4s. maternal &amp; Child Health Nursing. 4 ed. 2003<br \/>\n179. Electronic Classroom Manager to Accompany. Maternal, Neonatal, and Women\u00b4s Health Nursing. 2002<br \/>\n180. Delmar\u00b4s Nursing Fundamentals Critical Thinking CD-ROM. 2002<br \/>\n181. The Public health Implications of Urogenital Disease: A focus overactive bladder. 2005<br \/>\n182. World Health Organization. Worl Health Statistics. 2011<br \/>\n183. The International Pharmacopoeia. 4 ed. 2011<br \/>\n184. Biblioteca de Salud Reproductiva de la OMS 2007. Informaci\u00f3n para las mejores pr\u00e1cticas en salud reproductiva.<br \/>\n185. Cancer. Principles &amp; Practice of Oncology. 6ed.<br \/>\n186. Lippincott\u00b4s review for NCLEX-RN. 8 ed. 2005<br \/>\n187. Medical Surgical Nursing: Assessment and Management of Clinical Problems. 5 ed. 2000<br \/>\n188. Maternal and child health nursing. 1999<br \/>\n189. Maternal. Newtborn Nursing Care. 4ed. 1988.<br \/>\n190. Ferr\u00e1diz C. Dermatolog\u00eda cl\u00ednica. 3 ed. 2009<br \/>\n191. E-medicine image<br \/>\n192. Color- Flow Doppler and Valvular Regurgitation.<br \/>\n193. Echocardiography in Coronary Artery Diseases and Acute Myocardial Infarction.<br \/>\n194. Diseases of the aorta.<br \/>\n195. The role of echocardiography in HCM management.<br \/>\n196. A logical approach to diastolic function assessment: diastology. Part II.<br \/>\n197. Tutorials in echocardiography. Stress Echo: Role in Clinical practice.<br \/>\n198. Tutorials in echocardiography. Constructive pericarditis: Clinical features diagnosis and management.<br \/>\n199. Tutorials in echocardiography. Infective endocarditis: Evaluation by transthoracic &amp; transesophageal echocardiography.<br \/>\n200. Tutorials in echocardiography. Systemic diseases of the Heart. Part I and II.<br \/>\n201. Tutorials in echocardiography. How to assess diastolic function and diastolic Heart failure. Part I.<br \/>\n202. Echocardiography in tricuspid and pulmonary valvular diseases.<br \/>\n203. Tissue doppler and stain imaging.<br \/>\n204. Braunwald\u00b4s Heart disease. A textbook of cardiovascular medicine.<br \/>\n205. EchoSap. Echocardiography self- assessment program.<br \/>\n206. Revista Anales de la Real Academia Nacional de Farmacia. 77 (1); 2011<br \/>\n207. Revista Anales de la Real Academia Nacional de Farmacia. 77 (2); 2011<br \/>\n208. Tromboembolic complications during infancy and childhood.<br \/>\n209. Corson J, Williamson R. Surgery.<br \/>\n210. Basic Nursing. Essentials for practice.<br \/>\n211. Whaley &amp; Wong\u00b4s. Nursing care of infants and children. 6 ed.<br \/>\n212. Timby\u00b4s fundamental nursing skills and concepts.<\/p>\n<p>213.\u00a0 Application of a New antibiotic for clinical practice.<\/p>\n<p>214. World Health Organization. World Health Statistics 2012.<\/p>\n<p>215. Organizaci\u00f3n Mundial de la Salud. Cuidado primario del o\u00eddo y la audici\u00f3n. Material de capacitaci\u00f3n.<\/p>\n<p>216. World Health Organization. International nonproprietary names (INN) for pharmaceutical substances. List 1- 105 of proposed INN and List 1-66 of recomende INN cumulative List No. 14.<\/p>\n<p>217. Anales de la Real Academia de Farmacia. 78(1); 2012<\/p>\n<p>218. Anales de la Real Academia de Farmacia. 78(2); 2012<\/p>\n<p>219. Anales de la Real Academia de Farmacia. 77(3); 2011<\/p>\n<p>220. Anales de la Real Academia de Farmacia. 77(4); 2011<\/p>\n<p>221. Anales de la Real Academia de Farmacia. 77(No. extraordinario); 2011<\/p>\n<p>222. Sala de espera. Resucitaci\u00f3n card\u00edaca b\u00e1sica del adulto<\/p>\n<p>223. \u00c1rea de Epidemiolog\u00eda y Estad\u00edstica. Mortalidad por enfermedades cardiovasculares en el Uruguay 2010<\/p>\n<p>224. Biocat\u00e1lisis aplicada a la obtenci\u00f3n de f\u00e1rmacos y productos de alto valor a\u00f1adido. Monograf\u00eda XXXV. 2012<\/p>\n<p>225. Worl d Health Organization. Worl d Health Statistics 2013<\/p>\n<p>226. Anales de la Real Academia de Farmacia. 78(4); 2012<\/p>\n<p>227. Anales de la Real Academia de Farmacia. 78(3); 2012<\/p>\n<p>228. Pharmacology for nursing care. 7 ed. 2010<\/p>\n<p>229. Pharmacology a nursing process approach. 5 ed. 2006<\/p>\n<p>230. Aulas y entornos de aprendizaje virtual<\/p>\n<p>231. MINSAP. Selecci\u00f3n de conferencias. vol. 1, 2, 3, 4, 5<\/p>\n<p>232. Tintinalli JE. Medicina de urgencias. 2013<\/p>\n<p>233. Kocher MS, Millis MB. Cirug\u00eda ortop\u00e9dica pedi\u00e1trica. 2012<\/p>\n<p>234. Junqueira LC, Carneiro J. Histolog\u00eda b\u00e1sica. 2005<\/p>\n<p>235. Goodman and Gilman. Las bases farmacol\u00f3gicas de la terap\u00e9utica. 2012<\/p>\n<p>236. Schwartz. Principios de cirug\u00eda. 2011<\/p>\n<p>237. American Heart Association. Advanced Cardiovascular Life Support. 2006<\/p>\n<p>238. A question of origins. 2009<\/p>\n<p>239. Auscultation skills. Breath &amp; Heart Sounds. 2010<\/p>\n<p>240. Programa integral para el control del c\u00e1ncer<\/p>\n<p>241. Tutoriales sobre las bases de datos Wiley, Ebsco, clinical Key, Springer y Dynamed. 2015<\/p>\n<p>242. Carter D. Interpretation of breast biopsies. 4ed. Philadelphia: Lippincott Williams &amp; Wilkins; 2002.<\/p>\n<p>243. Epstein JL, Amin MB, Reuter VE. Bladder biopsy interpretation. Philadelphia: Lippincott Williams &amp; Wilkins; 2004.<\/p>\n<p>244. Wong DL, Perry SE, Hockenberry MJ, Lowdermilk DL, Wilson D. Maternal child nursing care. 3ed. 2006.<\/p>\n<p>245. Dillon PM, Masson d. Health Assesment. Developing your auscultation skills. Disk 1y 2<\/p>\n<p>246. Mederos Curbelo ON, Soler Vaillant R. Cirug\u00eda. La Habana: Editorial Ecimed; 2016. 2t<\/p>\n<p>247. Logofonoaudiolog\u00eda. \u00a0La Habana: Editorial Ecimed; 2015.<\/p>\n<p>248. Enfermer\u00eda. Literatura docente. La Habana: Editorial Ecimed; 2015. (1ro- 5to).<\/p>\n<p>249. Estiomatolog\u00eda. Literatura docente. La Habana: Editorial Ecimed; 2015. (1ro- 5to).<\/p>\n<p>250. Higiene y epidemiolog\u00eda. Literatura docente. La Habana: Editorial Ecimed; 2015. (1ro- 4to).<\/p>\n<p>251. Bioan\u00e1lisis cl\u00ednico. Literatura docente. La Habana: Editorial Ecimed; 2015.<\/p>\n<p>252. Medicina. Literatura docente. La Habana: Editorial Ecimed; 2015. (1ro- 5to).<\/p>\n<p>253. Nutrici\u00f3n. Literatura docente. La Habana: Editorial Ecimed; 2015.<\/p>\n<p>254. Optometr\u00eda y \u00f3ptica. Literatura docente. La Habana: Editorial Ecimed; 2015.<\/p>\n<p>255. Imaginolog\u00eda y radiof\u00edsica m\u00e9dica. Literatura docente. La Habana: Editorial Ecimed; 2015.<\/p>\n<p>256. Rehabilitaci\u00f3n en salud Literatura docente. La Habana: Editorial Ecimed; 2015.<\/p>\n<p>257. Sistemas de informaci\u00f3n en salud. Literatura docente. La Habana: Editorial Ecimed; 2015.<\/p>\n<p>258. Revista Sexolog\u00eda y sociedad (51 revistas multimedias).<\/p>\n<p>259. Alfonso Rodr\u00edguez AC, Santillano C\u00e1rdenas I, compiladoras. Violencias: en el interjuego de la invisibilidad.<\/p>\n<p>260. Glosario de t\u00e9rminos m\u00e1s empleados en el Grupo de Estudios de Familia del CIPS.<\/p>\n<p>&nbsp;<\/p>\n","protected":false},"excerpt":{"rendered":"<p>La biblioteca del Centro Provincial de Informaci\u00f3n de Ciencias M\u00e9dicas cuenta con una extensa colecci\u00f3n de CD que pone a su disposici\u00f3n para su consulta en sala. Visite el departamento de Referencia y solic\u00edteselo al bibliotecario. Gracias T\u00edtulos 1. Histolog\u00eda b\u00e1sica para pat\u00f3logos 2. XXV Congreso de la Sociedad Latinoamericana de Patolog\u00eda 3. Internet para [&hellip;]<\/p>\n","protected":false},"author":191,"featured_media":0,"parent":0,"menu_order":0,"comment_status":"open","ping_status":"open","template":"","meta":[],"_links":{"self":[{"href":"https:\/\/blogs.sld.cu\/serrevir\/wp-json\/wp\/v2\/pages\/49"}],"collection":[{"href":"https:\/\/blogs.sld.cu\/serrevir\/wp-json\/wp\/v2\/pages"}],"about":[{"href":"https:\/\/blogs.sld.cu\/serrevir\/wp-json\/wp\/v2\/types\/page"}],"author":[{"embeddable":true,"href":"https:\/\/blogs.sld.cu\/serrevir\/wp-json\/wp\/v2\/users\/191"}],"replies":[{"embeddable":true,"href":"https:\/\/blogs.sld.cu\/serrevir\/wp-json\/wp\/v2\/comments?post=49"}],"version-history":[{"count":2,"href":"https:\/\/blogs.sld.cu\/serrevir\/wp-json\/wp\/v2\/pages\/49\/revisions"}],"predecessor-version":[{"id":360,"href":"https:\/\/blogs.sld.cu\/serrevir\/wp-json\/wp\/v2\/pages\/49\/revisions\/360"}],"wp:attachment":[{"href":"https:\/\/blogs.sld.cu\/serrevir\/wp-json\/wp\/v2\/media?parent=49"}],"curies":[{"name":"wp","href":"https:\/\/api.w.org\/{rel}","templated":true}]}}