{"id":69,"date":"2010-10-08T15:18:18","date_gmt":"2010-10-08T19:18:18","guid":{"rendered":"http:\/\/blogviejo.sld.cu\/serrevir\/?page_id=69"},"modified":"2010-10-08T15:18:18","modified_gmt":"2010-10-08T19:18:18","slug":"prensa-cubana","status":"publish","type":"page","link":"https:\/\/blogs.sld.cu\/serrevir\/prensa-cubana\/","title":{"rendered":"Prensa"},"content":{"rendered":"<p><a href=\"http:\/\/www.adelante.cu\/\">Peri\u00f3dico Adelante<\/a><br \/>\n<a href=\"http:\/\/www.granma.cu\/\">Peri\u00f3dico Granma Internacional<\/a><br \/>\n<a href=\"http:\/\/www.granma.cubaweb.cu\/\">Peri\u00f3dico Granma<\/a><br \/>\n<a href=\"http:\/\/www.juventudrebelde.cu\/\">Juventud Rebelde<\/a><br \/>\n<a href=\"http:\/\/www.ain.cubaweb.cu\/\">Agencia Cubana de noticias<\/a><br \/>\n<a href=\"http:\/\/www.cubavision.cubaweb.cu\/portada.asp\">Cubavisi\u00f3n Internacional<\/a><br \/>\n<a href=\"http:\/\/www.radiorebelde.cu\/\">Radio Rebelde<\/a><\/p>\n","protected":false},"excerpt":{"rendered":"<p>Peri\u00f3dico Adelante Peri\u00f3dico Granma Internacional Peri\u00f3dico Granma Juventud Rebelde Agencia Cubana de noticias Cubavisi\u00f3n Internacional Radio Rebelde<\/p>\n","protected":false},"author":191,"featured_media":0,"parent":0,"menu_order":0,"comment_status":"open","ping_status":"open","template":"","meta":[],"_links":{"self":[{"href":"https:\/\/blogs.sld.cu\/serrevir\/wp-json\/wp\/v2\/pages\/69"}],"collection":[{"href":"https:\/\/blogs.sld.cu\/serrevir\/wp-json\/wp\/v2\/pages"}],"about":[{"href":"https:\/\/blogs.sld.cu\/serrevir\/wp-json\/wp\/v2\/types\/page"}],"author":[{"embeddable":true,"href":"https:\/\/blogs.sld.cu\/serrevir\/wp-json\/wp\/v2\/users\/191"}],"replies":[{"embeddable":true,"href":"https:\/\/blogs.sld.cu\/serrevir\/wp-json\/wp\/v2\/comments?post=69"}],"version-history":[{"count":0,"href":"https:\/\/blogs.sld.cu\/serrevir\/wp-json\/wp\/v2\/pages\/69\/revisions"}],"wp:attachment":[{"href":"https:\/\/blogs.sld.cu\/serrevir\/wp-json\/wp\/v2\/media?parent=69"}],"curies":[{"name":"wp","href":"https:\/\/api.w.org\/{rel}","templated":true}]}}