{"id":13,"date":"2022-01-26T21:21:00","date_gmt":"2022-01-26T21:21:00","guid":{"rendered":"https:\/\/blogs.sld.cu\/sindromecoronarioagudo\/?page_id=13"},"modified":"2022-05-08T17:50:21","modified_gmt":"2022-05-08T17:50:21","slug":"sindrome-coronario-agudo","status":"publish","type":"page","link":"https:\/\/blogs.sld.cu\/sindromecoronarioagudo\/sindrome-coronario-agudo\/","title":{"rendered":"S\u00edndrome coronario agudo"},"content":{"rendered":"<p>Es un nombre gen\u00e9rico que abarca varias enfermedades que afectan el coraz\u00f3n y sobre todo a su capa media muscular, que est\u00e1 formada por c\u00e9lulas musculares que con sus contracciones impulsan la sangre para que el O2 y los nutrientes lleguen a cada rinc\u00f3n\u00a0 del organismo. Funciona como una bomba que hace que la sangre viaje por los vasos sanguineos. Es el motor m\u00e1s eficiente del mundo ya que comienza a funcionar cuando nacemos y no para hasta que morimos. Muchas veces es maltratado por el consumo de sustancias perjudiciales para su funcionamiento, como el tabaco, el alcohol y las drogas, la alimentaci\u00f3n no saludable, el sedentarismo, sobrepeso,etc.cuando no lo cuidamos puede enfermar. Las anginas, infartos , forman parte del SCA<\/p>\n<p>Todas tienen en comun, la obstruccion parcial o total del vaso. Incluyen: Angina inestable, Angina y el ataque cardiaco.<\/p>\n<p>Angina es una palabra de origen del latin angere que significa ahogo, se utiliza desde la antiguedad y hace referecia a uno de los sintomas, apretar, oprimir.<\/p>\n<p>Infarto agudo<\/p>\n<p>&nbsp;<\/p>\n","protected":false},"excerpt":{"rendered":"<p>Es un nombre gen\u00e9rico que abarca varias enfermedades que afectan el coraz\u00f3n y sobre todo a su capa media muscular, que est\u00e1 formada por c\u00e9lulas musculares que con sus contracciones impulsan la sangre para que el O2 y los nutrientes lleguen a cada rinc\u00f3n\u00a0 del organismo. Funciona como una bomba que hace que la sangre [&hellip;]<\/p>\n","protected":false},"author":208,"featured_media":0,"parent":0,"menu_order":0,"comment_status":"closed","ping_status":"closed","template":"","meta":[],"_links":{"self":[{"href":"https:\/\/blogs.sld.cu\/sindromecoronarioagudo\/wp-json\/wp\/v2\/pages\/13"}],"collection":[{"href":"https:\/\/blogs.sld.cu\/sindromecoronarioagudo\/wp-json\/wp\/v2\/pages"}],"about":[{"href":"https:\/\/blogs.sld.cu\/sindromecoronarioagudo\/wp-json\/wp\/v2\/types\/page"}],"author":[{"embeddable":true,"href":"https:\/\/blogs.sld.cu\/sindromecoronarioagudo\/wp-json\/wp\/v2\/users\/208"}],"replies":[{"embeddable":true,"href":"https:\/\/blogs.sld.cu\/sindromecoronarioagudo\/wp-json\/wp\/v2\/comments?post=13"}],"version-history":[{"count":6,"href":"https:\/\/blogs.sld.cu\/sindromecoronarioagudo\/wp-json\/wp\/v2\/pages\/13\/revisions"}],"predecessor-version":[{"id":76,"href":"https:\/\/blogs.sld.cu\/sindromecoronarioagudo\/wp-json\/wp\/v2\/pages\/13\/revisions\/76"}],"wp:attachment":[{"href":"https:\/\/blogs.sld.cu\/sindromecoronarioagudo\/wp-json\/wp\/v2\/media?parent=13"}],"curies":[{"name":"wp","href":"https:\/\/api.w.org\/{rel}","templated":true}]}}