{"id":2,"date":"2022-01-17T15:23:47","date_gmt":"2022-01-17T15:23:47","guid":{"rendered":"https:\/\/blogs.sld.cu\/sindromecoronarioagudo\/?page_id=2"},"modified":"2022-05-07T20:19:11","modified_gmt":"2022-05-07T20:19:11","slug":"pagina-ejemplo","status":"publish","type":"page","link":"https:\/\/blogs.sld.cu\/sindromecoronarioagudo\/pagina-ejemplo\/","title":{"rendered":"Prevenci\u00f3n"},"content":{"rendered":"<h3>Aspectos que se deben tener en cuenta para prevenir el SCA<\/h3>\n<p>El coraz\u00f3n es la bomba o motor m\u00e1s eficiente que existe. Propulsa la sangre del coraz\u00f3n a trav\u00e9s de los vasos sangu\u00edneos (tuber\u00edas) a cada uno de los rincones del organismo y a cada una de tus c\u00e9lulas. Funciona sin parar desde que el individuo nace hasta que muere. Cuida cada una de las c\u00e9lulas de tu cuerpo.<\/p>\n<p>El coraz\u00f3n es un \u00f3rgano hueco tiene sangre en su interior y su pared tiene 3 capas: <strong>Endocardio <\/strong>(interna, <strong>Miocardio<\/strong> (Media que es muscular y es la que funciona como bomba. Cuando hablamos de Infarto agudo del miocardio, nos referimos a muerte de algunas de las c\u00e9lulas musculares del de la capa media del coraz\u00f3n<\/p>\n<p>El coraz\u00f3n es la bomba o motor m\u00e1s eficiente que existe. Propulsa la sangre del coraz\u00f3n a trav\u00e9s de los vasos sangu\u00edneos (tuber\u00edas) a cada uno de los rincones del organismo y a cada una de tus c\u00e9lulas. Funciona sin parar desde que el individuo nace hasta que muere. Cuida cada una de las c\u00e9lulas de tu cuerpo, igual que cuidas el motor d\u00e9 agua de tu casa, <strong>debes cuidar esa bomba maravillosa que es tu coraz\u00f3n.<\/strong><\/p>\n<p>Cuando fumas o consumes drogas o alcohol. envenenas tu mismo, las celulas de tu cuerpo y dejan de trabahar con eficiencia. Lo mismo que te pasa a ti, que cuando bebes o consumes sustancias tixicas, que no puedes funcionar con eficiencia, le pasa a cada una de las celulas de tu cuerpo.<\/p>\n<p>&nbsp;<\/p>\n<p>.<\/p>\n<p>&nbsp;<\/p>\n<p>&nbsp;<\/p>\n","protected":false},"excerpt":{"rendered":"<p>Aspectos que se deben tener en cuenta para prevenir el SCA El coraz\u00f3n es la bomba o motor m\u00e1s eficiente que existe. Propulsa la sangre del coraz\u00f3n a trav\u00e9s de los vasos sangu\u00edneos (tuber\u00edas) a cada uno de los rincones del organismo y a cada una de tus c\u00e9lulas. Funciona sin parar desde que el [&hellip;]<\/p>\n","protected":false},"author":207,"featured_media":0,"parent":0,"menu_order":0,"comment_status":"closed","ping_status":"open","template":"","meta":[],"_links":{"self":[{"href":"https:\/\/blogs.sld.cu\/sindromecoronarioagudo\/wp-json\/wp\/v2\/pages\/2"}],"collection":[{"href":"https:\/\/blogs.sld.cu\/sindromecoronarioagudo\/wp-json\/wp\/v2\/pages"}],"about":[{"href":"https:\/\/blogs.sld.cu\/sindromecoronarioagudo\/wp-json\/wp\/v2\/types\/page"}],"author":[{"embeddable":true,"href":"https:\/\/blogs.sld.cu\/sindromecoronarioagudo\/wp-json\/wp\/v2\/users\/207"}],"replies":[{"embeddable":true,"href":"https:\/\/blogs.sld.cu\/sindromecoronarioagudo\/wp-json\/wp\/v2\/comments?post=2"}],"version-history":[{"count":5,"href":"https:\/\/blogs.sld.cu\/sindromecoronarioagudo\/wp-json\/wp\/v2\/pages\/2\/revisions"}],"predecessor-version":[{"id":69,"href":"https:\/\/blogs.sld.cu\/sindromecoronarioagudo\/wp-json\/wp\/v2\/pages\/2\/revisions\/69"}],"wp:attachment":[{"href":"https:\/\/blogs.sld.cu\/sindromecoronarioagudo\/wp-json\/wp\/v2\/media?parent=2"}],"curies":[{"name":"wp","href":"https:\/\/api.w.org\/{rel}","templated":true}]}}