{"id":11,"date":"2021-03-23T07:20:35","date_gmt":"2021-03-23T07:20:35","guid":{"rendered":"http:\/\/blogs.sld.cu\/cuidadorquemado\/?page_id=11"},"modified":"2021-11-15T17:34:51","modified_gmt":"2021-11-15T17:34:51","slug":"sindrome-de-burn-out","status":"publish","type":"page","link":"https:\/\/blogs.sld.cu\/sindromecuidador\/sindrome-de-burn-out\/","title":{"rendered":"S\u00edndrome del cuidador"},"content":{"rendered":"<p><span style=\"font-size: 10pt; font-family: verdana, geneva;\"><a href=\"http:\/\/blogs.sld.cu\/sindromecuidador\/files\/2021\/11\/cuidadores2quemados.jpg\"><img loading=\"lazy\" class=\"alignnone size-full wp-image-81\" src=\"http:\/\/blogs.sld.cu\/sindromecuidador\/files\/2021\/11\/cuidadores2quemados.jpg\" alt=\"\" width=\"1200\" height=\"300\" srcset=\"https:\/\/blogs.sld.cu\/sindromecuidador\/files\/2021\/11\/cuidadores2quemados.jpg 1200w, https:\/\/blogs.sld.cu\/sindromecuidador\/files\/2021\/11\/cuidadores2quemados-300x75.jpg 300w, https:\/\/blogs.sld.cu\/sindromecuidador\/files\/2021\/11\/cuidadores2quemados-1024x256.jpg 1024w, https:\/\/blogs.sld.cu\/sindromecuidador\/files\/2021\/11\/cuidadores2quemados-768x192.jpg 768w, https:\/\/blogs.sld.cu\/sindromecuidador\/files\/2021\/11\/cuidadores2quemados-250x63.jpg 250w\" sizes=\"(max-width: 1200px) 100vw, 1200px\" \/><\/a>El<strong> s\u00edndrome del cuidador o s\u00edndrome del cuidador quemado(burn out)<\/strong> es el trastorno psicol\u00f3gico y f\u00edsico\u00a0 que pueden padecer las personas que tienen a su cuidado a una persona mayor o dependiente debido al desgaste f\u00edsico, mental y de su salud general por el cuidado constante de esta persona, que muchas veces no tiene la posibilidad de comunicarse adecuadamente y que en la mayor\u00eda de los casos por tratarse de la madre o padre, ha mantenido relaciones afectivas con la cuidadora, por lo que al ver a su familiar de esa forma contribuye a\u00fan m\u00e1s al desgaste emocional\u00a0 del cuidador.<\/span><\/p>\n<p><span style=\"font-size: 10pt; font-family: verdana, geneva;\">Se trata de algo com\u00fan, en especial si el cuidador es un familiar, ya que, al trabajo de atenci\u00f3n y agotamiento general, se le suma un componente emocional muy importante dado que ver y sentir c\u00f3mo el ser querido se va perdiendo poco a poco. <\/span><\/p>\n<p>El t\u00e9rmino <strong>\u201c<em>estar quemado\u201d <\/em><\/strong>surgi\u00f3 en la d\u00e9cada de los a\u00f1os setenta en<\/p>\n<p>Estados Unidos y fue utilizado por primera vez en 1977, <em>por <\/em><strong>Cristina Maslash<\/strong><em>\u00a0 \u00a0en el Congreso anual de la Asociaci\u00f3n Americana de Psic\u00f3logos (APA) para<\/em> describir lo que sent\u00edan un grupo de voluntarios que colaboraban en una cl\u00ednica con personas en proceso de abandonar las drogas, y que despu\u00e9s de un a\u00f1o de trabajo, muchos de los cuidadores voluntarios se sent\u00edan agotados, se irritaban f\u00e1cilmente y hab\u00edan desarrollado una actitud despectiva hacia los pacientes y una<\/p>\n<p>tendencia a rechazarlos. El <strong>s\u00edndrome de \u201cBurnout<\/strong>\u201d, descrito por <strong>Herbert J.<\/strong><\/p>\n<p><strong>Freudenberg, <\/strong><\/p>\n<p>explica, el proceso de deterioro en los cuidados y atenci\u00f3n profesional a los<\/p>\n<p>pacientes, producto del estr\u00e9s sostenido por lo que acababan quem\u00e1ndose tras meses o a\u00f1os de trabajo constante.<\/p>\n<p>Si bien este s\u00edndrome afecta directamente a las personas que trabajan en el \u00e1mbito sanitario como enfermeras y m\u00e9dicos en cuidados paliativos, servicios de urgencias, trabajadores sociales que trabajan con pacientes de \u00e1mbitos desfavorecidos, Psic\u00f3logos, Terapeutas en el trabajo con<\/p>\n<p>drogodependientes,<\/p>\n<p>los cuidadores no profesionales que<\/p>\n<p>atienden a un familiar en situaci\u00f3n de dependencia ya que, bien a causa de enfermedades<\/p>\n<p>graves o bien al deterioro cognitivo propio de la edad, estas personas est\u00e1n incapacitadas o<\/p>\n<p>muy limitadas para hacer por s\u00ed mismas todas las tareas necesarias para su propio cuidado y<\/p>\n<p>para su vida diaria. Las personas cuidadas pueden ser ni\u00f1os, j\u00f3venes, adultos, o personas<\/p>\n<p>mayores.<\/p>\n<p>Cuidar es una conducta natural como o caminar. De alg\u00fan modo todos<\/p>\n<p>somos cuidadores y personas a las que cuidar. En el transcurso de nuestras vidas<\/p>\n<p>inevitablemente ejerceremos ambos roles.<\/p>\n<p>Si bien, en muchas ocasiones cuidar a un familiar dependiente nos conecta con emociones<\/p>\n<p>agradables como el afecto, la ternura, dedicaci\u00f3n, constancia, generosidad, altruismo,<\/p>\n<p>podemos ver c\u00f3mo estas emociones pueden cambiar al extremo opuesto: enfado, irritaci\u00f3n,<\/p>\n<p>rechazo, cuando los cuidados se alargan mucho en el tiempo.<\/p>\n","protected":false},"excerpt":{"rendered":"<p>El s\u00edndrome del cuidador o s\u00edndrome del cuidador quemado(burn out) es el trastorno psicol\u00f3gico y f\u00edsico\u00a0 que pueden padecer las personas que tienen a su cuidado a una persona mayor o dependiente debido al desgaste f\u00edsico, mental y de su salud general por el cuidado constante de esta persona, que muchas veces no tiene la [&hellip;]<\/p>\n","protected":false},"author":208,"featured_media":0,"parent":0,"menu_order":0,"comment_status":"closed","ping_status":"open","template":"","meta":[],"_links":{"self":[{"href":"https:\/\/blogs.sld.cu\/sindromecuidador\/wp-json\/wp\/v2\/pages\/11"}],"collection":[{"href":"https:\/\/blogs.sld.cu\/sindromecuidador\/wp-json\/wp\/v2\/pages"}],"about":[{"href":"https:\/\/blogs.sld.cu\/sindromecuidador\/wp-json\/wp\/v2\/types\/page"}],"author":[{"embeddable":true,"href":"https:\/\/blogs.sld.cu\/sindromecuidador\/wp-json\/wp\/v2\/users\/208"}],"replies":[{"embeddable":true,"href":"https:\/\/blogs.sld.cu\/sindromecuidador\/wp-json\/wp\/v2\/comments?post=11"}],"version-history":[{"count":8,"href":"https:\/\/blogs.sld.cu\/sindromecuidador\/wp-json\/wp\/v2\/pages\/11\/revisions"}],"predecessor-version":[{"id":82,"href":"https:\/\/blogs.sld.cu\/sindromecuidador\/wp-json\/wp\/v2\/pages\/11\/revisions\/82"}],"wp:attachment":[{"href":"https:\/\/blogs.sld.cu\/sindromecuidador\/wp-json\/wp\/v2\/media?parent=11"}],"curies":[{"name":"wp","href":"https:\/\/api.w.org\/{rel}","templated":true}]}}