{"id":13,"date":"2021-03-23T07:21:25","date_gmt":"2021-03-23T07:21:25","guid":{"rendered":"http:\/\/blogs.sld.cu\/cuidadorquemado\/?page_id=13"},"modified":"2021-11-16T18:58:37","modified_gmt":"2021-11-16T18:58:37","slug":"causassintomas","status":"publish","type":"page","link":"https:\/\/blogs.sld.cu\/sindromecuidador\/causassintomas\/","title":{"rendered":"Causas\/S\u00edntomas"},"content":{"rendered":"<p><strong>Causas del s\u00edndrome del cuidador quemado<\/strong><\/p>\n<p><a href=\"http:\/\/blogs.sld.cu\/sindromecuidador\/files\/2021\/03\/caretaker0720.jpg\"><img loading=\"lazy\" class=\"alignnone wp-image-35 size-full\" title=\"Agobio del cuidador\" src=\"http:\/\/blogs.sld.cu\/sindromecuidador\/files\/2021\/03\/caretaker0720.jpg\" alt=\"\" width=\"740\" height=\"400\" srcset=\"https:\/\/blogs.sld.cu\/sindromecuidador\/files\/2021\/03\/caretaker0720.jpg 740w, https:\/\/blogs.sld.cu\/sindromecuidador\/files\/2021\/03\/caretaker0720-300x162.jpg 300w, https:\/\/blogs.sld.cu\/sindromecuidador\/files\/2021\/03\/caretaker0720-250x135.jpg 250w\" sizes=\"(max-width: 740px) 100vw, 740px\" \/><\/a><\/p>\n<p><span style=\"font-size: 10pt; font-family: verdana, geneva;\">\u00a0Como hemos mencionado, el cuidador se somete a una gran presi\u00f3n y ese cuidado constante de otra persona puede repercutir negativamente en el cuidado de s\u00ed misma. Las causas de ello pueden ser las siguientes.<\/span><\/p>\n<p><span style=\"font-size: 10pt; font-family: verdana, geneva;\"><strong>Mantenerse el d\u00eda entero en el rol de cuidador:<\/strong> a veces separar el rol de cuidador de las otras facetas de la persona puede resultar muy complicado. Al estar pendiente 24 horas de una sola persona, el cuidador no consigue desconectar y esto, y acaba por afectar a su vida social, trabajo y salud.<\/span><\/p>\n<p><span style=\"font-size: 10pt; font-family: verdana, geneva;\"><strong>Expectativas poco realistas:<\/strong> a veces las personas que se implican en este tipo de trabajos tienen la expectativa de que van a poder producir cambios r\u00e1pidos en la persona, sin embargo, esto no siempre es as\u00ed y ese resultado provoca una gran desilusi\u00f3n.<\/span><\/p>\n<p><span style=\"font-size: 10pt; font-family: verdana, geneva;\"><strong>Falta de control:<\/strong> a veces los cuidadores pueden sentirse frustrados por carecer de control sobre la situaci\u00f3n en la que trabajan con la persona: falta de recursos, tiempo, etc.<\/span><\/p>\n<p><span style=\"font-size: 10pt; font-family: verdana, geneva;\"><strong>Otros factores:<\/strong> muchas cuidadoras no saben identificar el punto en el que empiezan a sentirse quemadas, lo que puede provocar que tanto su salud como su trabajo se vayan deteriorando.<\/span><\/p>\n<p><span style=\"font-size: 10pt; font-family: verdana, geneva;\">Por otro lado, debemos tener en cuenta que los cuidadores de personas con demencia sufren del s\u00edndrome del cuidador con m\u00e1s frecuencia que otras, ya que debido a las particularidades de esta patolog\u00eda, el trato con personas que la padecen puede resultar m\u00e1s complicado y cansado.<\/span><\/p>\n<h3>S\u00edntomas<\/h3>\n<p><span style=\"font-size: 10pt; font-family: verdana, geneva;\">La persona que atiende puede verse tan agobiada por la situaci\u00f3n que descuide su propio persona emocional y f\u00edsicamente.y puede sufrir una serie de s\u00edntomas que le afecten a nivel f\u00edsico, emocional y social. Los que relacionamos a continuaci\u00f3n, son los m\u00e1s frecuentes:<\/span><\/p>\n<ul>\n<li><span style=\"font-size: 10pt; font-family: verdana, geneva;\">Agotamiento f\u00edsico y mental<\/span><\/li>\n<li><span style=\"font-size: 10pt; font-family: verdana, geneva;\">Tristeza e irritabilidad con cambios de humor repentinos<\/span><\/li>\n<li><span style=\"font-size: 10pt; font-family: verdana, geneva;\">Alcoholismo o adicci\u00f3n al tabaco<\/span><\/li>\n<li><span style=\"font-size: 10pt; font-family: verdana, geneva;\">Depresi\u00f3n y ansiedad<\/span><\/li>\n<li><span style=\"font-size: 10pt; font-family: verdana, geneva;\">Dolores de cabeza y en la espalda alta<\/span><\/li>\n<li><span style=\"font-size: 10pt; font-family: verdana, geneva;\">Trastornos del sue\u00f1o<\/span><\/li>\n<li><span style=\"font-size: 10pt; font-family: verdana, geneva;\">Alteraciones del apetito, descuido de la alimentaci\u00f3n<\/span><\/li>\n<li><span style=\"font-size: 10pt; font-family: verdana, geneva;\">Soledad y aislamiento social<\/span><\/li>\n<li><span style=\"font-size: 10pt; font-family: verdana, geneva;\">Problemas de memoria y atenci\u00f3n<\/span><\/li>\n<li><span style=\"font-size: 10pt; font-family: verdana, geneva;\">P\u00e9rdida de inter\u00e9s y motivaci\u00f3n general<\/span><\/li>\n<\/ul>\n<p><span style=\"font-size: 10pt; font-family: verdana, geneva;\">Adem\u00e1s de estos s\u00edntomas podemos encontrar otros como: falta de concentraci\u00f3n, olvido de citas, negligencias,<\/span><\/p>\n<h3>Fases del S\u00edndrome del cuidador<\/h3>\n<ol>\n<li><span style=\"font-size: 10pt; font-family: verdana, geneva;\"><strong>Fase del estr\u00e9s laboral:<\/strong> en esta primera fase, el cuidador realiza un sobreesfuerzo f\u00edsico y mental que le lleva al l\u00edmite. El agotamiento empieza a aparecer, as\u00ed como la irritabilidad y la ansiedad. Adem\u00e1s, se puede iniciar el abandono de la propia persona, descuidando la alimentaci\u00f3n y una vida saludable.<\/span><\/li>\n<li><span style=\"font-size: 10pt; font-family: verdana, geneva;\"><strong>Fase del estr\u00e9s afectivo:<\/strong> en esta fase, el cuidador se siente solo y puede aparecer la soledad y el aislamiento social.<\/span><\/li>\n<li><span style=\"font-size: 10pt; font-family: verdana, geneva;\"><strong>Fase de inadecuaci\u00f3n personal:<\/strong> en esta tercera fase, el cuidador empieza a notar de forma m\u00e1s palpable las consecuencias f\u00edsicas y ps\u00edquicas del sobreesfuerzo realizado. La depresi\u00f3n, trastornos del sue\u00f1o y la alimentaci\u00f3n.<\/span><\/li>\n<li><span style=\"font-size: 10pt; font-family: verdana, geneva;\"><strong>Fase de vac\u00edo personal:<\/strong> esta fase solo aparece en caso de fallecimiento de la persona atendida, en el llamado \u201cduelo del cuidador\u201d que desarrollaremos m\u00e1s adelante y que se caracteriza por el sentimiento de culpabilidad y la sensaci\u00f3n de vac\u00edo.<\/span><\/li>\n<\/ol>\n<p><span style=\"font-size: 10pt; font-family: verdana, geneva;\">\u00a0<\/span><\/p>\n<p><span style=\"font-size: 10pt; font-family: verdana, geneva;\">\u00a0<\/span><\/p>\n","protected":false},"excerpt":{"rendered":"<p>Causas del s\u00edndrome del cuidador quemado \u00a0Como hemos mencionado, el cuidador se somete a una gran presi\u00f3n y ese cuidado constante de otra persona puede repercutir negativamente en el cuidado de s\u00ed misma. Las causas de ello pueden ser las siguientes. Mantenerse el d\u00eda entero en el rol de cuidador: a veces separar el rol [&hellip;]<\/p>\n","protected":false},"author":208,"featured_media":0,"parent":0,"menu_order":0,"comment_status":"closed","ping_status":"open","template":"","meta":[],"_links":{"self":[{"href":"https:\/\/blogs.sld.cu\/sindromecuidador\/wp-json\/wp\/v2\/pages\/13"}],"collection":[{"href":"https:\/\/blogs.sld.cu\/sindromecuidador\/wp-json\/wp\/v2\/pages"}],"about":[{"href":"https:\/\/blogs.sld.cu\/sindromecuidador\/wp-json\/wp\/v2\/types\/page"}],"author":[{"embeddable":true,"href":"https:\/\/blogs.sld.cu\/sindromecuidador\/wp-json\/wp\/v2\/users\/208"}],"replies":[{"embeddable":true,"href":"https:\/\/blogs.sld.cu\/sindromecuidador\/wp-json\/wp\/v2\/comments?post=13"}],"version-history":[{"count":12,"href":"https:\/\/blogs.sld.cu\/sindromecuidador\/wp-json\/wp\/v2\/pages\/13\/revisions"}],"predecessor-version":[{"id":99,"href":"https:\/\/blogs.sld.cu\/sindromecuidador\/wp-json\/wp\/v2\/pages\/13\/revisions\/99"}],"wp:attachment":[{"href":"https:\/\/blogs.sld.cu\/sindromecuidador\/wp-json\/wp\/v2\/media?parent=13"}],"curies":[{"name":"wp","href":"https:\/\/api.w.org\/{rel}","templated":true}]}}