{"id":25,"date":"2021-03-23T07:38:50","date_gmt":"2021-03-23T07:38:50","guid":{"rendered":"http:\/\/blogs.sld.cu\/cuidadorquemado\/?page_id=25"},"modified":"2021-11-26T15:25:14","modified_gmt":"2021-11-26T15:25:14","slug":"consejos-utiles","status":"publish","type":"page","link":"https:\/\/blogs.sld.cu\/sindromecuidador\/consejos-utiles\/","title":{"rendered":"Consejos \u00fatiles"},"content":{"rendered":"<div class=\"xl-content__full-width-image\">\n<figure class=\"xl-content__full-width-image__figure\"><img class=\"xl-content__full-width-image__figure-image\" title=\"Consejos para familiares y cuidadores\" src=\"https:\/\/www.actuaconvelocidad.com\/themes\/custom\/acv\/img\/acv-despues-image8.jpg\" alt=\"Consejos para familiares y cuidadores\" \/><\/figure>\n<\/div>\n<h6><\/h6>\n<ul class=\"font-size-16 color-lightblack\">\n<li>\n<h3>Es importante:<\/h3>\n<\/li>\n<li>Conocer todo lo relativo a la enfermedad de la persona, para evitar falsas expectativas.<\/li>\n<li>Tener paciencia con todo lo que se intenta.<\/li>\n<li>Recuerde que el hecho de que una persona no pueda hablar, no significa que no pueda oir lo que se habla..<\/li>\n<li>Demuestre c\u00f3mo realizar una tarea.<\/li>\n<li>Repetici\u00f3n. Aunque ya haya hecho una acci\u00f3n 10 veces, ab\u00f3rdela como si fuera la primera vez.<\/li>\n<li>Paciencia al comunicarse. H\u00e1galo despacio, pronunciando con cuidado.<\/li>\n<li>Ac\u00e9rquese, establezca un contacto visual o t\u00e1ctil.<\/li>\n<li>No complete las frases de la otra persona, si no se lo piden.<\/li>\n<li>Cuando haga preguntas, es mejor evitar preguntas que se puedan responder con un S\u00cd o con un NO. SEA espec\u00edfico.<\/li>\n<li>Dele a la persona el tiempo necesario para responder.<\/li>\n<li>La m\u00f9sica siempre ayuda en el cuidado de los ni\u00f1os y adultos mayores, siempre que sea apropiada a los gustos de la persona que cuidamos y a un volumen tambien adecuado<\/li>\n<\/ul>\n","protected":false},"excerpt":{"rendered":"<p>Es importante: Conocer todo lo relativo a la enfermedad de la persona, para evitar falsas expectativas. Tener paciencia con todo lo que se intenta. Recuerde que el hecho de que una persona no pueda hablar, no significa que no pueda oir lo que se habla.. Demuestre c\u00f3mo realizar una tarea. Repetici\u00f3n. Aunque ya haya hecho [&hellip;]<\/p>\n","protected":false},"author":208,"featured_media":0,"parent":0,"menu_order":0,"comment_status":"open","ping_status":"open","template":"","meta":[],"_links":{"self":[{"href":"https:\/\/blogs.sld.cu\/sindromecuidador\/wp-json\/wp\/v2\/pages\/25"}],"collection":[{"href":"https:\/\/blogs.sld.cu\/sindromecuidador\/wp-json\/wp\/v2\/pages"}],"about":[{"href":"https:\/\/blogs.sld.cu\/sindromecuidador\/wp-json\/wp\/v2\/types\/page"}],"author":[{"embeddable":true,"href":"https:\/\/blogs.sld.cu\/sindromecuidador\/wp-json\/wp\/v2\/users\/208"}],"replies":[{"embeddable":true,"href":"https:\/\/blogs.sld.cu\/sindromecuidador\/wp-json\/wp\/v2\/comments?post=25"}],"version-history":[{"count":8,"href":"https:\/\/blogs.sld.cu\/sindromecuidador\/wp-json\/wp\/v2\/pages\/25\/revisions"}],"predecessor-version":[{"id":124,"href":"https:\/\/blogs.sld.cu\/sindromecuidador\/wp-json\/wp\/v2\/pages\/25\/revisions\/124"}],"wp:attachment":[{"href":"https:\/\/blogs.sld.cu\/sindromecuidador\/wp-json\/wp\/v2\/media?parent=25"}],"curies":[{"name":"wp","href":"https:\/\/api.w.org\/{rel}","templated":true}]}}