{"id":84,"date":"2021-11-15T18:25:05","date_gmt":"2021-11-15T18:25:05","guid":{"rendered":"https:\/\/blogs.sld.cu\/sindromecuidador\/?page_id=84"},"modified":"2021-11-26T15:22:17","modified_gmt":"2021-11-26T15:22:17","slug":"glosario","status":"publish","type":"page","link":"https:\/\/blogs.sld.cu\/sindromecuidador\/glosario\/","title":{"rendered":"Glosario"},"content":{"rendered":"<p>De t\u00e9rminos y personas que han trabajado en la enfermedad<\/p>\n<p><strong>Antidepresivos. <\/strong>Medicamentos que se utilizan para combatir la depresi\u00f2n<strong><br \/>\n<\/strong><\/p>\n<p>&nbsp;<\/p>\n<p><strong>Burn out Estar quemado. <\/strong><\/p>\n<p><strong><a href=\"http:\/\/blogs.sld.cu\/sindromecuidador\/files\/2021\/11\/Cristina-Malash.jpg\"><img loading=\"lazy\" class=\"alignnone size-full wp-image-85\" src=\"http:\/\/blogs.sld.cu\/sindromecuidador\/files\/2021\/11\/Cristina-Malash.jpg\" alt=\"Cristina Malash\" width=\"180\" height=\"180\" srcset=\"https:\/\/blogs.sld.cu\/sindromecuidador\/files\/2021\/11\/Cristina-Malash.jpg 180w, https:\/\/blogs.sld.cu\/sindromecuidador\/files\/2021\/11\/Cristina-Malash-150x150.jpg 150w\" sizes=\"(max-width: 180px) 100vw, 180px\" \/><\/a><\/strong><\/p>\n<p><strong>Cristina Malash. <\/strong>San Francisco, California, 21 de enero de 1946. 75 a\u00f1os, reconocida psic\u00f3loga estadounidense, estudiosa del s\u00edndrome de burn out.<\/p>\n<table style=\"height: 34px;\" width=\"5\">\n<tbody>\n<tr>\n<td><\/td>\n<td><\/td>\n<\/tr>\n<tr>\n<td><\/td>\n<td><\/td>\n<\/tr>\n<\/tbody>\n<\/table>\n<p>&nbsp;<\/p>\n<p><strong><a href=\"http:\/\/blogs.sld.cu\/sindromecuidador\/files\/2021\/11\/indice.jpg\"><img loading=\"lazy\" class=\"alignnone size-full wp-image-86\" src=\"http:\/\/blogs.sld.cu\/sindromecuidador\/files\/2021\/11\/indice.jpg\" alt=\"H-J-Freudenberger\" width=\"246\" height=\"204\" \/><\/a>Herbert J.Freudenberger Herbert J.Freudenberg<\/strong>, psic\u00f3logo estadounidense (Frankfurt<\/p>\n<p>am Main 1927 &#8211; New York, 1999). Quien fue uno de los<\/p>\n<p>primeros en describir los s\u00edntomas de agotamiento<\/p>\n<p>profesional y llevar a cabo un amplio estudio sobre el<\/p>\n<p>\u201c<em>Burnout<\/em>\u201d.<\/p>\n<p>. En 1980, public\u00f3 un libro que trata con el desgaste. Y que es referencia obligada para los que estudien el tema. E Fue Reconocido por la Asociaci\u00f3n americana de psic\u00f3logos<\/p>\n<p><strong>\u00a0<\/strong><\/p>\n<p><strong>\u00a0<\/strong><\/p>\n<p><strong>\u00a0<\/strong><\/p>\n","protected":false},"excerpt":{"rendered":"<p>De t\u00e9rminos y personas que han trabajado en la enfermedad Antidepresivos. Medicamentos que se utilizan para combatir la depresi\u00f2n &nbsp; Burn out Estar quemado. Cristina Malash. San Francisco, California, 21 de enero de 1946. 75 a\u00f1os, reconocida psic\u00f3loga estadounidense, estudiosa del s\u00edndrome de burn out. &nbsp; Herbert J.Freudenberger Herbert J.Freudenberg, psic\u00f3logo estadounidense (Frankfurt am Main [&hellip;]<\/p>\n","protected":false},"author":208,"featured_media":0,"parent":0,"menu_order":0,"comment_status":"closed","ping_status":"closed","template":"","meta":[],"_links":{"self":[{"href":"https:\/\/blogs.sld.cu\/sindromecuidador\/wp-json\/wp\/v2\/pages\/84"}],"collection":[{"href":"https:\/\/blogs.sld.cu\/sindromecuidador\/wp-json\/wp\/v2\/pages"}],"about":[{"href":"https:\/\/blogs.sld.cu\/sindromecuidador\/wp-json\/wp\/v2\/types\/page"}],"author":[{"embeddable":true,"href":"https:\/\/blogs.sld.cu\/sindromecuidador\/wp-json\/wp\/v2\/users\/208"}],"replies":[{"embeddable":true,"href":"https:\/\/blogs.sld.cu\/sindromecuidador\/wp-json\/wp\/v2\/comments?post=84"}],"version-history":[{"count":7,"href":"https:\/\/blogs.sld.cu\/sindromecuidador\/wp-json\/wp\/v2\/pages\/84\/revisions"}],"predecessor-version":[{"id":132,"href":"https:\/\/blogs.sld.cu\/sindromecuidador\/wp-json\/wp\/v2\/pages\/84\/revisions\/132"}],"wp:attachment":[{"href":"https:\/\/blogs.sld.cu\/sindromecuidador\/wp-json\/wp\/v2\/media?parent=84"}],"curies":[{"name":"wp","href":"https:\/\/api.w.org\/{rel}","templated":true}]}}