{"id":9,"date":"2021-03-23T07:18:10","date_gmt":"2021-03-23T07:18:10","guid":{"rendered":"http:\/\/blogs.sld.cu\/cuidadorquemado\/?page_id=9"},"modified":"2021-11-26T15:12:20","modified_gmt":"2021-11-26T15:12:20","slug":"acerca-de","status":"publish","type":"page","link":"https:\/\/blogs.sld.cu\/sindromecuidador\/acerca-de\/","title":{"rendered":"Acerca de"},"content":{"rendered":"<p><span style=\"font-size: 10pt; font-family: verdana, geneva;\"><a href=\"http:\/\/blogs.sld.cu\/sindromecuidador\/files\/2021\/11\/cuidadorfeliz.jpg\"><img loading=\"lazy\" class=\"alignnone wp-image-76 \" src=\"http:\/\/blogs.sld.cu\/sindromecuidador\/files\/2021\/11\/cuidadorfeliz.jpg\" alt=\"Casas de abuelos en Cubaajo.\" width=\"357\" height=\"200\" srcset=\"https:\/\/blogs.sld.cu\/sindromecuidador\/files\/2021\/11\/cuidadorfeliz.jpg 300w, https:\/\/blogs.sld.cu\/sindromecuidador\/files\/2021\/11\/cuidadorfeliz-250x140.jpg 250w\" sizes=\"(max-width: 357px) 100vw, 357px\" \/><\/a><\/span><\/p>\n<p><span style=\"font-size: 10pt; font-family: verdana, geneva;\">Cuidar y ser cuidado, lo hacemos todos a lo largo de nuestras vidas, primero cuidamos a los hijos o sobrinos, es decir a los peque\u00f1os, de la casa, despu\u00e9s, cuidamos a nuestros mayores, y a veces, tenemos que ser cuidados en diversas circunstancias,a veces\u00a0 en situaciones temporales y en otras situaciones por tiempos m\u00e1s largos. A cuidar no se ense\u00f1a, pero hay aspectos que se deben aprender para facilitar la vida del cuidador y el bienestar del cuidado. <\/span><\/p>\n<p><span style=\"font-size: 10pt; font-family: verdana, geneva;\">En este sitio, esta concebido para orientar a los cuidadores no profesionales para evitar el agobio y el estr\u00e9s que puede conducir a esta enfermedad. <\/span><\/p>\n<p><span style=\"font-size: 10pt; font-family: verdana, geneva;\">En nuestro pais, la mayor ayor parte de las veces conviven en la misma casa varias generaciones,\u00a0 lo que trae aparejado el cuidado de\u00a0 y las personas ancianas,\u00a0 a veces con con discapacidades, y que esta sea asumida por una hija, una hermana o sobrina, casi siempre una mujer, aunque cada d\u00eda hay m\u00e1s hombres, que asumen el cuidado de la madre o padre enfermos. Otras veces se recurre a la contrataci\u00f3n de profesionales u otras personas que asumen el cuidado de parte del d\u00eda. La atenci\u00f3n de personas mayores y dependientes no es f\u00e1cil. Requiere de mucha dedicaci\u00f3n y amor y supone la creaci\u00f3n de v\u00ednculos emocionales con una persona que est\u00e1 en las \u00faltimas d\u00e9cadas de vida o con una enfermedad discapacitante que le impide comunicarse de forma adecuada. Por esta raz\u00f3n no es raro que las personas que se dedican a este tipo de atenci\u00f3n, ya sean cuidadores profesionales o familiares, sufran el denominado<strong> s\u00edndrome del cuidador o s\u00edndrome de Burn out,<\/strong> lo que se traduce como &#8220;estar quemado&#8221;.\u00a0 y nuestro principal objetivo es ayudarles a<\/span>conocer el problema que presentan, para que les sea m\u00e1s f\u00e1cil buscar ayuda y entender lo que les est\u00e1 pasando y que la familia tambi\u00e9n coopere.<\/p>\n<p>&nbsp;<\/p>\n","protected":false},"excerpt":{"rendered":"<p>Cuidar y ser cuidado, lo hacemos todos a lo largo de nuestras vidas, primero cuidamos a los hijos o sobrinos, es decir a los peque\u00f1os, de la casa, despu\u00e9s, cuidamos a nuestros mayores, y a veces, tenemos que ser cuidados en diversas circunstancias,a veces\u00a0 en situaciones temporales y en otras situaciones por tiempos m\u00e1s largos. [&hellip;]<\/p>\n","protected":false},"author":208,"featured_media":0,"parent":0,"menu_order":0,"comment_status":"closed","ping_status":"open","template":"","meta":[],"_links":{"self":[{"href":"https:\/\/blogs.sld.cu\/sindromecuidador\/wp-json\/wp\/v2\/pages\/9"}],"collection":[{"href":"https:\/\/blogs.sld.cu\/sindromecuidador\/wp-json\/wp\/v2\/pages"}],"about":[{"href":"https:\/\/blogs.sld.cu\/sindromecuidador\/wp-json\/wp\/v2\/types\/page"}],"author":[{"embeddable":true,"href":"https:\/\/blogs.sld.cu\/sindromecuidador\/wp-json\/wp\/v2\/users\/208"}],"replies":[{"embeddable":true,"href":"https:\/\/blogs.sld.cu\/sindromecuidador\/wp-json\/wp\/v2\/comments?post=9"}],"version-history":[{"count":14,"href":"https:\/\/blogs.sld.cu\/sindromecuidador\/wp-json\/wp\/v2\/pages\/9\/revisions"}],"predecessor-version":[{"id":130,"href":"https:\/\/blogs.sld.cu\/sindromecuidador\/wp-json\/wp\/v2\/pages\/9\/revisions\/130"}],"wp:attachment":[{"href":"https:\/\/blogs.sld.cu\/sindromecuidador\/wp-json\/wp\/v2\/media?parent=9"}],"curies":[{"name":"wp","href":"https:\/\/api.w.org\/{rel}","templated":true}]}}