{"id":13,"date":"2020-02-26T05:22:32","date_gmt":"2020-02-26T05:22:32","guid":{"rendered":"http:\/\/blogs.sld.cu\/sindromedeguillainbarre\/?page_id=13"},"modified":"2020-11-16T14:49:07","modified_gmt":"2020-11-16T14:49:07","slug":"guillain-barre","status":"publish","type":"page","link":"https:\/\/blogs.sld.cu\/sindromedeguillainbarre\/guillain-barre\/","title":{"rendered":"Guillain-Barr\u00e9\/Tipos"},"content":{"rendered":"<p><span style=\"font-size: 12pt\">Las estructuras corporales afectadas en esta enfermedad, son los nervios perif\u00e9ricos. <\/span><\/p>\n<p><span style=\"font-size: 12pt\">Un conocimiento importante para comprender el S\u00edndrome de Guillain Barr\u00e9, es que las c\u00e9lulas del sistema nervioso, las neuronas, tienen un cuerpo y prolongaciones. Otro tipo de c\u00e9lulas que acompa\u00f1a a las neuronas en el tejido nervioso, son las neuroglias, que constituyen varios tipos de c\u00e9lulas que participan en la nutrici\u00f3n, la defensa y la formaci\u00f3n de mielina, en el sistema nervioso central y en el perif\u00e9rico.\u00a0 Los axones son las prolongaciones neuronales m\u00e1s largas que conducen los impulsos nerviosos y en el sistema nervioso perif\u00e9rico, se rodean de c\u00e9lulas de la neuroglia perif\u00e9rica, denominadas c\u00e9lulas de Schawnn, que le forman una vaina de mielina, que es un elemento aislante que protege a los axones y que hace que los impulsos nerviosos se propaguen m\u00e1s r\u00e1pido. Los grupos de axones rodeados de mielina constituyen los nervios perif\u00e9ricos, afectados en esta enfermedad.<br \/>\n<\/span><\/p>\n<p><span style=\"font-size: 12pt\"><a href=\"http:\/\/blogs.sld.cu\/sindromedeguillainbarre\/files\/2020\/02\/nrurona.jpg\"><img loading=\"lazy\" class=\"alignnone wp-image-110 size-large\" src=\"http:\/\/blogs.sld.cu\/sindromedeguillainbarre\/files\/2020\/02\/nrurona-1024x555.jpg\" alt=\"nrurona\" width=\"480\" height=\"260\" srcset=\"https:\/\/blogs.sld.cu\/sindromedeguillainbarre\/files\/2020\/02\/nrurona-1024x555.jpg 1024w, https:\/\/blogs.sld.cu\/sindromedeguillainbarre\/files\/2020\/02\/nrurona-300x163.jpg 300w, https:\/\/blogs.sld.cu\/sindromedeguillainbarre\/files\/2020\/02\/nrurona-250x135.jpg 250w, https:\/\/blogs.sld.cu\/sindromedeguillainbarre\/files\/2020\/02\/nrurona.jpg 1248w\" sizes=\"(max-width: 480px) 100vw, 480px\" \/><\/a><\/span><\/p>\n<p><span style=\"font-size: 12pt\">El s\u00edndrome de Guillain Barr\u00e9 (SGB) es un trastorno poco frecuente en el cual el sistema inmune del cuerpo ataca los nervios y destruye la mielina, por eso se dice que es una enfermedad desmielinizante y autoinmune. Tambi\u00e9n en formas graves puede ser atacado el ax\u00f3n. <\/span><\/p>\n<p><span style=\"font-size: 12pt\"><a href=\"http:\/\/blogs.sld.cu\/sindromedeguillainbarre\/files\/2020\/02\/sgbnervios-e1604966404409.jpg\"><img loading=\"lazy\" class=\" size-full wp-image-190 alignleft\" src=\"http:\/\/blogs.sld.cu\/sindromedeguillainbarre\/files\/2020\/02\/sgbnervios-e1604966404409.jpg\" alt=\"sgbnervios\" width=\"230\" height=\"219\" \/><\/a> Nervio sano. Se ve el ax\u00f3n, y las capas de mielina que lo rodean.<br \/>\n<\/span><\/p>\n<p><span style=\"font-size: 12pt\">Nervio da\u00f1ado. Se destruye la mielina y en otras varientes graves de la enfermedad se puede afectar el ax\u00f3n.<\/span><\/p>\n<p><span style=\"font-size: 12pt\">\u00a0<\/span><\/p>\n<p><span style=\"font-size: 8pt\">Imagen S\u00edndrome de Guillain Barr\u00e9 de la\u00a0 Cl\u00ednica Mayo<\/span><\/p>\n<p><span style=\"font-size: 12pt\">El SGB, es una neuropat\u00eda adquirida, perif\u00e9rica, aguda y es la causa m\u00e1s frecuente de par\u00e1lisis en Cuba. Los s\u00edntomas m\u00e1s comunes son motores y se expresa con debilidad muscular progresiva, arreflexia osteotendinosa y anomalias en el l\u00edquido cefalorraquideo.<\/span><\/p>\n<h3><span style=\"font-size: 12pt\"><a title=\"Tipos\" href=\"http:\/\/blogs.sld.cu\/sindromedeguillainbarre\/tipos\/\">Tipos o Formas cl\u00ednicas<\/a><br \/>\n<\/span><\/h3>\n","protected":false},"excerpt":{"rendered":"<p>Las estructuras corporales afectadas en esta enfermedad, son los nervios perif\u00e9ricos. Un conocimiento importante para comprender el S\u00edndrome de Guillain Barr\u00e9, es que las c\u00e9lulas del sistema nervioso, las neuronas, tienen un cuerpo y prolongaciones. Otro tipo de c\u00e9lulas que acompa\u00f1a a las neuronas en el tejido nervioso, son las neuroglias, que constituyen varios tipos [&hellip;]<\/p>\n","protected":false},"author":208,"featured_media":0,"parent":0,"menu_order":0,"comment_status":"closed","ping_status":"closed","template":"","meta":[],"_links":{"self":[{"href":"https:\/\/blogs.sld.cu\/sindromedeguillainbarre\/wp-json\/wp\/v2\/pages\/13"}],"collection":[{"href":"https:\/\/blogs.sld.cu\/sindromedeguillainbarre\/wp-json\/wp\/v2\/pages"}],"about":[{"href":"https:\/\/blogs.sld.cu\/sindromedeguillainbarre\/wp-json\/wp\/v2\/types\/page"}],"author":[{"embeddable":true,"href":"https:\/\/blogs.sld.cu\/sindromedeguillainbarre\/wp-json\/wp\/v2\/users\/208"}],"replies":[{"embeddable":true,"href":"https:\/\/blogs.sld.cu\/sindromedeguillainbarre\/wp-json\/wp\/v2\/comments?post=13"}],"version-history":[{"count":17,"href":"https:\/\/blogs.sld.cu\/sindromedeguillainbarre\/wp-json\/wp\/v2\/pages\/13\/revisions"}],"predecessor-version":[{"id":234,"href":"https:\/\/blogs.sld.cu\/sindromedeguillainbarre\/wp-json\/wp\/v2\/pages\/13\/revisions\/234"}],"wp:attachment":[{"href":"https:\/\/blogs.sld.cu\/sindromedeguillainbarre\/wp-json\/wp\/v2\/media?parent=13"}],"curies":[{"name":"wp","href":"https:\/\/api.w.org\/{rel}","templated":true}]}}