{"id":16,"date":"2020-02-26T05:33:44","date_gmt":"2020-02-26T05:33:44","guid":{"rendered":"http:\/\/blogs.sld.cu\/sindromedeguillainbarre\/?page_id=16"},"modified":"2020-11-19T11:36:23","modified_gmt":"2020-11-19T11:36:23","slug":"glosario","status":"publish","type":"page","link":"https:\/\/blogs.sld.cu\/sindromedeguillainbarre\/glosario\/","title":{"rendered":"Glosario"},"content":{"rendered":"<p><span style=\"font-size: 12pt\">Palabras\u00a0relacionadas con la enfermedad o con la medicina en general<\/span><\/p>\n<p><span style=\"font-size: 12pt\"><a href=\"http:\/\/glosario.sld.cu\/multilingue\/\" target=\"_blank\">Glosario Multiling\u00fce de t\u00e9rminos m\u00e9dicos<\/a><\/span><\/p>\n<p><span style=\"font-size: 12pt\"><strong>T\u00e9rminos relacionados con el S\u00edndrome de Guilla\u00edn -Barr\u00e9<\/strong><\/span><\/p>\n<p><span style=\"font-size: 12pt\"><strong>Arbovirus: <\/strong>son de forma esf\u00e9rica, algunos tienen forma de bast\u00f3n. Su tama\u00f1o var\u00eda entre 17-150 nm y todos tienen un genoma de ARN. Estos son virus que normalmente no infectan a los humanos, y cuando lo hacen, usualmente causan una infecci\u00f3n leve, con fiebre o rash.<\/span><\/p>\n<p><span style=\"font-size: 12pt\"><strong>Arreflexia<\/strong> es una situaci\u00f3n cl\u00ednica en la cual no se produce ning\u00fan tipo de respuesta cuando se estimulan los reflejos osteotendinosos. Pero cuando estos reflejos se alteran, se podr\u00e1 manifestar en arreflexia, hiporreflexia e hiperreflexia.<\/span><\/p>\n<p><span style=\"font-size: 12pt\"><strong>Campylobacter jejuni<\/strong> Es una bacteria que causa infecci\u00f3n en el intestino delgado Es un tipo de intoxicaci\u00f3n por alimentos.<\/span><\/p>\n<p><span style=\"font-size: 12pt\"><strong>Cytomegalovirus<\/strong> \u00a0La infecci\u00f3n por citomegalovirus es una infecci\u00f3n frecuente por un virus herpes que presenta una gran variedad de s\u00edntomas: desde una evoluci\u00f3n asintom\u00e1tica hasta la aparici\u00f3n de fiebre y fatiga (similar a la mononucleosis infecciosa) o s\u00edntomas graves con afectaci\u00f3n de los ojos, el enc\u00e9falo u otros \u00f3rganos internos.<\/span><\/p>\n<p><span style=\"font-size: 12pt\"><strong>Conectivopat\u00edas:<\/strong> Tambi\u00e9n llamadas colagenosis, enfermedades del col\u00e1geno o enfermedades difusas del tejido conectivo&#8230;<\/span><\/p>\n<p><span style=\"font-size: 12pt\"><strong>Desmielinizante:<\/strong> P\u00e9rdida de la mielina en los nervios.<\/span><\/p>\n<p><span style=\"font-size: 12pt\"><strong>Herpes simple:<\/strong> \u00a0es una infecci\u00f3n causada por un virus herpes simple (VHS). El herpes bucal provoca llagas alrededor de la boca o en el rostro. El herpes genital es una enfermedad de transmisi\u00f3n sexual (ETS). Puede afectar los genitales, las nalgas o el \u00e1rea del ano.3<\/span><\/p>\n<p><span style=\"font-size: 12pt\"><strong>Mycoplasma pneumoniae:<\/strong> Es una bacteria que causa neumon\u00eda<\/span><\/p>\n<p><span style=\"font-size: 12pt\"><strong>Neuronas: <\/strong>C\u00e9lulas altamente especializadas presentes en el tejido nervioso, que presentan un cuerpo del que parten dos tipos de prolongaciones: dendritas y ax\u00f3n\u00a0<strong><br \/>\n<\/strong><\/span><\/p>\n<p><span style=\"font-size: 12pt\"><strong>Neuroglias: <\/strong>Nombre gen\u00e9rico de diferentes tipos de c\u00e9lulas (Ej. astrocitos, oligodendrocitos, microglia, c\u00e9lulas de Schwann) que tienen diversas funciones, con relaci\u00f3n a las neuronas:nutrici\u00f3n, defensa y formaci\u00f3n de mielina en el sistema nervioso perif\u00e9rico y central.<strong><br \/>\n<\/strong><\/span><\/p>\n<p><span style=\"font-size: 12pt\"><strong>Parestesia \u00a0<\/strong>es un trastorno de la sensibilidad de tipo irritativo que se manifiesta con sensaciones anormales sin est\u00edmulo previo, como el hormigueo. Esta sensaci\u00f3n suele darse en los brazos, manos, dedos, piernas y pies, aunque puede ocurrir en cualquier parte del cuerpo.<\/span><\/p>\n<p><span style=\"font-size: 12pt\"><strong>Polineuropat\u00eda:<\/strong> es un subgrupo de des\u00f3rdenes de nervios perif\u00e9ricos que es t\u00edpicamente caracterizado por ser un proceso sim\u00e9trico y diseminado, habitualmente distal y gradual, que puede presentar p\u00e9rdida sensitiva, debilidad muscular o una combinaci\u00f3n de ambas.<\/span><\/p>\n<p><span style=\"font-size: 12pt\"><strong>Polirradiculoneuropat\u00eda:<\/strong>\u00a0 Desmielinizante Inflamatoria Cr\u00f3nica (PDIC) es un desorden adquirido de los nervios perif\u00e9ricos y las ra\u00edces nerviosas<\/span><\/p>\n<p><span style=\"font-size: 12pt\"><strong>Virus de Epstein Barr:<\/strong> Es el virus causante de la mononucleosis infecciosa<\/span><\/p>\n<p><span style=\"font-size: 12pt\"><strong>Virus del Dengue:<\/strong>\u00a0 tipo de arbovirus que causa el dengue<\/span><\/p>\n<p><span style=\"font-size: 12pt\"><strong>Virus de la Hepatitis:<\/strong>\u00a0 son la causa m\u00e1s frecuente de las hepatitis, que tambi\u00e9n pueden deberse a otras infecciones, sustancias t\u00f3xicas (por ejemplo, el alcohol o determinadas drogas) o enfermedades autoinmunitarias. La hepatitis A y la E son causadas generalmente por la ingesti\u00f3n de agua o alimentos contaminados.<\/span><\/p>\n","protected":false},"excerpt":{"rendered":"<p>Palabras\u00a0relacionadas con la enfermedad o con la medicina en general Glosario Multiling\u00fce de t\u00e9rminos m\u00e9dicos T\u00e9rminos relacionados con el S\u00edndrome de Guilla\u00edn -Barr\u00e9 Arbovirus: son de forma esf\u00e9rica, algunos tienen forma de bast\u00f3n. Su tama\u00f1o var\u00eda entre 17-150 nm y todos tienen un genoma de ARN. Estos son virus que normalmente no infectan a los [&hellip;]<\/p>\n","protected":false},"author":208,"featured_media":0,"parent":0,"menu_order":0,"comment_status":"closed","ping_status":"open","template":"","meta":[],"_links":{"self":[{"href":"https:\/\/blogs.sld.cu\/sindromedeguillainbarre\/wp-json\/wp\/v2\/pages\/16"}],"collection":[{"href":"https:\/\/blogs.sld.cu\/sindromedeguillainbarre\/wp-json\/wp\/v2\/pages"}],"about":[{"href":"https:\/\/blogs.sld.cu\/sindromedeguillainbarre\/wp-json\/wp\/v2\/types\/page"}],"author":[{"embeddable":true,"href":"https:\/\/blogs.sld.cu\/sindromedeguillainbarre\/wp-json\/wp\/v2\/users\/208"}],"replies":[{"embeddable":true,"href":"https:\/\/blogs.sld.cu\/sindromedeguillainbarre\/wp-json\/wp\/v2\/comments?post=16"}],"version-history":[{"count":12,"href":"https:\/\/blogs.sld.cu\/sindromedeguillainbarre\/wp-json\/wp\/v2\/pages\/16\/revisions"}],"predecessor-version":[{"id":245,"href":"https:\/\/blogs.sld.cu\/sindromedeguillainbarre\/wp-json\/wp\/v2\/pages\/16\/revisions\/245"}],"wp:attachment":[{"href":"https:\/\/blogs.sld.cu\/sindromedeguillainbarre\/wp-json\/wp\/v2\/media?parent=16"}],"curies":[{"name":"wp","href":"https:\/\/api.w.org\/{rel}","templated":true}]}}