{"id":29,"date":"2020-02-26T06:04:48","date_gmt":"2020-02-26T06:04:48","guid":{"rendered":"http:\/\/blogs.sld.cu\/sindromedeguillainbarre\/?page_id=29"},"modified":"2020-12-12T03:43:54","modified_gmt":"2020-12-12T03:43:54","slug":"factores-de-riesgo","status":"publish","type":"page","link":"https:\/\/blogs.sld.cu\/sindromedeguillainbarre\/factores-de-riesgo\/","title":{"rendered":"Diagn\u00f3stico\/Tratamiento"},"content":{"rendered":"<p><span style=\"font-size: 12pt\"><strong>\u00bfC\u00f3mo diagnosticar el s\u00edndrome de Guillain-Barr\u00e9? <\/strong><\/span><\/p>\n<p><span style=\"font-size: 12pt\">Identificar con claridad el inicio de esta enfermedad es algo dificil. Cuando la persona presenta los s\u00edntomas, por lo general, recurre al m\u00e9dico.<\/span><\/p>\n<p><span style=\"font-size: 12pt\">Para el diagn\u00f3stico se necesita: realizar la historia cl\u00ednica del paciente y el examen f\u00edsico riguroso.<\/span><\/p>\n<p><span style=\"font-size: 12pt\">Tambi\u00e9n otros estudios como:<\/span><\/p>\n<ul>\n<li><span style=\"font-size: 12pt\"><strong>Punci\u00f3n Lumbar: <\/strong><\/span><\/li>\n<\/ul>\n<p><span style=\"font-size: 12pt\">Se extrae una peque\u00f1a muestra del L\u00edquido Cefalorraqu\u00eddeo de la M\u00e9dula Espinal, para corroborar su estado.<\/span><\/p>\n<ul>\n<li><span style=\"font-size: 12pt\"><strong>Estudio de conducci\u00f3n el\u00e9ctrica con electrodos: <\/strong><\/span><\/li>\n<\/ul>\n<p><span style=\"font-size: 12pt\">Mediante una peque\u00f1a descarga el\u00e9ctrica se mide la capacidad neuronal de conducir los impulsos nerviosos.<\/span><\/p>\n<p><span style=\"font-size: 12pt\">En el SGB, esto falla, pues la conducci\u00f3n es lenta o inexistente.<\/span><\/p>\n<ul>\n<li><span style=\"font-size: 12pt\"><strong>Electromiograf\u00eda:<\/strong><\/span><\/li>\n<\/ul>\n<p><span style=\"font-size: 12pt\">Es un estudio de la capacidad muscular.<\/span><\/p>\n<h2><span style=\"font-size: 12pt\"><strong>Tratamiento<\/strong><\/span><\/h2>\n<p><span style=\"font-size: 12pt\">El SGB es una enfermedad que est\u00e1 estudi\u00e1ndose desde largo tiempo, es por ello, que se ha establecido un excelente tratamiento con f\u00e1rmacos.<\/span><\/p>\n<p><span style=\"font-size: 12pt\">Este tratamiento farmacol\u00f3gico y cl\u00ednico, debe ser acompa\u00f1ado con la fisioterapia <strong><br \/>\n<\/strong><\/span><\/p>\n<ul>\n<li><span style=\"font-size: 12pt\"><strong>Gammaglobulina hiperinmune: 400 mg\/kg\/d\u00eda x 5 d EV<\/strong><strong> <strong>lento<\/strong><\/strong><\/span><\/li>\n<li><span style=\"font-size: 12pt\"><strong><strong>Plasmaf\u00e9resis (alternativa). <\/strong><\/strong>Este tratamiento se basa en extraer sangre y separar sus componentes. Luego, el plasma (sustancia l\u00edquida), es separada de los gl\u00f3bulos, de forma que, al reingresar la sangre, ser\u00e1 sin esta sustancia. De esta forma, se reduce la producci\u00f3n de los agentes codificados para destruir la vaina de mielina o el ax\u00f3n de las neuronas<\/span><\/li>\n<li><span style=\"font-size: 12pt\"><strong>Esteroides por v\u00eda intratecal: Betametasona (\u00e1mp 4 mg)<\/strong> <strong>2 \u00e1mp. d\u00edas alternos, 5 sesiones<\/strong><\/span><\/li>\n<li><span style=\"font-size: 12pt\">\u00a0 <strong>Vitaminoterapia del complejo B (neuroprotectores)<\/strong><\/span><\/li>\n<\/ul>\n<p><span style=\"font-size: 12pt\"><strong>\u00a1Todo lo anterior, acompa\u00f1ado de Fisioterapia de Rehabilitaci\u00f3n ! <\/strong><\/span><\/p>\n<p><span style=\"font-size: 12pt\">Es muy necesaria en esta situaci\u00f3n, porque va a ayudar al cuerpo a superar progresivamente las secuelas de Guillain-Barr\u00e9.<\/span><\/p>\n<p><span style=\"font-size: 12pt\">Con masajes y ejercicios de muy poca intensidad, la persona puede ir recuperando un poco la sensibilidad y la capacidad de ejecuci\u00f3n de movimientos.<\/span><\/p>\n<p><span style=\"font-size: 12pt\">Hay personas que llevan una vida normal con SGB, incluso avanzan en las terapias tanto, que llegan hasta conducir y cocinar.<\/span><\/p>\n<p><span style=\"font-size: 12pt\">La clave para todo lo anterior, es la fuerza de voluntad que tenga el paciente en recuperarse.<\/span><\/p>\n<p><span style=\"font-size: 12pt\">La prevenci\u00f3n del\u00a0 S\u00edndrome de Guilla\u00edn-Barr\u00e9 al tener su origen en una infecci\u00f3n viral o bacteriana previa se deben tener las mismas acciones preventivas que en otras enfermedades de tipo infeccioso.<\/span><\/p>\n<p><span style=\"font-size: 12pt\">El lavado de las manos con agua y jab\u00f3n antes y despu\u00e9s de comer. Consumir alimentos bien cocidos. Cubrirse boca y nariz con el \u00e1ngulo interno del brazo o con ayuda de un pa\u00f1uelo desechable y nunca con la mano.<\/span><\/p>\n<h3><span style=\"font-size: 12pt\">\u00a0<\/span><\/h3>\n","protected":false},"excerpt":{"rendered":"<p>\u00bfC\u00f3mo diagnosticar el s\u00edndrome de Guillain-Barr\u00e9? Identificar con claridad el inicio de esta enfermedad es algo dificil. Cuando la persona presenta los s\u00edntomas, por lo general, recurre al m\u00e9dico. Para el diagn\u00f3stico se necesita: realizar la historia cl\u00ednica del paciente y el examen f\u00edsico riguroso. Tambi\u00e9n otros estudios como: Punci\u00f3n Lumbar: Se extrae una peque\u00f1a [&hellip;]<\/p>\n","protected":false},"author":208,"featured_media":0,"parent":0,"menu_order":0,"comment_status":"closed","ping_status":"open","template":"","meta":[],"_links":{"self":[{"href":"https:\/\/blogs.sld.cu\/sindromedeguillainbarre\/wp-json\/wp\/v2\/pages\/29"}],"collection":[{"href":"https:\/\/blogs.sld.cu\/sindromedeguillainbarre\/wp-json\/wp\/v2\/pages"}],"about":[{"href":"https:\/\/blogs.sld.cu\/sindromedeguillainbarre\/wp-json\/wp\/v2\/types\/page"}],"author":[{"embeddable":true,"href":"https:\/\/blogs.sld.cu\/sindromedeguillainbarre\/wp-json\/wp\/v2\/users\/208"}],"replies":[{"embeddable":true,"href":"https:\/\/blogs.sld.cu\/sindromedeguillainbarre\/wp-json\/wp\/v2\/comments?post=29"}],"version-history":[{"count":22,"href":"https:\/\/blogs.sld.cu\/sindromedeguillainbarre\/wp-json\/wp\/v2\/pages\/29\/revisions"}],"predecessor-version":[{"id":231,"href":"https:\/\/blogs.sld.cu\/sindromedeguillainbarre\/wp-json\/wp\/v2\/pages\/29\/revisions\/231"}],"wp:attachment":[{"href":"https:\/\/blogs.sld.cu\/sindromedeguillainbarre\/wp-json\/wp\/v2\/media?parent=29"}],"curies":[{"name":"wp","href":"https:\/\/api.w.org\/{rel}","templated":true}]}}