{"id":92,"date":"2020-10-05T23:01:46","date_gmt":"2020-10-05T23:01:46","guid":{"rendered":"http:\/\/blogs.sld.cu\/sindromedeguillainbarre\/?page_id=92"},"modified":"2020-12-04T04:53:21","modified_gmt":"2020-12-04T04:53:21","slug":"92-2","status":"publish","type":"page","link":"https:\/\/blogs.sld.cu\/sindromedeguillainbarre\/","title":{"rendered":""},"content":{"rendered":"<div id='1' class='widgets_on_page wop_tiny1  wop_small1  wop_medium1  wop_large1  wop_wide1'>\n\t\t\t<ul><li id=\"meteor-slides-widget-2\" class=\"widget widget_meteor-slides-widget\">\t\r\n\t\t\r\n\t<div id=\"meteor-slideshowpromo\" class=\"meteor-slides promo navpaged { next: '#meteor-nextpromo', prev: '#meteor-prevpromo', pager: '#meteor-buttonspromo' }\">\r\n\t\r\n\t\t\t\r\n\t\t\t\r\n\t\t\t<div id=\"meteor-buttonspromo\" class=\"meteor-buttons\"><\/div>\r\n\t\t\t\r\n\t\t\t\t\r\n\t\t\t\r\n\t\t<div class=\"meteor-clip\">\r\n\t\r\n\t\t\t\t\r\n\t\t\t<img style=\"visibility: hidden;\" class=\"meteor-shim\" src=\"https:\/\/blogs.sld.cu\/sindromedeguillainbarre\/files\/2020\/11\/TW2T2DQK45H3RCQIHF5W3Q2FS4-750x350.jpg\" alt=\"\" \/>\r\n\t\t\t<div class=\"mslide mslide-1\">\r\n\t\t\t\t\r\n\t\t\t\t\t\t\t\t\t\r\n\t\t\t\t\t<img width=\"750\" height=\"350\" src=\"https:\/\/blogs.sld.cu\/sindromedeguillainbarre\/files\/2020\/11\/TW2T2DQK45H3RCQIHF5W3Q2FS4-750x350.jpg\" class=\"attachment-featured-slide size-featured-slide wp-post-image\" alt=\"\" loading=\"lazy\" title=\"\" srcset=\"https:\/\/blogs.sld.cu\/sindromedeguillainbarre\/files\/2020\/11\/TW2T2DQK45H3RCQIHF5W3Q2FS4.jpg 750w, https:\/\/blogs.sld.cu\/sindromedeguillainbarre\/files\/2020\/11\/TW2T2DQK45H3RCQIHF5W3Q2FS4-300x140.jpg 300w, https:\/\/blogs.sld.cu\/sindromedeguillainbarre\/files\/2020\/11\/TW2T2DQK45H3RCQIHF5W3Q2FS4-250x117.jpg 250w\" sizes=\"(max-width: 750px) 100vw, 750px\" \/>\t\t\t\t\t\r\n\t\t\t\t\t\t\t\r\n\t\t\t<\/div><!-- .mslide -->\r\n\t\t\t\r\n\t\t\t\t\t\t\r\n\t\t\t\t\r\n\t\t\t\r\n\t\t\t<div class=\"mslide mslide-2\">\r\n\t\t\t\t\r\n\t\t\t\t\t\t\t\t\t\r\n\t\t\t\t\t<img width=\"650\" height=\"350\" src=\"https:\/\/blogs.sld.cu\/sindromedeguillainbarre\/files\/2020\/11\/90529-650x350.jpg\" class=\"attachment-featured-slide size-featured-slide wp-post-image\" alt=\"\" loading=\"lazy\" title=\"\" \/>\t\t\t\t\t\r\n\t\t\t\t\t\t\t\r\n\t\t\t<\/div><!-- .mslide -->\r\n\t\t\t\r\n\t\t\t\t\t\t\r\n\t\t\t\t\r\n\t\t<\/div><!-- .meteor-clip -->\r\n\t\t\t\t\r\n\t\t\t\t\t\r\n\t<\/div><!-- .meteor-slides -->\r\n\t\r\n\t<\/li><\/ul><\/div><!-- widgets_on_page -->\n<h1>\u00a1Te damos la bienvenida\u00a1<\/h1>\n<p><span style=\"font-size: 12pt\">Al sitio del S\u00edndrome de Guillain Barr\u00e9 (SGB) en el Portal de Enfermedades de Infomed.<\/span><\/p>\n<p><span style=\"font-size: 12pt\">El S\u00edndrome de Guillain-Barr\u00e9 es una enfermedad poco frecuente que afecta los nervios del sistema nervioso perif\u00e9rico. Es una enfermedad autoinmune, es decir que los da\u00f1os son causados por nuestro propio sistema inmunitario. Y es curable, teniendo en nuestro pa\u00eds un alto porciento de recuperaci\u00f3n en personas que la han padecido.<\/span><\/p>\n<p><span style=\"font-size: 12pt\">Esperamos que encuentres en nuestras p\u00e1ginas toda la informaci\u00f3n que necesitas, para conocer mejor esta enfermedad, si la est\u00e1 padeciendo \u00f3 la padece alg\u00fan familiar o persona querida.<\/span><\/p>\n<p><span style=\"font-size: 12pt\">Su editor es el Dr.C. Javier Vicente S\u00e1nchez L\u00f3pez.<\/span><\/p>\n<p><span style=\"font-size: 12pt\"><br \/>\n<\/span><\/p>\n","protected":false},"excerpt":{"rendered":"<p>\u00a1Te damos la bienvenida\u00a1 Al sitio del S\u00edndrome de Guillain Barr\u00e9 (SGB) en el Portal de Enfermedades de Infomed. El S\u00edndrome de Guillain-Barr\u00e9 es una enfermedad poco frecuente que afecta los nervios del sistema nervioso perif\u00e9rico. Es una enfermedad autoinmune, es decir que los da\u00f1os son causados por nuestro propio sistema inmunitario. Y es curable, [&hellip;]<\/p>\n","protected":false},"author":208,"featured_media":0,"parent":0,"menu_order":0,"comment_status":"closed","ping_status":"open","template":"","meta":[],"_links":{"self":[{"href":"https:\/\/blogs.sld.cu\/sindromedeguillainbarre\/wp-json\/wp\/v2\/pages\/92"}],"collection":[{"href":"https:\/\/blogs.sld.cu\/sindromedeguillainbarre\/wp-json\/wp\/v2\/pages"}],"about":[{"href":"https:\/\/blogs.sld.cu\/sindromedeguillainbarre\/wp-json\/wp\/v2\/types\/page"}],"author":[{"embeddable":true,"href":"https:\/\/blogs.sld.cu\/sindromedeguillainbarre\/wp-json\/wp\/v2\/users\/208"}],"replies":[{"embeddable":true,"href":"https:\/\/blogs.sld.cu\/sindromedeguillainbarre\/wp-json\/wp\/v2\/comments?post=92"}],"version-history":[{"count":26,"href":"https:\/\/blogs.sld.cu\/sindromedeguillainbarre\/wp-json\/wp\/v2\/pages\/92\/revisions"}],"predecessor-version":[{"id":253,"href":"https:\/\/blogs.sld.cu\/sindromedeguillainbarre\/wp-json\/wp\/v2\/pages\/92\/revisions\/253"}],"wp:attachment":[{"href":"https:\/\/blogs.sld.cu\/sindromedeguillainbarre\/wp-json\/wp\/v2\/media?parent=92"}],"curies":[{"name":"wp","href":"https:\/\/api.w.org\/{rel}","templated":true}]}}