{"id":12,"date":"2020-04-01T20:13:07","date_gmt":"2020-04-01T20:13:07","guid":{"rendered":"http:\/\/blogs.sld.cu\/sindromevisual\/?page_id=12"},"modified":"2021-12-21T03:52:35","modified_gmt":"2021-12-21T03:52:35","slug":"acerca-de","status":"publish","type":"page","link":"https:\/\/blogs.sld.cu\/sindromevisual\/acerca-de\/","title":{"rendered":"Acerca de"},"content":{"rendered":"<p><img loading=\"lazy\" class=\" wp-image-253 alignleft\" style=\"margin: 5px;\" src=\"http:\/\/blogs.sld.cu\/glaucoma\/files\/2020\/02\/eortizg.jpg\" alt=\"eortizg\" width=\"178\" height=\"178\" \/><\/p>\n<p>El estilo de vida moderno ha cambiado la forma de trabajar y de hacer muchas tareas cotidianas, de manera que ahora las computadoras y celulares son los dispositivos fundamentales e indispensables de millones de personas en todo el planeta.<\/p>\n<p>Los problemas de salud asociados al empleo de estos dispositivos eran ignorados hasta hace poco tiempo, pues la gran revoluci\u00f3n tecnol\u00f3gica se focaliz\u00f3 en dar a conocer lo \u00fatiles que eran cada una de las herramientas que se iban desarrollando.<\/p>\n<p>Hoy en d\u00eda, muchos de nuestros trabajos y divertimentos giran en torno a una pantalla, ya sea de televisores, tel\u00e9fonos m\u00f3viles, tabletas, lectores o computadoras. Varias investigaciones realizadas por expertos han determinado que el uso prolongado de estos dispositivos, sin las adecuaciones necesarias, tiene consecuencias en la salud a mediano y a largo plazo.<\/p>\n<p>El s\u00edndrome visual inform\u00e1tico es uno de estos efectos secundarios negativos.<\/p>\n<p>Este sitio web constituye una gu\u00eda para la poblaci\u00f3n que desea informaci\u00f3n resumida de los problemas pr\u00e1cticos del diagn\u00f3stico y tratamiento de los diferentes tipos de trastornos visuales por el uso de las computadoras, tel\u00e9fonos celulares, tabletas, etc.<\/p>\n<p>El editor de sitio es el<strong> Dr. Elier Ortiz Gonz\u00e1lez<\/strong>, especialista de 2do grado en Oftalmolog\u00eda, quien de forma educativa e interactiva responder\u00e1 a las preguntas de los lectores y les explicar\u00e1 lo que pueden hacer para prevenir el SVI.<\/p>\n<p>&nbsp;<\/p>\n","protected":false},"excerpt":{"rendered":"<p>El estilo de vida moderno ha cambiado la forma de trabajar y de hacer muchas tareas cotidianas, de manera que ahora las computadoras y celulares son los dispositivos fundamentales e indispensables de millones de personas en todo el planeta. Los problemas de salud asociados al empleo de estos dispositivos eran ignorados hasta hace poco tiempo, [&hellip;]<\/p>\n","protected":false},"author":208,"featured_media":0,"parent":0,"menu_order":0,"comment_status":"open","ping_status":"open","template":"","meta":[],"_links":{"self":[{"href":"https:\/\/blogs.sld.cu\/sindromevisual\/wp-json\/wp\/v2\/pages\/12"}],"collection":[{"href":"https:\/\/blogs.sld.cu\/sindromevisual\/wp-json\/wp\/v2\/pages"}],"about":[{"href":"https:\/\/blogs.sld.cu\/sindromevisual\/wp-json\/wp\/v2\/types\/page"}],"author":[{"embeddable":true,"href":"https:\/\/blogs.sld.cu\/sindromevisual\/wp-json\/wp\/v2\/users\/208"}],"replies":[{"embeddable":true,"href":"https:\/\/blogs.sld.cu\/sindromevisual\/wp-json\/wp\/v2\/comments?post=12"}],"version-history":[{"count":31,"href":"https:\/\/blogs.sld.cu\/sindromevisual\/wp-json\/wp\/v2\/pages\/12\/revisions"}],"predecessor-version":[{"id":371,"href":"https:\/\/blogs.sld.cu\/sindromevisual\/wp-json\/wp\/v2\/pages\/12\/revisions\/371"}],"wp:attachment":[{"href":"https:\/\/blogs.sld.cu\/sindromevisual\/wp-json\/wp\/v2\/media?parent=12"}],"curies":[{"name":"wp","href":"https:\/\/api.w.org\/{rel}","templated":true}]}}