{"id":16,"date":"2020-04-01T20:40:27","date_gmt":"2020-04-01T20:40:27","guid":{"rendered":"http:\/\/blogs.sld.cu\/sindromevisual\/?page_id=16"},"modified":"2021-05-28T18:20:26","modified_gmt":"2021-05-28T18:20:26","slug":"que-es-el-svi","status":"publish","type":"page","link":"https:\/\/blogs.sld.cu\/sindromevisual\/que-es-el-svi\/","title":{"rendered":"\u00bfQu\u00e9 es el SVI?"},"content":{"rendered":"<p><span style=\"color: #62000f\">El S\u00edndrome Visual Inform\u00e1tico (SVI<\/span>) es una de las enfermedades visuales de la era moderna que comenz\u00f3 en el siglo XX, con el advenimiento de las pantallas, en dispositivos electr\u00f3nicos. El SVI puede resultar extra\u00f1o para muchas personas, sin embargo, es una realidad para aquellos que est\u00e1n d\u00eda a d\u00eda y varias horas, delante de las pantallas de estos dispositivos.<\/p>\n<p>Seg\u00fan la Academia Americana de Optometr\u00eda se trata de un conjunto de signos y s\u00edntomas oculares y visuales, que a mediano y largo plazo, pueden disminuir la calidad de vida de quienes lo padecen.<\/p>\n<p>Las destrezas visuales que son necesarias para el uso de la computadora son: visi\u00f3n binocular (coordinaci\u00f3n de ambos ojos para conseguir una imagen \u00fanica), movimientos oculares, y la coordinaci\u00f3n ojo-mano, es decir la capacidad de usar las manos y los ojos en conjunto.<\/p>\n<div>\n<div>\n<div>\n<div id=\"iaq0pdte\" title=\"\"><span style=\"color: #62000f\">Los s\u00edntomas oculares que se aprecian en la enfermedad, son causados por demandas acomodativas continuas<\/span>, ya que hay que estar acomodando la visi\u00f3n continuamente por los p\u00edxeles o peque\u00f1os puntos luminosos del monitor de la computadora que son dif\u00edciles de mantener enfocados. Otras causas son movimientos sac\u00e1dicos frecuentes (movimientos r\u00e1pidos de ojos y cabeza), demandas de convergencia y la posici\u00f3n del monitor. Esto es relativo a la ubicaci\u00f3n de las pantallas en el lugar de trabajo, la mala iluminaci\u00f3n del local o una insuficiente resoluci\u00f3n de la pantalla de la computadora, que favorecen la aparici\u00f3n de estas condicionantes ergon\u00f3micas y ambientales.<\/div>\n<\/div>\n<\/div>\n<\/div>\n<p><span style=\"color: #62000f\">En otras ocasiones el SVI es consecuencia a defectos oculares mal corregidos<\/span> como la miop\u00eda, hipermetrop\u00eda, astigmatismo, presbicia, insuficiencia de convergencia o el mal uso de las lentes de contacto. Otros factores como el estr\u00e9s o el estado de salud general del trabajador, incluso, si no se remedian los s\u00edntomas descritos con anterioridad, estos pueden ahondar las disfunciones visuales o derivar en la aparici\u00f3n de las mismas. Entonces, la soluci\u00f3n del problema requiere de un tratamiento oftalmol\u00f3gico, con gafas, lentes o similares.<\/p>\n<p>De todo lo anterior se puede deducir que la salud ocular se resentir\u00e1 en los pr\u00f3ximos a\u00f1os si las personas no toman medidas para remediarlo y si las empresas productoras de estas tecnolog\u00edas no desarrollan pantallas menos nocivas.<\/p>\n<p style=\"text-align: right\"><a href=\"https:\/\/blogs.sld.cu\/sindromevisual\/causas-2\/\">Continuaci\u00f3n&#8230;<\/a><\/p>\n","protected":false},"excerpt":{"rendered":"<p>El S\u00edndrome Visual Inform\u00e1tico (SVI) es una de las enfermedades visuales de la era moderna que comenz\u00f3 en el siglo XX, con el advenimiento de las pantallas, en dispositivos electr\u00f3nicos. El SVI puede resultar extra\u00f1o para muchas personas, sin embargo, es una realidad para aquellos que est\u00e1n d\u00eda a d\u00eda y varias horas, delante de [&hellip;]<\/p>\n","protected":false},"author":208,"featured_media":0,"parent":0,"menu_order":0,"comment_status":"closed","ping_status":"closed","template":"","meta":[],"_links":{"self":[{"href":"https:\/\/blogs.sld.cu\/sindromevisual\/wp-json\/wp\/v2\/pages\/16"}],"collection":[{"href":"https:\/\/blogs.sld.cu\/sindromevisual\/wp-json\/wp\/v2\/pages"}],"about":[{"href":"https:\/\/blogs.sld.cu\/sindromevisual\/wp-json\/wp\/v2\/types\/page"}],"author":[{"embeddable":true,"href":"https:\/\/blogs.sld.cu\/sindromevisual\/wp-json\/wp\/v2\/users\/208"}],"replies":[{"embeddable":true,"href":"https:\/\/blogs.sld.cu\/sindromevisual\/wp-json\/wp\/v2\/comments?post=16"}],"version-history":[{"count":25,"href":"https:\/\/blogs.sld.cu\/sindromevisual\/wp-json\/wp\/v2\/pages\/16\/revisions"}],"predecessor-version":[{"id":328,"href":"https:\/\/blogs.sld.cu\/sindromevisual\/wp-json\/wp\/v2\/pages\/16\/revisions\/328"}],"wp:attachment":[{"href":"https:\/\/blogs.sld.cu\/sindromevisual\/wp-json\/wp\/v2\/media?parent=16"}],"curies":[{"name":"wp","href":"https:\/\/api.w.org\/{rel}","templated":true}]}}