{"id":26,"date":"2020-04-01T22:16:59","date_gmt":"2020-04-01T22:16:59","guid":{"rendered":"http:\/\/blogs.sld.cu\/sindromevisual\/?page_id=26"},"modified":"2021-05-28T19:48:00","modified_gmt":"2021-05-28T19:48:00","slug":"recursos","status":"publish","type":"page","link":"https:\/\/blogs.sld.cu\/sindromevisual\/recursos\/","title":{"rendered":"Recursos"},"content":{"rendered":"<h3 style=\"text-align: justify\"><span style=\"font-size: 12pt\">Algunos sitios donde puedes encontrar informaci\u00f3n:<\/span><\/h3>\n<ul>\n<li><a href=\"https:\/\/revistamedica.com\/sindrome-visual-informatico-personal-administrativo\/\" target=\"_blank\">El s\u00edndrome Visual Inform\u00e1tico en el personal administrativo\u00a0<\/a><\/li>\n<li><a href=\"https:\/\/www.nytimes.com\/es\/2016\/06\/05\/espanol\/puedes-tener-el-sindrome-visual-informatico-y-quiza-no-lo-sabes.html\" target=\"_blank\">Puedes tener el s\u00edndrome visual inform\u00e1tico y quiz\u00e1 no lo sabes\u00a0 <\/a><\/li>\n<li><a href=\"http:\/\/www.radiohc.cu\/noticias\/salud\/193669-el-sindrome-visual-informatico\" target=\"_blank\">El s\u00edndrome visual inform\u00e1tico\u00a0<\/a><\/li>\n<li><a href=\"https:\/\/www.clinicainsadof.com\/noticias\/sindrome-visual-informatico-svi\/\" target=\"_blank\">S\u00edndrome Visual Inform\u00e1tico (SVI)<\/a><\/li>\n<li><a href=\"https:\/\/www.clinicasnovovision.com\/oftalmologia\/sindrome-visual-informatico\/#iLightbox[gallery15665]\/0\" target=\"_blank\">S\u00edndrome visual inform\u00e1tico, \u00bfqu\u00e9 es y por qu\u00e9 se produce?<\/a><\/li>\n<\/ul>\n<p><span style=\"font-size: 12pt\">\u00a0<\/span><\/p>\n","protected":false},"excerpt":{"rendered":"<p>Algunos sitios donde puedes encontrar informaci\u00f3n: El s\u00edndrome Visual Inform\u00e1tico en el personal administrativo\u00a0 Puedes tener el s\u00edndrome visual inform\u00e1tico y quiz\u00e1 no lo sabes\u00a0 El s\u00edndrome visual inform\u00e1tico\u00a0 S\u00edndrome Visual Inform\u00e1tico (SVI) S\u00edndrome visual inform\u00e1tico, \u00bfqu\u00e9 es y por qu\u00e9 se produce? \u00a0<\/p>\n","protected":false},"author":208,"featured_media":0,"parent":0,"menu_order":0,"comment_status":"closed","ping_status":"closed","template":"","meta":[],"_links":{"self":[{"href":"https:\/\/blogs.sld.cu\/sindromevisual\/wp-json\/wp\/v2\/pages\/26"}],"collection":[{"href":"https:\/\/blogs.sld.cu\/sindromevisual\/wp-json\/wp\/v2\/pages"}],"about":[{"href":"https:\/\/blogs.sld.cu\/sindromevisual\/wp-json\/wp\/v2\/types\/page"}],"author":[{"embeddable":true,"href":"https:\/\/blogs.sld.cu\/sindromevisual\/wp-json\/wp\/v2\/users\/208"}],"replies":[{"embeddable":true,"href":"https:\/\/blogs.sld.cu\/sindromevisual\/wp-json\/wp\/v2\/comments?post=26"}],"version-history":[{"count":8,"href":"https:\/\/blogs.sld.cu\/sindromevisual\/wp-json\/wp\/v2\/pages\/26\/revisions"}],"predecessor-version":[{"id":346,"href":"https:\/\/blogs.sld.cu\/sindromevisual\/wp-json\/wp\/v2\/pages\/26\/revisions\/346"}],"wp:attachment":[{"href":"https:\/\/blogs.sld.cu\/sindromevisual\/wp-json\/wp\/v2\/media?parent=26"}],"curies":[{"name":"wp","href":"https:\/\/api.w.org\/{rel}","templated":true}]}}