{"id":294,"date":"2020-11-09T15:16:34","date_gmt":"2020-11-09T15:16:34","guid":{"rendered":"http:\/\/blogs.sld.cu\/sindromevisual\/?page_id=294"},"modified":"2021-05-28T18:21:14","modified_gmt":"2021-05-28T18:21:14","slug":"causas-2","status":"publish","type":"page","link":"https:\/\/blogs.sld.cu\/sindromevisual\/causas-2\/","title":{"rendered":"Causas"},"content":{"rendered":"<p>Mirar la televisi\u00f3n durante varias horas al d\u00eda, o utilizar la computadora de sobremesa, o la laptop y la pantalla de las tabletas, o el tel\u00e9fono m\u00f3vil, junto con las ocho horas de trabajo ocular en visi\u00f3n pr\u00f3xima, durante la jornada laboral o estudiantil, hacen que pueda aparecer el s\u00edndrome visual inform\u00e1tico.<\/p>\n<p>Hoy realizamos muchas actividades con dispositivos electr\u00f3nicos: mirar el correo, buscar informaci\u00f3n ver y utilizar las redes sociales, etc., pero el problema sobreviene cuando se produce un abuso de los mismos ya que sin darnos cuenta, y de forma autom\u00e1tica, utilizamos excesivamente las pantallas lo que unido al polvo ambiental y a una menor frecuencia de parpadeo, genera un mayor cansancio en nuestra vista.<\/p>\n","protected":false},"excerpt":{"rendered":"<p>Mirar la televisi\u00f3n durante varias horas al d\u00eda, o utilizar la computadora de sobremesa, o la laptop y la pantalla de las tabletas, o el tel\u00e9fono m\u00f3vil, junto con las ocho horas de trabajo ocular en visi\u00f3n pr\u00f3xima, durante la jornada laboral o estudiantil, hacen que pueda aparecer el s\u00edndrome visual inform\u00e1tico. Hoy realizamos muchas [&hellip;]<\/p>\n","protected":false},"author":127,"featured_media":0,"parent":0,"menu_order":0,"comment_status":"open","ping_status":"open","template":"","meta":[],"_links":{"self":[{"href":"https:\/\/blogs.sld.cu\/sindromevisual\/wp-json\/wp\/v2\/pages\/294"}],"collection":[{"href":"https:\/\/blogs.sld.cu\/sindromevisual\/wp-json\/wp\/v2\/pages"}],"about":[{"href":"https:\/\/blogs.sld.cu\/sindromevisual\/wp-json\/wp\/v2\/types\/page"}],"author":[{"embeddable":true,"href":"https:\/\/blogs.sld.cu\/sindromevisual\/wp-json\/wp\/v2\/users\/127"}],"replies":[{"embeddable":true,"href":"https:\/\/blogs.sld.cu\/sindromevisual\/wp-json\/wp\/v2\/comments?post=294"}],"version-history":[{"count":3,"href":"https:\/\/blogs.sld.cu\/sindromevisual\/wp-json\/wp\/v2\/pages\/294\/revisions"}],"predecessor-version":[{"id":330,"href":"https:\/\/blogs.sld.cu\/sindromevisual\/wp-json\/wp\/v2\/pages\/294\/revisions\/330"}],"wp:attachment":[{"href":"https:\/\/blogs.sld.cu\/sindromevisual\/wp-json\/wp\/v2\/media?parent=294"}],"curies":[{"name":"wp","href":"https:\/\/api.w.org\/{rel}","templated":true}]}}