{"id":33,"date":"2020-04-01T22:54:57","date_gmt":"2020-04-01T22:54:57","guid":{"rendered":"http:\/\/blogs.sld.cu\/sindromevisual\/?page_id=33"},"modified":"2021-05-28T20:14:13","modified_gmt":"2021-05-28T20:14:13","slug":"glosario","status":"publish","type":"page","link":"https:\/\/blogs.sld.cu\/sindromevisual\/glosario\/","title":{"rendered":"Glosario"},"content":{"rendered":"<h3><span style=\"color: #62000f\">T\u00e9rminos frecuentes en el SVI<\/span><\/h3>\n<p>Astenop\u00eda\u00a0 fatiga\u00a0u otros s\u00edntomas de malestar, asociados con la visi\u00f3n. Suele ir\u00a0acompa\u00f1ada con\u00a0dolor ocular, cefalea, y en ocasiones de mareos e incluso, v\u00f3mitos, \u00a0lagrimeo y enrojecimiento ocular.<\/p>\n<p><strong><span id=\"Astenopia_visual_Tipos\">Astenop\u00eda visual: Tipos<\/span><\/strong><\/p>\n<p>Se puede clasificar seg\u00fan las causas y los factores como:<\/p>\n<ul>\n<li>Ametr\u00f3pica: Debida a la existencia de un error refractivo o una mala correcci\u00f3n \u00f3ptica.<\/li>\n<\/ul>\n<ul>\n<li>Muscular o heterof\u00f3rica: Por la existencia de una heteroforia que exige un esfuerzo continuado de la musculatura ocular extr\u00ednseca para el mantenimiento de la visi\u00f3n binocular.<\/li>\n<\/ul>\n<ul>\n<li>Acomodativa: Como consecuencia de mantener el enfoque en visi\u00f3n pr\u00f3xima.<\/li>\n<\/ul>\n<p>Esta causa est\u00e1 unida a la muscular, debido a que el sistema muscular de control de los movimientos oculares y el sistema acomodativo est\u00e1n relacionados, de forma que la alteraci\u00f3n de uno de ellos afecta al otro.<\/p>\n<ul>\n<li>Nerviosa o neurast\u00e9nica: Producida por factores individuales como enfermedades debilitantes, tensiones, transtornos emocionales y psicol\u00f3gicos.<\/li>\n<\/ul>\n<p>Cualquier factor individual o ambiental (iluminaci\u00f3n, contraste) que dificulte la visi\u00f3n puede provocar astenop\u00eda.<\/p>\n<p><strong>Ergonom\u00eda:<\/strong> es la disciplina que se encarga del dise\u00f1o de lugares de trabajo, herramientas y tareas, de modo que coincidan con las caracter\u00edsticas fisiol\u00f3gicas, anat\u00f3micas, psicol\u00f3gicas y las capacidades de los trabajadores que se ver\u00e1n involucrados<\/p>\n<p><strong>Parpadeo:<\/strong> Es la acci\u00f3n de abrir y cerrar los ojos y el parpadeo es un factor importante a tener en cuenta durante el uso de pantallas. Un parpadeo adecuado contribuye a la correcta distribuci\u00f3n de la pel\u00edcula lagrimal y a la secreci\u00f3n lip\u00eddica de las gl\u00e1ndulas, protegiendo la superficie ocular.<\/p>\n<p><strong>Superficie ocular:<\/strong> Refiri\u00e9ndose as\u00ed a la parte anterior del globo ocular que es cubierta por los p\u00e1rpados normalmente.<\/p>\n<p><strong>Ojo seco:<\/strong> Es cuando la superficie ocular est\u00e1 m\u00e1s expuesta a resecarse por las corrientes de aire. Ademas puede causar visi\u00f3n borrosa intermitente sobre todo en pacientes con lentes de contacto, pues al deshidratarse la superficie de la c\u00f3rnea o de la lente se pierde calidad de visi\u00f3n.<\/p>\n<p><strong>S\u00edndrome visual inform\u00e1tico:<\/strong> Conjunto de s\u00edntomas y signos oculares, \u00f3seos y musculares, que se presentan con el uso del computador entre otros equipos que poseen pantallas electr\u00f3nicas.<\/p>\n","protected":false},"excerpt":{"rendered":"<p>T\u00e9rminos frecuentes en el SVI Astenop\u00eda\u00a0 fatiga\u00a0u otros s\u00edntomas de malestar, asociados con la visi\u00f3n. Suele ir\u00a0acompa\u00f1ada con\u00a0dolor ocular, cefalea, y en ocasiones de mareos e incluso, v\u00f3mitos, \u00a0lagrimeo y enrojecimiento ocular. Astenop\u00eda visual: Tipos Se puede clasificar seg\u00fan las causas y los factores como: Ametr\u00f3pica: Debida a la existencia de un error refractivo o [&hellip;]<\/p>\n","protected":false},"author":208,"featured_media":0,"parent":0,"menu_order":0,"comment_status":"closed","ping_status":"closed","template":"","meta":[],"_links":{"self":[{"href":"https:\/\/blogs.sld.cu\/sindromevisual\/wp-json\/wp\/v2\/pages\/33"}],"collection":[{"href":"https:\/\/blogs.sld.cu\/sindromevisual\/wp-json\/wp\/v2\/pages"}],"about":[{"href":"https:\/\/blogs.sld.cu\/sindromevisual\/wp-json\/wp\/v2\/types\/page"}],"author":[{"embeddable":true,"href":"https:\/\/blogs.sld.cu\/sindromevisual\/wp-json\/wp\/v2\/users\/208"}],"replies":[{"embeddable":true,"href":"https:\/\/blogs.sld.cu\/sindromevisual\/wp-json\/wp\/v2\/comments?post=33"}],"version-history":[{"count":9,"href":"https:\/\/blogs.sld.cu\/sindromevisual\/wp-json\/wp\/v2\/pages\/33\/revisions"}],"predecessor-version":[{"id":348,"href":"https:\/\/blogs.sld.cu\/sindromevisual\/wp-json\/wp\/v2\/pages\/33\/revisions\/348"}],"wp:attachment":[{"href":"https:\/\/blogs.sld.cu\/sindromevisual\/wp-json\/wp\/v2\/media?parent=33"}],"curies":[{"name":"wp","href":"https:\/\/api.w.org\/{rel}","templated":true}]}}