{"id":11,"date":"2021-02-27T04:38:45","date_gmt":"2021-02-27T04:38:45","guid":{"rendered":"http:\/\/blogs.sld.cu\/sinusitis\/?page_id=11"},"modified":"2021-05-30T19:27:52","modified_gmt":"2021-05-30T19:27:52","slug":"acerca-de","status":"publish","type":"page","link":"https:\/\/blogs.sld.cu\/sinusitis\/acerca-de\/","title":{"rendered":"Acerca de"},"content":{"rendered":"<p style=\"text-align: justify;\"><span style=\"font-size: 10pt; font-family: verdana, geneva;\"><img loading=\"lazy\" class=\" alignleft\" src=\"http:\/\/blogs.sld.cu\/amigdalitis\/files\/2021\/02\/825A9363.jpg\" alt=\"\" width=\"214\" height=\"232\" \/>Se conoce como sinusitis\u00a0a la\u00a0<strong>inflamaci\u00f3n de la mucosa de los senos paranasales<\/strong>\u00a0quepuede ser causada por una bacteria, o un virus, o un hongo, por una\u00a0alergia, as\u00ed como alteraciones anat\u00f3micas a nivel de la cavidad nasal que predispongan su aparici\u00f3n.\u00a0Es una\u00a0enfermedad muy com\u00fan en la poblaci\u00f3n,\u00a0pudiendo ser valorada y tratada correctamente por especialistas de Medicina General u otorrinolaringolog\u00eda.<\/span><\/p>\n<p style=\"text-align: justify;\"><span style=\"font-size: 10pt; font-family: verdana, geneva;\">El editor del sitio es el\u00a0<a href=\"http:\/\/blogs.sld.cu\/amigdalitis\/dr-oreste-gonzalez-torres\/\"><span style=\"color: #1961a9;\">Dr. Oreste Gonz\u00e1lez Torres,<\/span><\/a>\u00a0especialista en Otorrinolaringolog\u00eda y Cirug\u00eda de Cabeza y Cuello, que de forma educativa e interactiva, los conducir\u00e1 a trav\u00e9s del sitio y responder\u00e1 las dudas e interrogantes que puedan tener de esta enfermedad.<\/span><\/p>\n","protected":false},"excerpt":{"rendered":"<p>Se conoce como sinusitis\u00a0a la\u00a0inflamaci\u00f3n de la mucosa de los senos paranasales\u00a0quepuede ser causada por una bacteria, o un virus, o un hongo, por una\u00a0alergia, as\u00ed como alteraciones anat\u00f3micas a nivel de la cavidad nasal que predispongan su aparici\u00f3n.\u00a0Es una\u00a0enfermedad muy com\u00fan en la poblaci\u00f3n,\u00a0pudiendo ser valorada y tratada correctamente por especialistas de Medicina General [&hellip;]<\/p>\n","protected":false},"author":208,"featured_media":0,"parent":0,"menu_order":0,"comment_status":"closed","ping_status":"open","template":"","meta":[],"_links":{"self":[{"href":"https:\/\/blogs.sld.cu\/sinusitis\/wp-json\/wp\/v2\/pages\/11"}],"collection":[{"href":"https:\/\/blogs.sld.cu\/sinusitis\/wp-json\/wp\/v2\/pages"}],"about":[{"href":"https:\/\/blogs.sld.cu\/sinusitis\/wp-json\/wp\/v2\/types\/page"}],"author":[{"embeddable":true,"href":"https:\/\/blogs.sld.cu\/sinusitis\/wp-json\/wp\/v2\/users\/208"}],"replies":[{"embeddable":true,"href":"https:\/\/blogs.sld.cu\/sinusitis\/wp-json\/wp\/v2\/comments?post=11"}],"version-history":[{"count":6,"href":"https:\/\/blogs.sld.cu\/sinusitis\/wp-json\/wp\/v2\/pages\/11\/revisions"}],"predecessor-version":[{"id":142,"href":"https:\/\/blogs.sld.cu\/sinusitis\/wp-json\/wp\/v2\/pages\/11\/revisions\/142"}],"wp:attachment":[{"href":"https:\/\/blogs.sld.cu\/sinusitis\/wp-json\/wp\/v2\/media?parent=11"}],"curies":[{"name":"wp","href":"https:\/\/api.w.org\/{rel}","templated":true}]}}