{"id":20,"date":"2021-02-27T04:43:51","date_gmt":"2021-02-27T04:43:51","guid":{"rendered":"http:\/\/blogs.sld.cu\/sinusitis\/?page_id=20"},"modified":"2021-05-30T19:32:17","modified_gmt":"2021-05-30T19:32:17","slug":"diagnosticotratamiento","status":"publish","type":"page","link":"https:\/\/blogs.sld.cu\/sinusitis\/diagnosticotratamiento\/","title":{"rendered":"Diagn\u00f3stico\/Tratamiento"},"content":{"rendered":"<p style=\"text-align: justify;\"><span style=\"font-size: 10pt;\"><a href=\"http:\/\/blogs.sld.cu\/sinusitis\/files\/2021\/02\/TC.jpg\"><img loading=\"lazy\" class=\"alignnone  wp-image-117\" src=\"http:\/\/blogs.sld.cu\/sinusitis\/files\/2021\/02\/TC.jpg\" alt=\"TC\" width=\"259\" height=\"172\" srcset=\"https:\/\/blogs.sld.cu\/sinusitis\/files\/2021\/02\/TC.jpg 275w, https:\/\/blogs.sld.cu\/sinusitis\/files\/2021\/02\/TC-250x166.jpg 250w\" sizes=\"(max-width: 259px) 100vw, 259px\" \/><\/a><\/span><\/p>\n<p style=\"text-align: justify;\"><span style=\"font-size: 10pt; font-family: verdana, geneva; color: #1961a9;\">\u00bfC\u00f3mo se hace su diagn\u00f3stico?<\/span><\/p>\n<p style=\"text-align: justify;\"><span style=\"font-size: 10pt; font-family: verdana, geneva;\">En muchas ocasiones con los s\u00edntomas referidos por el paciente y el examen f\u00edsico se puede realizar un diagn\u00f3stico certero, pero a su vez el m\u00e9dico se puede apoyar de otros estudios complementarios, tales como.<\/span><\/p>\n<p style=\"text-align: justify;\"><span style=\"font-size: 10pt; font-family: verdana, geneva;\"><strong>\u2022 Pruebas de diagn\u00f3stico por im\u00e1genes.<\/strong>\u00a0Las im\u00e1genes tomadas usando\u00a0radiograf\u00edas simples, tomograf\u00edas computarizadas\u00a0o\u00a0resonancia magn\u00e9tica\u00a0pueden mostrar detalles de los senos paranasales y del \u00e1rea nasal. Pudiendo estas mostrar una inflamaci\u00f3n profunda o una obstrucci\u00f3n f\u00edsica que sea dif\u00edcil de detectar usando un endoscopio.<\/span><\/p>\n<p style=\"text-align: justify;\"><span style=\"font-size: 10pt; font-family: verdana, geneva;\"><strong>\u2022 Endoscopia de las cavidades nasales:<\/strong>\u00a0Consiste en un tubo delgado que puede ser r\u00edgido o flexible con una luz de fibra \u00f3ptica que se inserta a trav\u00e9s de la nariz le permite al m\u00e9dico ver el interior de los senos paranasales.<\/span><\/p>\n<p style=\"text-align: justify;\"><span style=\"font-size: 10pt; font-family: verdana, geneva;\"><strong>\u2022 Muestras de la secreci\u00f3n nasal y sinusal (cultivos).<\/strong>\u00a0Los cultivos no suelen ser necesarios para el diagn\u00f3stico de la sinusitis. Pero en ocasiones, cuando la afecci\u00f3n no responde al tratamiento o est\u00e1 empeorando, el m\u00e9dico puede tomar muestras dentro de la nariz que podr\u00edan ayudar a determinar que tipo\u00a0de bacterias u hongos son el causante de la enfermedad.<\/span><\/p>\n<p style=\"text-align: justify;\"><span style=\"font-size: 10pt; font-family: verdana, geneva;\"><strong>\u2022 Pruebas de alergia.<\/strong>\u00a0Si el m\u00e9dico sospecha que la sinusitis cr\u00f3nica podr\u00eda deberse a una alergia, este podr\u00eda recomendarte una prueba cut\u00e1nea para alergias. Las pruebas cut\u00e1neas son seguras y r\u00e1pidas, y pueden ayudar a detectar el al\u00e9rgeno responsable de los problemas nasales.<\/span><\/p>\n<p style=\"text-align: justify;\"><span style=\"color: #1961a9; font-size: 10pt; font-family: verdana, geneva;\">\u00bfEn qu\u00e9 consiste el tratamiento?<\/span><\/p>\n<p style=\"text-align: justify;\"><span style=\"font-size: 10pt;\"><a href=\"http:\/\/blogs.sld.cu\/sinusitis\/files\/2021\/02\/Imagen1.jpg\"><img loading=\"lazy\" class=\"alignnone wp-image-120 \" src=\"http:\/\/blogs.sld.cu\/sinusitis\/files\/2021\/02\/Imagen1-300x224.jpg\" alt=\"Imagen1\" width=\"268\" height=\"200\" \/><\/a><\/span><\/p>\n<p style=\"text-align: justify;\"><span style=\"font-size: 10pt; font-family: verdana, geneva;\">El tratamiento va a depender de la fase en que se encuentre la enfermedad, ya que este puede ser m\u00e9dico o quir\u00fargico. El tratamiento m\u00e9dico consiste en:<\/span><\/p>\n<p style=\"text-align: justify;\"><span style=\"font-size: 10pt; font-family: verdana, geneva;\"><strong>\u2022\u00a0<\/strong>La\u00a0<strong>irrigaci\u00f3n nasal salina,<\/strong>\u00a0con aerosoles o lavados nasales, reduce el espesor del <em>mucus<\/em>, mejora su drenaje y elimina los irritantes y las alergias.<\/span><\/p>\n<p style=\"text-align: justify;\"><span style=\"font-size: 10pt; font-family: verdana, geneva;\"><strong>\u2022\u00a0<\/strong>Las\u00a0 <strong>vaporizaciones con agua caliente y determinadas plantas<\/strong> es \u00fatil para despejar el moco acumulado en las fosas nasales. La humedad que se inhala suaviza la mucosidad y esto, a su vez, favorece su expulsi\u00f3n. Plantas como el eucalipto o el romero son perfectas<\/span><\/p>\n<p style=\"text-align: left;\"><span style=\"font-size: 10pt; font-family: verdana, geneva;\"><strong>\u2022 Corticosteroides orales o inyectables.<\/strong>\u00a0Estos medicamentos se usan para aliviar la inflamaci\u00f3n de la sinusitis grave, especialmente si coexisten con p\u00f3lipos nasales.<\/span><\/p>\n<p style=\"text-align: justify;\"><span style=\"font-size: 10pt; font-family: verdana, geneva;\"><strong>\u2022 Corticosteroides nasales.<\/strong>\u00a0Estos aerosoles nasales ayudan a prevenir y tratar la inflamaci\u00f3n. Algunos ejemplos son fluticasona, triamcinolona, budesonida, mometasona y beclometasona.<\/span><\/p>\n<p style=\"text-align: justify;\"><span style=\"font-size: 10pt; font-family: verdana, geneva;\"><strong>\u2022 Descongestionantes:<\/strong> Un descongestionante es un medicamento que alivia la congesti\u00f3n de las mucosas. No debe ser usado por m\u00e1s de tres d\u00edas.<\/span><\/p>\n<p style=\"text-align: justify;\"><span style=\"font-size: 10pt; font-family: verdana, geneva;\"><strong>\u2022 Antibi\u00f3ticos:\u00a0<\/strong>Si tienes una infecci\u00f3n bacteriana, algunas veces es necesario usar antibi\u00f3ticos para tratar la sinusitis\u00a0 y\u00a0 es importante que no suspenda el uso de los antibi\u00f3ticos o esteroides sin consultar primero a su m\u00e9dico.<\/span><\/p>\n<p><span style=\"font-size: 10pt; font-family: verdana, geneva;\"><strong>\u2022\u00a0Inmunoterapia:<\/strong>\u00a0Si las alergias empeoran la sinusitis, las vacunas antial\u00e9rgicas inyectables ayudan a reducir la reacci\u00f3n del cuerpo a al\u00e9rgenos espec\u00edficos\u00a0y as\u00ed\u00a0mejorar la afecci\u00f3n.<\/span><\/p>\n<p><span style=\"font-size: 10pt; font-family: verdana, geneva;\"><strong>\u2022 Cirugia:<\/strong> Cuando no existe mejor\u00eda del cuadro cl\u00ednico con el tratamiento ordenado, aparecen complicaciones o la enfermedad se hace recurrente puede ser necesario la cirug\u00eda, que en nuestros d\u00edas con el advenimiento de la cirug\u00eda endosc\u00f3pica nasal, se ha logrado r\u00e1pida recuperaci\u00f3n de los pacientes.<\/span><\/p>\n<p><span style=\"font-size: 10pt; font-family: verdana, geneva;\">Esta consiste en utilizar un tubo delgado y r\u00edgido con una luz conectada (endoscopio) para explorar las fosas nasales y los senos paranasales, donde dependiendo de la fuente de obstrucci\u00f3n, el m\u00e9dico puede usar diversos instrumentos para retirar el tejido o quitar un p\u00f3lipo que provoca la congesti\u00f3n nasal, as\u00ed como ampliar la apertura de unos senos paranasales estrechos para fomentar el drenaje.<\/span><\/p>\n","protected":false},"excerpt":{"rendered":"<p>\u00bfC\u00f3mo se hace su diagn\u00f3stico? En muchas ocasiones con los s\u00edntomas referidos por el paciente y el examen f\u00edsico se puede realizar un diagn\u00f3stico certero, pero a su vez el m\u00e9dico se puede apoyar de otros estudios complementarios, tales como. \u2022 Pruebas de diagn\u00f3stico por im\u00e1genes.\u00a0Las im\u00e1genes tomadas usando\u00a0radiograf\u00edas simples, tomograf\u00edas computarizadas\u00a0o\u00a0resonancia magn\u00e9tica\u00a0pueden mostrar detalles [&hellip;]<\/p>\n","protected":false},"author":208,"featured_media":0,"parent":0,"menu_order":0,"comment_status":"closed","ping_status":"open","template":"","meta":[],"_links":{"self":[{"href":"https:\/\/blogs.sld.cu\/sinusitis\/wp-json\/wp\/v2\/pages\/20"}],"collection":[{"href":"https:\/\/blogs.sld.cu\/sinusitis\/wp-json\/wp\/v2\/pages"}],"about":[{"href":"https:\/\/blogs.sld.cu\/sinusitis\/wp-json\/wp\/v2\/types\/page"}],"author":[{"embeddable":true,"href":"https:\/\/blogs.sld.cu\/sinusitis\/wp-json\/wp\/v2\/users\/208"}],"replies":[{"embeddable":true,"href":"https:\/\/blogs.sld.cu\/sinusitis\/wp-json\/wp\/v2\/comments?post=20"}],"version-history":[{"count":13,"href":"https:\/\/blogs.sld.cu\/sinusitis\/wp-json\/wp\/v2\/pages\/20\/revisions"}],"predecessor-version":[{"id":144,"href":"https:\/\/blogs.sld.cu\/sinusitis\/wp-json\/wp\/v2\/pages\/20\/revisions\/144"}],"wp:attachment":[{"href":"https:\/\/blogs.sld.cu\/sinusitis\/wp-json\/wp\/v2\/media?parent=20"}],"curies":[{"name":"wp","href":"https:\/\/api.w.org\/{rel}","templated":true}]}}