{"id":24,"date":"2021-02-27T04:45:43","date_gmt":"2021-02-27T04:45:43","guid":{"rendered":"http:\/\/blogs.sld.cu\/sinusitis\/?page_id=24"},"modified":"2021-05-30T19:39:02","modified_gmt":"2021-05-30T19:39:02","slug":"recursos-de-informacion","status":"publish","type":"page","link":"https:\/\/blogs.sld.cu\/sinusitis\/recursos-de-informacion\/","title":{"rendered":"Recursos"},"content":{"rendered":"<p><span style=\"font-size: 10pt;\"><a href=\"https:\/\/cuidateplus.marca.com\/enfermedades\/respiratorias\/sinusitis.html#:~:text=La%20sinusitis%20es%20la%20inflamaci%C3%B3n,o%20bien%20por%20una%20alergia.\" target=\"_blank\"><span style=\"font-family: verdana, geneva;\">Cuidateplus, Sinusitis<\/span><\/a><\/span><\/p>\n<p><span style=\"font-size: 10pt;\"><a href=\"https:\/\/www.mayoclinic.org\/es-es\/diseases-conditions\/acute-sinusitis\/symptoms-causes\/syc-20351671\" target=\"_blank\"><span style=\"font-family: verdana, geneva;\">Mayo Clinic, Sinusitis aguda<\/span><\/a><\/span><\/p>\n<p><span style=\"font-size: 10pt;\"><a href=\"https:\/\/www.mayoclinic.org\/es-es\/diseases-conditions\/chronic-sinusitis\/symptoms-causes\/syc-20351661\" target=\"_blank\"><span style=\"font-family: verdana, geneva;\">Mayo Clinic, Sinusitis\u00a0cr\u00f3nica<\/span><\/a><\/span><\/p>\n<p><span style=\"font-size: 10pt;\"><a href=\"https:\/\/www.redaccionmedica.com\/recursos-salud\/diccionario-enfermedades\/sinusitishttps:\/\/www.redaccionmedica.com\/recursos-salud\/diccionario-enfermedades\/sinusitis\" target=\"_blank\"><span style=\"font-family: verdana, geneva;\">Redacci\u00f3n m\u00e9dica, Sinusitis<\/span><\/a><\/span><\/p>\n<p><span style=\"font-size: 10pt;\"><a href=\"https:\/\/medlineplus.gov\/spanish\/sinusitis.html\" target=\"_blank\"><span style=\"font-family: verdana, geneva;\">MedlinePlus,\u00a0Sinusitis<\/span><\/a><\/span><a href=\"http:\/\/blogs.sld.cu\/sinusitis\/files\/2021\/02\/recursos.jpg\"><img loading=\"lazy\" class=\"  wp-image-134 alignright\" src=\"http:\/\/blogs.sld.cu\/sinusitis\/files\/2021\/02\/recursos.jpg\" alt=\"recursos\" width=\"323\" height=\"198\" srcset=\"https:\/\/blogs.sld.cu\/sinusitis\/files\/2021\/02\/recursos.jpg 287w, https:\/\/blogs.sld.cu\/sinusitis\/files\/2021\/02\/recursos-250x153.jpg 250w\" sizes=\"(max-width: 323px) 100vw, 323px\" \/><\/a><\/p>\n","protected":false},"excerpt":{"rendered":"<p>Cuidateplus, Sinusitis Mayo Clinic, Sinusitis aguda Mayo Clinic, Sinusitis\u00a0cr\u00f3nica Redacci\u00f3n m\u00e9dica, Sinusitis MedlinePlus,\u00a0Sinusitis<\/p>\n","protected":false},"author":208,"featured_media":0,"parent":0,"menu_order":0,"comment_status":"closed","ping_status":"open","template":"","meta":[],"_links":{"self":[{"href":"https:\/\/blogs.sld.cu\/sinusitis\/wp-json\/wp\/v2\/pages\/24"}],"collection":[{"href":"https:\/\/blogs.sld.cu\/sinusitis\/wp-json\/wp\/v2\/pages"}],"about":[{"href":"https:\/\/blogs.sld.cu\/sinusitis\/wp-json\/wp\/v2\/types\/page"}],"author":[{"embeddable":true,"href":"https:\/\/blogs.sld.cu\/sinusitis\/wp-json\/wp\/v2\/users\/208"}],"replies":[{"embeddable":true,"href":"https:\/\/blogs.sld.cu\/sinusitis\/wp-json\/wp\/v2\/comments?post=24"}],"version-history":[{"count":11,"href":"https:\/\/blogs.sld.cu\/sinusitis\/wp-json\/wp\/v2\/pages\/24\/revisions"}],"predecessor-version":[{"id":148,"href":"https:\/\/blogs.sld.cu\/sinusitis\/wp-json\/wp\/v2\/pages\/24\/revisions\/148"}],"wp:attachment":[{"href":"https:\/\/blogs.sld.cu\/sinusitis\/wp-json\/wp\/v2\/media?parent=24"}],"curies":[{"name":"wp","href":"https:\/\/api.w.org\/{rel}","templated":true}]}}