{"id":27,"date":"2021-02-27T04:46:58","date_gmt":"2021-02-27T04:46:58","guid":{"rendered":"http:\/\/blogs.sld.cu\/sinusitis\/?page_id=27"},"modified":"2021-05-30T19:37:31","modified_gmt":"2021-05-30T19:37:31","slug":"preguntas-frecuentes","status":"publish","type":"page","link":"https:\/\/blogs.sld.cu\/sinusitis\/preguntas-frecuentes\/","title":{"rendered":"Preguntas frecuentes"},"content":{"rendered":"<p><span style=\"font-size: 10pt;\">\u00a0<\/span><\/p>\n<p><span style=\"color: #1961a9; font-size: 10pt;\"><strong><span style=\"font-family: verdana, geneva;\">Sobre sinusitis<a href=\"http:\/\/blogs.sld.cu\/sinusitis\/files\/2021\/02\/preguntas.jpg\"><img loading=\"lazy\" class=\"  wp-image-132 alignright\" src=\"http:\/\/blogs.sld.cu\/sinusitis\/files\/2021\/02\/preguntas.jpg\" alt=\"preguntas\" width=\"219\" height=\"167\" srcset=\"https:\/\/blogs.sld.cu\/sinusitis\/files\/2021\/02\/preguntas.jpg 257w, https:\/\/blogs.sld.cu\/sinusitis\/files\/2021\/02\/preguntas-250x191.jpg 250w\" sizes=\"(max-width: 219px) 100vw, 219px\" \/><\/a><\/span><\/strong><\/span><\/p>\n<p><span style=\"font-size: 10pt;\"><strong><span style=\"font-family: verdana, geneva;\">\u00bfPor qu\u00e9 la enfermedad se llama sinusitis?<\/span><\/strong><\/span><\/p>\n<p><span style=\"font-size: 10pt; font-family: verdana, geneva;\">R\/ En medicina la terminaci\u00f3n <em>&#8220;itis&#8221;<\/em> nos habla de inflamaci\u00f3n, por tanto el t\u00e9rmino se refiere a la inflamaci\u00f3n de los senos paranasales.<\/span><\/p>\n<p><span style=\"font-size: 10pt;\"><strong><span style=\"font-family: verdana, geneva;\">\u00bfLa sinusitis se puede operar?<\/span><\/strong><\/span><\/p>\n<p><span style=\"font-size: 10pt; font-family: verdana, geneva;\">R\/ No todas son quir\u00fargicas\u00a0solo aquellas que no tiene buena respuesta al tratamiento m\u00e9dico, a se produce alguna complicaci\u00f3n o la enfermedad se hace recurrente.<\/span><\/p>\n<p><span style=\"font-size: 10pt;\"><strong><span style=\"font-family: verdana, geneva;\">\u00bfCu\u00e1l es la diferencia entre sinusitis y rinitis?<\/span><\/strong><\/span><\/p>\n<p><span style=\"font-size: 10pt; font-family: verdana, geneva;\">R\/ En muchos casos los t\u00e9rminos viene ligados, inclusive en la actualidad se le llama rinosinusitis porque la enfermedad no est\u00e1 solo localizada en los senos paranasales sino tambi\u00e9n en la mucosa nasal.<\/span><\/p>\n<p><span style=\"font-size: 10pt; font-family: verdana, geneva;\">El t\u00e9rmino rinitis se deja exclusivamente para las enfermedades inflamatorias de las fosas nasales.<\/span><\/p>\n<p><strong>\u00a0<\/strong><\/p>\n","protected":false},"excerpt":{"rendered":"<p>\u00a0 Sobre sinusitis \u00bfPor qu\u00e9 la enfermedad se llama sinusitis? R\/ En medicina la terminaci\u00f3n &#8220;itis&#8221; nos habla de inflamaci\u00f3n, por tanto el t\u00e9rmino se refiere a la inflamaci\u00f3n de los senos paranasales. \u00bfLa sinusitis se puede operar? R\/ No todas son quir\u00fargicas\u00a0solo aquellas que no tiene buena respuesta al tratamiento m\u00e9dico, a se produce [&hellip;]<\/p>\n","protected":false},"author":208,"featured_media":0,"parent":0,"menu_order":0,"comment_status":"closed","ping_status":"open","template":"","meta":[],"_links":{"self":[{"href":"https:\/\/blogs.sld.cu\/sinusitis\/wp-json\/wp\/v2\/pages\/27"}],"collection":[{"href":"https:\/\/blogs.sld.cu\/sinusitis\/wp-json\/wp\/v2\/pages"}],"about":[{"href":"https:\/\/blogs.sld.cu\/sinusitis\/wp-json\/wp\/v2\/types\/page"}],"author":[{"embeddable":true,"href":"https:\/\/blogs.sld.cu\/sinusitis\/wp-json\/wp\/v2\/users\/208"}],"replies":[{"embeddable":true,"href":"https:\/\/blogs.sld.cu\/sinusitis\/wp-json\/wp\/v2\/comments?post=27"}],"version-history":[{"count":11,"href":"https:\/\/blogs.sld.cu\/sinusitis\/wp-json\/wp\/v2\/pages\/27\/revisions"}],"predecessor-version":[{"id":147,"href":"https:\/\/blogs.sld.cu\/sinusitis\/wp-json\/wp\/v2\/pages\/27\/revisions\/147"}],"wp:attachment":[{"href":"https:\/\/blogs.sld.cu\/sinusitis\/wp-json\/wp\/v2\/media?parent=27"}],"curies":[{"name":"wp","href":"https:\/\/api.w.org\/{rel}","templated":true}]}}