{"id":166,"date":"2009-05-22T06:19:01","date_gmt":"2009-05-22T10:19:01","guid":{"rendered":"http:\/\/blogviejo.sld.cu\/stgomles\/?page_id=166"},"modified":"2009-05-22T06:19:01","modified_gmt":"2009-05-22T10:19:01","slug":"algunas-recomendaciones","status":"publish","type":"page","link":"https:\/\/blogs.sld.cu\/stgomles\/algunas-recomendaciones\/","title":{"rendered":"Algunas recomendaciones"},"content":{"rendered":"<p>En nuestro sitio tratamos de ofrecerte una compilaci\u00f3n de art\u00edculos de diferentes tem\u00e1ticas relacionadas con el trabajo en los laboratorios de pr\u00f3tesis estomatol\u00f3gica.<br \/>\nEstos art\u00edculos en su gran mayor\u00eda son enlaces autorizados a sitios de la especialidad en Internet.<br \/>\nPero estos art\u00edculos pueden ser borrados en alg\u00fan momento por los administradores de esos sitios, por esa raz\u00f3n:<\/p>\n<p><em><strong><span style=\"color: #008000\">RECOMENDAMOS QUE COPIES\u00a0 O DESCARGUES A TU COMPUTADORA PERSONAL, AQUELLOS ARTICULOS QUE SEAN DE TU INTER\u00c9S.<\/span><\/strong><\/em><\/p>\n","protected":false},"excerpt":{"rendered":"<p>En nuestro sitio tratamos de ofrecerte una compilaci\u00f3n de art\u00edculos de diferentes tem\u00e1ticas relacionadas con el trabajo en los laboratorios de pr\u00f3tesis estomatol\u00f3gica. Estos art\u00edculos en su gran mayor\u00eda son enlaces autorizados a sitios de la especialidad en Internet. Pero estos art\u00edculos pueden ser borrados en alg\u00fan momento por los administradores de esos sitios, por [&hellip;]<\/p>\n","protected":false},"author":155,"featured_media":0,"parent":0,"menu_order":2,"comment_status":"open","ping_status":"open","template":"","meta":[],"_links":{"self":[{"href":"https:\/\/blogs.sld.cu\/stgomles\/wp-json\/wp\/v2\/pages\/166"}],"collection":[{"href":"https:\/\/blogs.sld.cu\/stgomles\/wp-json\/wp\/v2\/pages"}],"about":[{"href":"https:\/\/blogs.sld.cu\/stgomles\/wp-json\/wp\/v2\/types\/page"}],"author":[{"embeddable":true,"href":"https:\/\/blogs.sld.cu\/stgomles\/wp-json\/wp\/v2\/users\/155"}],"replies":[{"embeddable":true,"href":"https:\/\/blogs.sld.cu\/stgomles\/wp-json\/wp\/v2\/comments?post=166"}],"version-history":[{"count":0,"href":"https:\/\/blogs.sld.cu\/stgomles\/wp-json\/wp\/v2\/pages\/166\/revisions"}],"wp:attachment":[{"href":"https:\/\/blogs.sld.cu\/stgomles\/wp-json\/wp\/v2\/media?parent=166"}],"curies":[{"name":"wp","href":"https:\/\/api.w.org\/{rel}","templated":true}]}}