{"id":24,"date":"2008-11-28T20:27:35","date_gmt":"2008-11-29T00:27:35","guid":{"rendered":"http:\/\/blogviejo.sld.cu\/stgomles\/publicaciones\/"},"modified":"2014-06-22T23:12:59","modified_gmt":"2014-06-22T23:12:59","slug":"publicaciones","status":"publish","type":"page","link":"https:\/\/blogs.sld.cu\/stgomles\/publicaciones\/","title":{"rendered":"Publicaciones"},"content":{"rendered":"<ul>\n<li><a href=\"http:\/\/www.eurjprosthodont.org\/\" target=\"_blank\">European Journal of Prosthodontics<\/a>\n<p>Revista a texto completo y arbitrada de la editorial Medknow que es una publicaci\u00f3n de la Sociedad de Investigaciones Dentales, y que cubre los estudios t\u00e9cnicos y cl\u00ednicos relacionados con la salud, las cuestiones \u00e9ticas y sociales en materia de Pr\u00f3tesis Fija, Pr\u00f3tesis maxilofacial, prostodoncia avanzada, materiales dentales. Art\u00edculos con inter\u00e9s cl\u00ednico y sus implicaciones tendr\u00e1n preferencia. Idioma: ingl\u00e9s<\/li>\n<li><a href=\"http:\/\/www.us.elsevierhealth.com\/media\/us\/samplechapters\/9780443068959\/9780443068959.pdf\" target=\"_blank\">Peter Heasman. Master Dentistry, 2nd Edition. Vol 2.Chapter 5.Restorative management of dental implants. Elsevier 2008<\/a><\/li>\n<\/ul>\n<p>Cap\u00edtulo de muestra que ofrece la editorial Elsevier de su libro \u201d Restorative management of dental implants\u201d que trata del tratamiento restaurativo de implantes dentales. Este cap\u00edtulo trata de los aspectos de la restauraci\u00f3n de los implantes dentales y ofrece una intencionalmente descripci\u00f3n b\u00e1sica de los elementos quir\u00fargicos de restauraci\u00f3n y b\u00e1sicas de rehabilitaci\u00f3n de los pacientes que usan pr\u00f3tesis retenidas por implantes.<br \/>\nDespu\u00e9s de una introducci\u00f3n a la terminolog\u00eda b\u00e1sica, el cap\u00edtulo es organizado para seguir v\u00eda de un paciente a trav\u00e9s de una planificaci\u00f3n pre-quir\u00fargica, colocaci\u00f3n de accesorios, la restauraci\u00f3n inmediata, la definitiva fases de la restauraci\u00f3n y mantenimiento del tratamiento.<br \/>\nEl uso de implantes dentales para las restauraciones de dientes simples como m\u00faltiples, se describir\u00e1n. Idioma: ingl\u00e9s<\/p>\n<ul>\n<li><a href=\"http:\/\/www.jidonline.com\/\" target=\"_blank\">Journal of Interdisciplinary Dentistry<\/a><\/li>\n<\/ul>\n<p>Revista a texto completo y arbitrada publicado por la editorial Medknow y perteneciente a la Sociedad de Prostodoncia- Restauraci\u00f3n-Periodoncia India., dedicada exclusivamente a promover el conocimiento y la pr\u00e1ctica de la odontolog\u00eda interdisciplinaria. Su objetivo es ofrecer la \u00faltima informaci\u00f3n basada en la evidencia en el \u00e1mbito de la odontolog\u00eda interdisciplinaria contempor\u00e1nea a trav\u00e9s de documentos cl\u00ednicos de alta calidad, informes de investigaci\u00f3n de sonido y las caracter\u00edsticas educativas. La gama de temas tratados en la revista incluye:<br \/>\n\u2022 Conceptos interdisciplinarios y revisiones.<br \/>\n\u2022 Periodontal y est\u00e9tica reparadora<br \/>\n\u2022 Las innovaciones en los conceptos y t\u00e9cnicas de prostodoncia<br \/>\n\u2022 Investigaci\u00f3n relacionada con la est\u00e9tica<br \/>\n\u2022 Materiales Dentales<br \/>\n\u2022 Restauraciones adhesivas conservadores<br \/>\n\u2022 Innovaciones en la est\u00e9tica<br \/>\n\u2022 Implantes<\/p>\n<p>Idioma: ingl\u00e9s<\/p>\n<ul>\n<li><a href=\"http:\/\/www.tecnicadental.com\/\" target=\"_blank\">altatecnicadental.com\u00a0 La revista<\/a><\/li>\n<\/ul>\n<p>Magn\u00edfica revista de t\u00e9cnicas de laboratorio completamente en espa\u00f1ol.<\/p>\n<ul>\n<li><a href=\"http:\/\/www.nature.com\/vital\/archive\/index.html\">Vital<\/a><\/li>\n<\/ul>\n<p>Vital es una revista a texto completo para todo el equipo dental. Desde asistentes hasta t\u00e9cnicos.<\/p>\n<ul>\n<li><a href=\"http:\/\/www.consejo-protesicosdentales.org\/revista-dental-protesis.php\" target=\"_blank\">Revista Dental Pr\u00f3tesis<\/a><\/li>\n<\/ul>\n<p>Revista a texto completo que ofrece la informacion agrupada y organizada del <a href=\"http:\/\/www.consejo-protesicosdentales.org\/\" target=\"_blank\">Ilustre Consejo General de Colegios de Prot\u00e9sicos Dentales de Espa\u00f1a<\/a>.<\/p>\n<ul>\n<li><a href=\"http:\/\/www.denturist.org\/magazine.html\" target=\"_blank\">Journal of Canadian Denturism<\/a><\/li>\n<\/ul>\n<p>Publicaci\u00f3n de la Sociedad Canadience de Protesistas.<\/p>\n<ul>\n<li><a href=\"http:\/\/www.jdentaled.org\/\" target=\"_blank\">Journal of Dental Education<\/a><\/li>\n<\/ul>\n<p>Publicaci\u00f3n mensual de la Asociaci\u00f3n Educacional Dental Americana<\/p>\n<ul>\n<li><a href=\"http:\/\/www.fdla.net\/newsletter.htm\" target=\"_blank\">Focus <\/a><\/li>\n<\/ul>\n<p>Revista de la Asociaci\u00f3n de Laboratorios Dentales de la Florida<\/p>\n<ul>\n<li><a href=\"http:\/\/www.dlany.org\/main\/newsletter_archive.htm\" target=\"_blank\">Smiles Magazine<\/a><\/li>\n<\/ul>\n<p>Revista de la asociaci\u00f3n de laboratorios dentales del estado de New York<\/p>\n<ul>\n<li><a href=\"http:\/\/dental-lab-international.com\/dli\/\" target=\"_blank\">Dental lab(or) international<\/a><\/li>\n<\/ul>\n<p>El autorizado journal independiente para tecnolog\u00eda dental avanzada.<\/p>\n<ul>\n<li><a href=\"http:\/\/www.revistaimpresiones.com.ar\/Index.html\" target=\"_blank\">Impresiones. Gu\u00eda dental de C\u00f3rdova. Argentina <\/a><\/li>\n<\/ul>\n<p><span class=\"Estilo29\">Gu\u00eda dental, Impresiones. Publicaci\u00f3n orientada principalmente al p\u00fablico cordob\u00e9s y argentino.<\/span><\/p>\n<p><span class=\"Estilo29\"><br \/>\n<\/span><\/p>\n<p><em><strong>&#8220;No necesito saberlo todo. Tan s\u00f3lo necesito saber d\u00f3nde encontrar lo que me haga falta, cuando lo necesite&#8221;.<br \/>\n<a href=\"http:\/\/es.wikipedia.org\/wiki\/Albert_Einstein\" target=\"_blank\">A. Einstein.<\/a><\/strong><\/em><\/p>\n","protected":false},"excerpt":{"rendered":"<p>European Journal of Prosthodontics Revista a texto completo y arbitrada de la editorial Medknow que es una publicaci\u00f3n de la Sociedad de Investigaciones Dentales, y que cubre los estudios t\u00e9cnicos y cl\u00ednicos relacionados con la salud, las cuestiones \u00e9ticas y sociales en materia de Pr\u00f3tesis Fija, Pr\u00f3tesis maxilofacial, prostodoncia avanzada, materiales dentales. Art\u00edculos con inter\u00e9s [&hellip;]<\/p>\n","protected":false},"author":155,"featured_media":0,"parent":0,"menu_order":9,"comment_status":"closed","ping_status":"closed","template":"","meta":[],"_links":{"self":[{"href":"https:\/\/blogs.sld.cu\/stgomles\/wp-json\/wp\/v2\/pages\/24"}],"collection":[{"href":"https:\/\/blogs.sld.cu\/stgomles\/wp-json\/wp\/v2\/pages"}],"about":[{"href":"https:\/\/blogs.sld.cu\/stgomles\/wp-json\/wp\/v2\/types\/page"}],"author":[{"embeddable":true,"href":"https:\/\/blogs.sld.cu\/stgomles\/wp-json\/wp\/v2\/users\/155"}],"replies":[{"embeddable":true,"href":"https:\/\/blogs.sld.cu\/stgomles\/wp-json\/wp\/v2\/comments?post=24"}],"version-history":[{"count":5,"href":"https:\/\/blogs.sld.cu\/stgomles\/wp-json\/wp\/v2\/pages\/24\/revisions"}],"predecessor-version":[{"id":1197,"href":"https:\/\/blogs.sld.cu\/stgomles\/wp-json\/wp\/v2\/pages\/24\/revisions\/1197"}],"wp:attachment":[{"href":"https:\/\/blogs.sld.cu\/stgomles\/wp-json\/wp\/v2\/media?parent=24"}],"curies":[{"name":"wp","href":"https:\/\/api.w.org\/{rel}","templated":true}]}}