{"id":303,"date":"2009-06-07T07:26:44","date_gmt":"2009-06-07T11:26:44","guid":{"rendered":"http:\/\/blogviejo.sld.cu\/stgomles\/?page_id=303"},"modified":"2009-06-07T07:26:44","modified_gmt":"2009-06-07T11:26:44","slug":"sociedades","status":"publish","type":"page","link":"https:\/\/blogs.sld.cu\/stgomles\/sociedades\/","title":{"rendered":"Sociedades"},"content":{"rendered":"<ul>\n<li><a href=\"http:\/\/www.aproden.com.ar\/index.asp\" target=\"_blank\">Asociaci\u00f3n de protesistas dentales de laboratorio. APRODEN. Argentina. <\/a><\/li>\n<\/ul>\n<ul>\n<li><a href=\"http:\/\/atpdp.com\/\" target=\"_blank\">Asociaci\u00f3n de T\u00e9cnicos en Pr\u00f3tesis Dental del Per\u00fa. <\/a><\/li>\n<\/ul>\n<ul>\n<li><a href=\"http:\/\/www.asmdt.com\/\">Welcome to ASMDT, the American Society of Master Dental Technologists<\/a>.<\/li>\n<\/ul>\n<ul>\n<li><a href=\"http:\/\/www.nadl.org\/\">National Association of Dental Laboratories NADL<\/a><\/li>\n<li><a href=\"http:\/\/www.prosthodontics.org\/\" target=\"_blank\">American College of Prosthodontists<\/a><\/li>\n<\/ul>\n<p>\u201cBuscamos la solidaridad no como un fin, sino como un medio encaminado a lograr que nuestra Am\u00e9rica cumpla su misi\u00f3n universal\u201d.\u00a0 <a href=\"http:\/\/es.wikipedia.org\/wiki\/Jos%C3%A9_Mart%C3%AD\" target=\"_blank\">Jos\u00e9 Mart\u00ed P\u00e9rez<\/a><\/p>\n","protected":false},"excerpt":{"rendered":"<p>Asociaci\u00f3n de protesistas dentales de laboratorio. APRODEN. Argentina. Asociaci\u00f3n de T\u00e9cnicos en Pr\u00f3tesis Dental del Per\u00fa. Welcome to ASMDT, the American Society of Master Dental Technologists. National Association of Dental Laboratories NADL American College of Prosthodontists \u201cBuscamos la solidaridad no como un fin, sino como un medio encaminado a lograr que nuestra Am\u00e9rica cumpla su [&hellip;]<\/p>\n","protected":false},"author":155,"featured_media":0,"parent":0,"menu_order":10,"comment_status":"open","ping_status":"closed","template":"","meta":[],"_links":{"self":[{"href":"https:\/\/blogs.sld.cu\/stgomles\/wp-json\/wp\/v2\/pages\/303"}],"collection":[{"href":"https:\/\/blogs.sld.cu\/stgomles\/wp-json\/wp\/v2\/pages"}],"about":[{"href":"https:\/\/blogs.sld.cu\/stgomles\/wp-json\/wp\/v2\/types\/page"}],"author":[{"embeddable":true,"href":"https:\/\/blogs.sld.cu\/stgomles\/wp-json\/wp\/v2\/users\/155"}],"replies":[{"embeddable":true,"href":"https:\/\/blogs.sld.cu\/stgomles\/wp-json\/wp\/v2\/comments?post=303"}],"version-history":[{"count":0,"href":"https:\/\/blogs.sld.cu\/stgomles\/wp-json\/wp\/v2\/pages\/303\/revisions"}],"wp:attachment":[{"href":"https:\/\/blogs.sld.cu\/stgomles\/wp-json\/wp\/v2\/media?parent=303"}],"curies":[{"name":"wp","href":"https:\/\/api.w.org\/{rel}","templated":true}]}}