{"id":44,"date":"2009-01-22T23:35:49","date_gmt":"2009-01-23T03:35:49","guid":{"rendered":"http:\/\/blogviejo.sld.cu\/stgomles\/acerca-de-este-blog\/"},"modified":"2009-01-22T23:35:49","modified_gmt":"2009-01-23T03:35:49","slug":"acerca-de-este-blog","status":"publish","type":"page","link":"https:\/\/blogs.sld.cu\/stgomles\/","title":{"rendered":"Acerca de este blog"},"content":{"rendered":"<p>Estimado colega:<img loading=\"lazy\" style=\"margin: 8px\" src=\"http:\/\/blogs.sld.cu\/stgomles\/files\/2008\/11\/mi-foto.jpg\" alt=\"\" hspace=\"5\" width=\"100\" height=\"113\" align=\"right\" \/><\/p>\n<p>El Blog de los laboratorios de Pr\u00f3tesis Estomatol\u00f3gica es un espacio dedicado a los estudiantes, Licenciados y T\u00e9cnicos de Pr\u00f3tesis Estomatol\u00f3gica, que pretende reunir informaci\u00f3n, compartir experiencias y debatir ideas sobre t\u00e9cnicas de laboratorio, para que todos juntos podamos elevar nuestro nivel tecnol\u00f3gico.<\/p>\n<p>Pero antes de comenzar, veamos que dice sobre los blogs, <strong>Fernando Santamar\u00eda Gonz\u00e1lez<\/strong> en <strong>HERRAMIENTAS COLABORATIVAS PARA LA ENSE\u00d1ANZA USANDO TECNOLOG\u00cdAS WEB.<\/strong><\/p>\n<p><em>&#8220;Un weblog, blog o bit\u00e1cora es una p\u00e1gina web con apuntes fechados en orden cronol\u00f3gico inverso, de tal forma que la anotaci\u00f3n m\u00e1s reciente es la que primero aparece. En el mundo educativo se suelen llamar edublogs.<\/em><\/p>\n<p><em>Los blogs son el servicio de Internet para publicaci\u00f3n personal en web m\u00e1s famoso de la actualidad, que ha puesto a millones de personas a escribir y compartir vivencias, aficiones personales e intereses profesionales. <\/em><\/p>\n<p><em>Los blogs son un medio de comunicaci\u00f3n colectivo que promueve la creaci\u00f3n y consumo de informaci\u00f3n original y veraz, y que provoca, con mucha eficiencia, la reflexi\u00f3n personal y social sobre los temas de los individuos, de los grupos y de la humanidad. <\/em><\/p>\n<p><em>Esta herramienta de car\u00e1cter colaborativo, es un instrumento ideal para los alumnos, tiene car\u00e1cter motivante, al verse comentados y vistos sus art\u00edculos por muchos lectores.\u00a0 Potencia el an\u00e1lisis, la reflexi\u00f3n, y a la vez permite poder compartir experiencias, conocimientos, y contenidos&#8221;.<\/em><\/p>\n<p>\u00bfComo funciona? Muy sencillo. En la columna de la derecha de este blog, encontraras todo lo publicado en orden cronol\u00f3gico inverso, bajo el titulo: <strong>Entradas recientes<\/strong>, aunque tambi\u00e9n encontraras todo ese contenido clasificado por temas bajo el titulo: <strong>Categor\u00edas.<\/strong><\/p>\n<p>Absolutamente todos los art\u00edculos est\u00e1n a texto completo con ilustraciones. Debajo del t\u00edtulo aparece un enlace que en algunas ocasiones tiene el mismo texto del t\u00edtulo y que corresponde al art\u00edculo. Debajo de este enlace aparece un comentario o resumen del art\u00edculo.<\/p>\n<p>Cada texto publicado o entrada, tiene al final un espacio para escribir, \u00f3 un enlace que dice <strong>No Comments<\/strong> si nadie ha enviado un comentario sobre ese tema. Pero si das Clic en ese enlace, se abre\u00a0el espacio donde puedes escribir tus impresiones.<\/p>\n<p>Todos los comentarios que se env\u00eden sobre un tema en especifico, quedar\u00e1n publicados y listados debajo del texto en cuesti\u00f3n, de esta forma, todos pueden leer lo que opina cada cual sobre ese tema y debatirlo.<\/p>\n<p>Ahora que ya sabes como funciona un blog, te invito a desarrollar y enriquecer este con tus opiniones o proponer temas de inter\u00e9s.<\/p>\n<p>Tambien puedes enviar articulos\u00a0 escribiendo a mi direcci\u00f3n de correo que aparece en el pie de pagina.<\/p>\n<p><strong><span style=\"color: #008000\">Entre todos, vamos a compartir la esperanza&#8230; de ser cada d\u00eda mejores profesionales.<\/span><\/strong><\/p>\n<p>Cordialmente:<br \/>\n<em><strong>Santiago Morales Corzo<\/strong><\/em><\/p>\n<p>Licenciado en Tecnolog\u00edas de la Salud: Perfil Pr\u00f3tesis Estomatol\u00f3gica.<\/p>\n<p>Administrador del sitio<\/p>\n<p><em><strong><br \/>\n<\/strong><\/em><\/p>\n","protected":false},"excerpt":{"rendered":"<p>Estimado colega: El Blog de los laboratorios de Pr\u00f3tesis Estomatol\u00f3gica es un espacio dedicado a los estudiantes, Licenciados y T\u00e9cnicos de Pr\u00f3tesis Estomatol\u00f3gica, que pretende reunir informaci\u00f3n, compartir experiencias y debatir ideas sobre t\u00e9cnicas de laboratorio, para que todos juntos podamos elevar nuestro nivel tecnol\u00f3gico. Pero antes de comenzar, veamos que dice sobre los blogs, [&hellip;]<\/p>\n","protected":false},"author":155,"featured_media":0,"parent":0,"menu_order":1,"comment_status":"open","ping_status":"open","template":"","meta":[],"_links":{"self":[{"href":"https:\/\/blogs.sld.cu\/stgomles\/wp-json\/wp\/v2\/pages\/44"}],"collection":[{"href":"https:\/\/blogs.sld.cu\/stgomles\/wp-json\/wp\/v2\/pages"}],"about":[{"href":"https:\/\/blogs.sld.cu\/stgomles\/wp-json\/wp\/v2\/types\/page"}],"author":[{"embeddable":true,"href":"https:\/\/blogs.sld.cu\/stgomles\/wp-json\/wp\/v2\/users\/155"}],"replies":[{"embeddable":true,"href":"https:\/\/blogs.sld.cu\/stgomles\/wp-json\/wp\/v2\/comments?post=44"}],"version-history":[{"count":1,"href":"https:\/\/blogs.sld.cu\/stgomles\/wp-json\/wp\/v2\/pages\/44\/revisions"}],"predecessor-version":[{"id":1185,"href":"https:\/\/blogs.sld.cu\/stgomles\/wp-json\/wp\/v2\/pages\/44\/revisions\/1185"}],"wp:attachment":[{"href":"https:\/\/blogs.sld.cu\/stgomles\/wp-json\/wp\/v2\/media?parent=44"}],"curies":[{"name":"wp","href":"https:\/\/api.w.org\/{rel}","templated":true}]}}