{"id":57,"date":"2009-05-11T06:30:27","date_gmt":"2009-05-11T10:30:27","guid":{"rendered":"http:\/\/blogviejo.sld.cu\/stgomles\/curriculum-vitae\/"},"modified":"2014-08-27T10:15:10","modified_gmt":"2014-08-27T10:15:10","slug":"curriculum-vitae","status":"publish","type":"page","link":"https:\/\/blogs.sld.cu\/stgomles\/curriculum-vitae\/","title":{"rendered":"Curriculum Vitae"},"content":{"rendered":"<p><strong>NOMBRE:<\/strong> Santiago Morales Corzo<br \/>\n<strong>FECHA DE NACIMIENTO:<\/strong> 10 de Noviembre de 1955<br \/>\n<strong>NACIONALIDAD:<\/strong> Cubano<br \/>\n<strong>TITULO:<\/strong> Licenciado en Tecnolog\u00edas de la Salud.<br \/>\nPerfil Pr\u00f3tesis Estomatol\u00f3gica.<br \/>\n<strong>PROFESI\u00d3N:<\/strong> Tecn\u00f3logo<br \/>\n<strong>DISTINCIONES:<\/strong><\/p>\n<ul>\n<li>Miembro Fundador\u00a0 y Secretario de la \u201cSecci\u00f3n de Rehabilitaci\u00f3n de la Cara y Pr\u00f3tesis Bucomaxilofacial\u201d de la Sociedad Cubana de Pr\u00f3tesis Estomatol\u00f3gica.<\/li>\n<\/ul>\n<ul>\n<li>Miembro de la \u201cSociedad Latinoamericana de Rehabilitaci\u00f3n de la Cara y Pr\u00f3tesis Bucomaxilofacial\u201d<\/li>\n<\/ul>\n<ul>\n<li>Miembro de la\u00a0 AMECA. Asociaci\u00f3n M\u00e9dica del Caribe.<\/li>\n<\/ul>\n<ul>\n<li>Miembro del Equipo Multidisciplinario de Cirug\u00eda Ortogn\u00e1tica del Servicio de Cirug\u00eda M\u00e1xilo Facial del Hospital \u201cHermanos Ameijeiras\u201d.<\/li>\n<\/ul>\n<ul>\n<li>Editor Principal de <a href=\"http:\/\/www.sld.cu\/sitios\/protesis\/index.php\" target=\"_blank\">\u201cSitio Web de la Red Asistencial Nacional de Rehabilitaci\u00f3n de la Cara y Pr\u00f3tesis Buco-M\u00e1xilo-Facial\u201d<\/a><\/li>\n<\/ul>\n<ul>\n<li>Editor de <a href=\"http:\/\/blogs.sld.cu\/stgomles\/\" target=\"_blank\">\u201cEl Blog de los Laboratorios de Pr\u00f3tesis Estomatol\u00f3gica\u201d<\/a><\/li>\n<\/ul>\n<ul>\n<li>Editor de sitios web promocionales del Centro Virtual de Convenciones de Salud (<a href=\"http:\/\/www.cencomed.sld.cu\/\">Cencomed<\/a>)<\/li>\n<\/ul>\n<p>Ud puede desacargar <a href=\"http:\/\/blogs.sld.cu\/stgomles\/files\/2009\/05\/Santiago-Curr\u00edculo.pdf\" target=\"_blank\">mi curr\u00edculo completo en formato PDF aqu\u00ed<\/a><\/p>\n<p><strong>CENTRO DE TRABAJO: <\/strong>Hospital Cl\u00ednico Quir\u00fargico: &#8220;Hermanos Ameijeiras&#8221;.<\/p>\n<p><strong>ESTUDIOS REALIZADOS:<\/strong><\/p>\n<ul>\n<li>Bachiller en Ciencias y Letras<\/li>\n<li>T\u00e9cnico Medio en Pr\u00f3tesis Estomatol\u00f3gicas 1982.<\/li>\n<li>Licenciado en Tecnolog\u00edas de la Salud. Perfil Pr\u00f3tesis Estomatol\u00f3gica. 2008<\/li>\n<\/ul>\n<p><strong>RESUMEN:<\/strong><\/p>\n<ul>\n<li>41 Cursos recibidos.<\/li>\n<li>17 Cursos impartidos (2 en Sao Paulo, Brasil. 2008 y 2009).<\/li>\n<li>17 Temas libres.<\/li>\n<li>4\u00a0\u00a0 Publicaciones<\/li>\n<li>18 Trabajos en colaboraci\u00f3n con otros autores.<\/li>\n<li>41 Eventos cient\u00edficos.<\/li>\n<li>Asesoria a 2 tesis de T\u00e9cnico Medio en Pr\u00f3tesis Estomatol\u00f3gica.<\/li>\n<\/ul>\n<p><strong>EXPERIENCIA:<\/strong><\/p>\n<ul>\n<li>Graduado con premio en el Polit\u00e9cnico Nacional de Estomatolog\u00eda en el a\u00f1o 1982.<\/li>\n<li>Trabaj\u00f3 en la Facultad de Estomatolog\u00eda del\u00a0 Instituto Superior de Ciencias M\u00e9dicas de La Habana desde 1982 hasta 1987.<\/li>\n<li>Trabaja en el Servicio de Cirug\u00eda Maxilofacial del Hospital &#8220;Hermanos Ameijeiras&#8221; desde 1987.<\/li>\n<li>Graduado con Titulo de Oro de Licenciado en Tecnolog\u00edas de la Salud.\u00a0 Perfil Pr\u00f3tesis Estomatol\u00f3gica. FATESA. Ciudad de la Habana 2008.<\/li>\n<\/ul>\n","protected":false},"excerpt":{"rendered":"<p>NOMBRE: Santiago Morales Corzo FECHA DE NACIMIENTO: 10 de Noviembre de 1955 NACIONALIDAD: Cubano TITULO: Licenciado en Tecnolog\u00edas de la Salud. Perfil Pr\u00f3tesis Estomatol\u00f3gica. PROFESI\u00d3N: Tecn\u00f3logo DISTINCIONES: Miembro Fundador\u00a0 y Secretario de la \u201cSecci\u00f3n de Rehabilitaci\u00f3n de la Cara y Pr\u00f3tesis Bucomaxilofacial\u201d de la Sociedad Cubana de Pr\u00f3tesis Estomatol\u00f3gica. Miembro de la \u201cSociedad Latinoamericana de [&hellip;]<\/p>\n","protected":false},"author":155,"featured_media":0,"parent":0,"menu_order":3,"comment_status":"open","ping_status":"open","template":"","meta":[],"_links":{"self":[{"href":"https:\/\/blogs.sld.cu\/stgomles\/wp-json\/wp\/v2\/pages\/57"}],"collection":[{"href":"https:\/\/blogs.sld.cu\/stgomles\/wp-json\/wp\/v2\/pages"}],"about":[{"href":"https:\/\/blogs.sld.cu\/stgomles\/wp-json\/wp\/v2\/types\/page"}],"author":[{"embeddable":true,"href":"https:\/\/blogs.sld.cu\/stgomles\/wp-json\/wp\/v2\/users\/155"}],"replies":[{"embeddable":true,"href":"https:\/\/blogs.sld.cu\/stgomles\/wp-json\/wp\/v2\/comments?post=57"}],"version-history":[{"count":4,"href":"https:\/\/blogs.sld.cu\/stgomles\/wp-json\/wp\/v2\/pages\/57\/revisions"}],"predecessor-version":[{"id":1247,"href":"https:\/\/blogs.sld.cu\/stgomles\/wp-json\/wp\/v2\/pages\/57\/revisions\/1247"}],"wp:attachment":[{"href":"https:\/\/blogs.sld.cu\/stgomles\/wp-json\/wp\/v2\/media?parent=57"}],"curies":[{"name":"wp","href":"https:\/\/api.w.org\/{rel}","templated":true}]}}