{"id":58,"date":"2009-05-21T21:23:33","date_gmt":"2009-05-22T01:23:33","guid":{"rendered":"http:\/\/blogviejo.sld.cu\/stgomles\/\/"},"modified":"2014-06-19T21:59:45","modified_gmt":"2014-06-19T21:59:45","slug":"supercursos-de-la-uvs","status":"publish","type":"page","link":"https:\/\/blogs.sld.cu\/stgomles\/supercursos-de-la-uvs\/","title":{"rendered":"Supercursos de la UVS"},"content":{"rendered":"<p><strong>\u00bfQU\u00c9 ES UN SUPERCURSO?<\/strong><\/p>\n<p>Son lecciones realizadas en Power Point sobre un tema determinado que est\u00e1n disponibles con acceso libre y pueden ser descargadas en tu ordenador. En la p\u00e1gina de la BVS puede leerse:<\/p>\n<p><strong><em>&#8220;El desarrollo vertiginoso de las tecnolog\u00edas de computaci\u00f3n y las telecomunicaciones ha provocado una verdadera revoluci\u00f3n en el campo de la educaci\u00f3n a distancia. En este contexto los supercursos se han revelado con gran fuerza. Un supercurso no es m\u00e1s que una modalidad de educaci\u00f3n a distancia en forma de biblioteca de lecciones con un alto nivel de preparaci\u00f3n y actualizaci\u00f3n sobre un tema espec\u00edfico, listas para ser usadas como material de clase o referencia, tanto por alumnos como profesores&#8221;<\/em><\/strong>.\u00a0 <a href=\"http:\/\/supercurso.sld.cu\/\" target=\"_blank\">Para saber m\u00e1s&#8230;.<\/a><\/p>\n<p>En esta p\u00e1gina de nuestro blog, nos proponemos ir creando una lista de supercursos sobre temas del laboratorio de pr\u00f3tesis estomatol\u00f3gica que esperamos, te pueda ser \u00fatil en tu desarrollo profesional. Cada enlace te llevar\u00e1 a la p\u00e1gina de Supercursos de la Universidad Virtual donde podr\u00e1s descargar el archivo.<\/p>\n<p><span style=\"text-decoration: underline\">Supercusos:<\/span><\/p>\n<ol>\n<li><a href=\"http:\/\/supercurso.sld.cu\/Members\/stgomles\/presentation.2010-02-05.9450328215\" target=\"_blank\">Dise\u00f1o de Pr\u00f3tesis Parcial Removible Met\u00e1lica para Hemimandibulectom\u00eda<\/a><\/li>\n<li><a href=\"http:\/\/supercurso.sld.cu\/presentation.2011-02-03.3989587959\" target=\"_blank\">Pr\u00f3tesis maxilofacial con menci\u00f3n ocular<\/a><\/li>\n<li><a href=\"http:\/\/www.uvs.sld.cu\/sites\/default\/files\/usuarios\/grisel\/ciclo_masticatorio.pptx\" target=\"_blank\">Introducci\u00f3n a la oclusi\u00f3n funcional: Ciclo Masticatorio.<\/a><\/li>\n<\/ol>\n<p>___________________________________________________<\/p>\n<p><strong><em>&#8220;Educar es mostrar alternativas, caminos u opciones diferentes, para que el alumno decida cu\u00e1les ha de elegir&#8221;. <\/em><\/strong><a href=\"http:\/\/es.wikipedia.org\/wiki\/F%C3%A9lix_Varela\" target=\"_blank\"><strong><em>F\u00e9lix Varela<\/em><\/strong><\/a><strong><em>.<\/em><\/strong><\/p>\n<p>&nbsp;<\/p>\n<p>&nbsp;<\/p>\n<p>&nbsp;<\/p>\n","protected":false},"excerpt":{"rendered":"<p>\u00bfQU\u00c9 ES UN SUPERCURSO? Son lecciones realizadas en Power Point sobre un tema determinado que est\u00e1n disponibles con acceso libre y pueden ser descargadas en tu ordenador. En la p\u00e1gina de la BVS puede leerse: &#8220;El desarrollo vertiginoso de las tecnolog\u00edas de computaci\u00f3n y las telecomunicaciones ha provocado una verdadera revoluci\u00f3n en el campo de [&hellip;]<\/p>\n","protected":false},"author":155,"featured_media":0,"parent":0,"menu_order":11,"comment_status":"open","ping_status":"closed","template":"","meta":[],"_links":{"self":[{"href":"https:\/\/blogs.sld.cu\/stgomles\/wp-json\/wp\/v2\/pages\/58"}],"collection":[{"href":"https:\/\/blogs.sld.cu\/stgomles\/wp-json\/wp\/v2\/pages"}],"about":[{"href":"https:\/\/blogs.sld.cu\/stgomles\/wp-json\/wp\/v2\/types\/page"}],"author":[{"embeddable":true,"href":"https:\/\/blogs.sld.cu\/stgomles\/wp-json\/wp\/v2\/users\/155"}],"replies":[{"embeddable":true,"href":"https:\/\/blogs.sld.cu\/stgomles\/wp-json\/wp\/v2\/comments?post=58"}],"version-history":[{"count":3,"href":"https:\/\/blogs.sld.cu\/stgomles\/wp-json\/wp\/v2\/pages\/58\/revisions"}],"predecessor-version":[{"id":1189,"href":"https:\/\/blogs.sld.cu\/stgomles\/wp-json\/wp\/v2\/pages\/58\/revisions\/1189"}],"wp:attachment":[{"href":"https:\/\/blogs.sld.cu\/stgomles\/wp-json\/wp\/v2\/media?parent=58"}],"curies":[{"name":"wp","href":"https:\/\/api.w.org\/{rel}","templated":true}]}}