{"id":133,"date":"2021-11-23T22:18:07","date_gmt":"2021-11-23T22:18:07","guid":{"rendered":"https:\/\/blogs.sld.cu\/tabaquismo\/?page_id=133"},"modified":"2021-11-28T00:25:35","modified_gmt":"2021-11-28T00:25:35","slug":"sintomas","status":"publish","type":"page","link":"https:\/\/blogs.sld.cu\/tabaquismo\/sintomas\/","title":{"rendered":"S\u00edntomas"},"content":{"rendered":"<p>todo el consumo de tabaco no se considera tabaquismo. Hay que observar que la persona manifieste\u00a0 algunos de los siguientes signos:<\/p>\n<ul>\n<li>\u00a0\u00a0\u00a0 Consumo de siete cigarrillos por d\u00eda o m\u00e1s<\/li>\n<li>\u00a0\u00a0\u00a0 Consumo de cigarrillos con alto nivel de nicotina (m\u00e1s de 0,9 mg).<\/li>\n<li>\u00a0\u00a0\u00a0 Inhalar profunda y frecuentemente<\/li>\n<li>\u00a0\u00a0\u00a0 Fumar dentro de los 30 minutos luego de despertar por la ma\u00f1ana<\/li>\n<li>\u00a0\u00a0\u00a0 Dificultades o imposibilidad de eliminar ese primer cigarrillo<\/li>\n<li>\u00a0\u00a0\u00a0 Mayor cantidad de cigarrillos por la ma\u00f1ana.<\/li>\n<li>La <strong>nicotina<\/strong> es un estimulante y un sedante del sistema nervioso central, que produce <strong>s\u00edntomas de abstinencia al dejarlo. <\/strong><\/li>\n<li>Ansia de fumar<\/li>\n<li>\u00a0\u00a0\u00a0 Dolor de cabeza<\/li>\n<li>\u00a0\u00a0\u00a0 Mareos y v\u00e9rtigo<\/li>\n<li>ritabilidad<\/li>\n<li>\u00a0\u00a0\u00a0 Temblor interior<\/li>\n<li>\u00a0\u00a0\u00a0 Falta de concentraci\u00f3n<\/li>\n<li>\u00a0\u00a0\u00a0 Temblor de manos<\/li>\n<li>\u00a0\u00a0\u00a0 Perdida de apetito<\/li>\n<li>\u00a0\u00a0\u00a0 Dolor de ojos<\/li>\n<li>\u00a0\u00a0\u00a0 Nauseas<\/li>\n<li>\u00a0\u00a0\u00a0 V\u00f3mitos<\/li>\n<li>\u00a0\u00a0\u00a0 Cambios de sabor<\/li>\n<li>\u00a0\u00a0\u00a0 Ansiedad para comer<\/li>\n<li>\u00a0\u00a0\u00a0 Contracciones musculares<\/li>\n<li>\u00a0\u00a0\u00a0 Cansancio<\/li>\n<li>\u00a0\u00a0\u00a0 Debilitamiento<\/li>\n<li>\u00a0\u00a0\u00a0 Sudor de manos<\/li>\n<li>\u00a0\u00a0\u00a0 Hormigueos en la piel<\/li>\n<li><\/li>\n<li>La ansiedad de fumar aparece en picos de diferente intensidad, los m\u00e1s fuertes son a las 48 horas de dejar de fumar, debe de controlarlos con su fuerza de voluntad y con agua o zumos, a veces haciendo inhalaciones profundas de aire o con actividad f\u00edsica. El ox\u00edgeno es un buen tranquilizante de los nervios. Puede apoyarse en este periodo con complejos vitam\u00ednicos B.<\/li>\n<\/ul>\n<p>\u00bfCu\u00e1l es el tratamiento recomendado?<\/p>\n<p>&nbsp;<\/p>\n<ol>\n<li>Terapias sustitutivas de nicotina<\/li>\n<\/ol>\n<p>&nbsp;<\/p>\n<p>S\u00f3lo en los casos necesarios se debe plantear un apoyo con terapias sustitutivas de la nicotina, con voluntad sin m\u00e1s hay un 8% de \u00e9xitos a la primera, sube al 10 % y hasta el 18% en la quinta intentona.<\/p>\n","protected":false},"excerpt":{"rendered":"<p>todo el consumo de tabaco no se considera tabaquismo. Hay que observar que la persona manifieste\u00a0 algunos de los siguientes signos: \u00a0\u00a0\u00a0 Consumo de siete cigarrillos por d\u00eda o m\u00e1s \u00a0\u00a0\u00a0 Consumo de cigarrillos con alto nivel de nicotina (m\u00e1s de 0,9 mg). \u00a0\u00a0\u00a0 Inhalar profunda y frecuentemente \u00a0\u00a0\u00a0 Fumar dentro de los 30 minutos [&hellip;]<\/p>\n","protected":false},"author":208,"featured_media":0,"parent":0,"menu_order":0,"comment_status":"closed","ping_status":"closed","template":"","meta":[],"_links":{"self":[{"href":"https:\/\/blogs.sld.cu\/tabaquismo\/wp-json\/wp\/v2\/pages\/133"}],"collection":[{"href":"https:\/\/blogs.sld.cu\/tabaquismo\/wp-json\/wp\/v2\/pages"}],"about":[{"href":"https:\/\/blogs.sld.cu\/tabaquismo\/wp-json\/wp\/v2\/types\/page"}],"author":[{"embeddable":true,"href":"https:\/\/blogs.sld.cu\/tabaquismo\/wp-json\/wp\/v2\/users\/208"}],"replies":[{"embeddable":true,"href":"https:\/\/blogs.sld.cu\/tabaquismo\/wp-json\/wp\/v2\/comments?post=133"}],"version-history":[{"count":3,"href":"https:\/\/blogs.sld.cu\/tabaquismo\/wp-json\/wp\/v2\/pages\/133\/revisions"}],"predecessor-version":[{"id":136,"href":"https:\/\/blogs.sld.cu\/tabaquismo\/wp-json\/wp\/v2\/pages\/133\/revisions\/136"}],"wp:attachment":[{"href":"https:\/\/blogs.sld.cu\/tabaquismo\/wp-json\/wp\/v2\/media?parent=133"}],"curies":[{"name":"wp","href":"https:\/\/api.w.org\/{rel}","templated":true}]}}