{"id":41,"date":"2021-04-20T01:08:07","date_gmt":"2021-04-20T01:08:07","guid":{"rendered":"http:\/\/blogs.sld.cu\/tabaquismo\/?page_id=41"},"modified":"2021-12-10T19:50:17","modified_gmt":"2021-12-10T19:50:17","slug":"acerca-de","status":"publish","type":"page","link":"https:\/\/blogs.sld.cu\/tabaquismo\/acerca-de\/","title":{"rendered":"Acerca de"},"content":{"rendered":"<div class=\"itemIntroText\">\n<p><span style=\"font-size: 12pt; font-family: verdana, geneva;\">El tabaquismo es una enfermedad provocada por el consumo de tabaco. El tabaco es una droga legal,\u00a0 socialmente compartida y aceptada en nuestro medio, pero que enferma.<br \/>\n<\/span><\/p>\n<\/div>\n<div class=\"itemFullText\">\n<p><span style=\"font-size: 12pt; font-family: verdana, geneva;\">El fumar deja de ser un h\u00e1bito cuando la actividad se vuelve una necesidad o se convierte en una dependencia. Existen dos tipos de dependencias, la sicol\u00f3gica y la f\u00edsica. La sicol\u00f3gica aparece primero, lleva tiempo en funci\u00f3n de muchos factores, de la exposici\u00f3n continua a la sustancia, de la din\u00e1mica que le permita acceder a ella y de cambios sociales que le impone el consumo de la sustancia; mientras que la f\u00edsica se siente cuando el organismo le demanda su consumo. <\/span><\/p>\n<p><span style=\"font-size: 12pt; font-family: verdana, geneva;\">El objetivo fundamental de este sitio, es llevar un mensaje a los que nos visiten de las desventajas que trae para sus vidas esta adicci\u00f3n, desde el punto de vista de la salud, mental y f\u00edsica, pero tambi\u00e9n desde el punto de vista econ\u00f3mico. La editora del sitio es la <a title=\"Dra. Yamilet Garc\u00eda Gonz\u00e1lez\" href=\"http:\/\/blogs.sld.cu\/tabaquismo\/dra-yamilet-garcia-gonzalez\/\">Dra. Yamilet Garc\u00eda Gonz\u00e1lez,<\/a>y la coeditora la <a href=\"https:\/\/blogs.sld.cu\/alcoholismo\/dra-leannes-garcia-rosales\/\" target=\"_blank\" rel=\"noopener\">Dra Leannes Garcia Rosales<\/a>\u00a0 ambas especialistas del Centro Nacional de Toxicolog\u00eda.<\/span><\/p>\n<\/div>\n","protected":false},"excerpt":{"rendered":"<p>El tabaquismo es una enfermedad provocada por el consumo de tabaco. El tabaco es una droga legal,\u00a0 socialmente compartida y aceptada en nuestro medio, pero que enferma. El fumar deja de ser un h\u00e1bito cuando la actividad se vuelve una necesidad o se convierte en una dependencia. Existen dos tipos de dependencias, la sicol\u00f3gica y [&hellip;]<\/p>\n","protected":false},"author":208,"featured_media":0,"parent":0,"menu_order":0,"comment_status":"closed","ping_status":"open","template":"","meta":[],"_links":{"self":[{"href":"https:\/\/blogs.sld.cu\/tabaquismo\/wp-json\/wp\/v2\/pages\/41"}],"collection":[{"href":"https:\/\/blogs.sld.cu\/tabaquismo\/wp-json\/wp\/v2\/pages"}],"about":[{"href":"https:\/\/blogs.sld.cu\/tabaquismo\/wp-json\/wp\/v2\/types\/page"}],"author":[{"embeddable":true,"href":"https:\/\/blogs.sld.cu\/tabaquismo\/wp-json\/wp\/v2\/users\/208"}],"replies":[{"embeddable":true,"href":"https:\/\/blogs.sld.cu\/tabaquismo\/wp-json\/wp\/v2\/comments?post=41"}],"version-history":[{"count":8,"href":"https:\/\/blogs.sld.cu\/tabaquismo\/wp-json\/wp\/v2\/pages\/41\/revisions"}],"predecessor-version":[{"id":86,"href":"https:\/\/blogs.sld.cu\/tabaquismo\/wp-json\/wp\/v2\/pages\/41\/revisions\/86"}],"wp:attachment":[{"href":"https:\/\/blogs.sld.cu\/tabaquismo\/wp-json\/wp\/v2\/media?parent=41"}],"curies":[{"name":"wp","href":"https:\/\/api.w.org\/{rel}","templated":true}]}}