{"id":43,"date":"2021-04-20T01:09:24","date_gmt":"2021-04-20T01:09:24","guid":{"rendered":"http:\/\/blogs.sld.cu\/tabaquismo\/?page_id=43"},"modified":"2021-12-10T19:22:46","modified_gmt":"2021-12-10T19:22:46","slug":"que-es-el-tabaquismo","status":"publish","type":"page","link":"https:\/\/blogs.sld.cu\/tabaquismo\/que-es-el-tabaquismo\/","title":{"rendered":"\u00bfQu\u00e9 es el Tabaquismo?"},"content":{"rendered":"<p style=\"text-align: left;\"><span style=\"font-size: 12pt; font-family: verdana, geneva;\">El tabaquismo es una enfermedad cr\u00f3nica, que provoca adicci\u00f3n y que es responsable de m\u00e1s de 25 enfermedades.<\/span><\/p>\n<p style=\"text-align: left;\"><span style=\"font-size: 12pt; font-family: verdana, geneva;\">Se encuentra entre los primeros 5 factores de riesgo de las principales enfermedades que afectan en Cuba (Enfermedades cardiovasculares y las neoplasias)<\/span><\/p>\n<p style=\"text-align: left;\"><span style=\"font-size: 12pt; font-family: verdana, geneva;\">Es un tipo de\u00a0 adicci\u00f3n en la que la libertad de elecci\u00f3n de la persona est\u00e1 comprometida por los efectos de la NICOTINA en el Sistema nervioso central.<\/span><\/p>\n<p style=\"text-align: left;\"><span style=\"font-size: 12pt; font-family: verdana, geneva;\">Es hasta cierto punto tolerada por la sociedad por lo que la mayor\u00eda de las personas llegan a consulta cuando ya tienen una enfermedad establecida como consecuencia del consumo.<\/span><\/p>\n<p style=\"text-align: left;\"><span style=\"font-size: 12pt; font-family: verdana, geneva;\">El tabaco es el \u00fanico producto legal que mata a la mitad de los que lo consumen y a cientos de miles de no fumadores activos.<\/span><\/p>\n<p style=\"text-align: left;\"><span style=\"font-size: 12pt; font-family: verdana, geneva;\">\u00bfQu\u00e9 es ser fumador pasivo y por qu\u00e9 se afecta el individuo?<\/span><\/p>\n<p style=\"text-align: left;\"><span style=\"font-size: 12pt; font-family: verdana, geneva;\">Es la inhalaci\u00f3n involuntaria de una mezcla del humo emitido directamente por la combusti\u00f3n del cigarrillo y del humo exhalado por los fumadores, obligando as\u00ed a muchas personas que no fuman a verse expuestas a los riesgos y da\u00f1os que provoca el tabaco. El fumador pasivo es aquel individuo que inhala el humo del cigarro sin fumarlo. Generalmente los convivientes de un fumador o en el medio laboral cuando se fuma en lugares no apropiados para ello afectando al resto de los trabajadores. Supone un alto riesgo innecesario para la salud de la mayor\u00eda de la poblaci\u00f3n no fumadora.<\/span><\/p>\n<p style=\"text-align: left;\"><span style=\"font-size: 12pt; font-family: verdana, geneva;\">En el humo del cigarro encontramos dos corrientes: Una corriente primaria y una secundaria:<\/span><\/p>\n<p style=\"text-align: left;\"><span style=\"font-size: 12pt; font-family: verdana, geneva;\"><strong>Corriente primaria:<\/strong> Es el humo aspirado por el fumador. Esta corriente es la causante de las enfermedades del fumador activo. Representa aproximadamente el 25 % del humo del cigarro.<\/span><\/p>\n<p style=\"text-align: left;\"><span style=\"font-size: 12pt; font-family: verdana, geneva;\"><strong>Corriente secundaria<\/strong>: Es el humo procedente de la combusti\u00f3n pasiva del cigarro. Es la corriente que contamina el ambiente y afecta al fumador pasivo. Representa el 75 % del humo del cigarro<\/span><\/p>\n","protected":false},"excerpt":{"rendered":"<p>El tabaquismo es una enfermedad cr\u00f3nica, que provoca adicci\u00f3n y que es responsable de m\u00e1s de 25 enfermedades. Se encuentra entre los primeros 5 factores de riesgo de las principales enfermedades que afectan en Cuba (Enfermedades cardiovasculares y las neoplasias) Es un tipo de\u00a0 adicci\u00f3n en la que la libertad de elecci\u00f3n de la persona [&hellip;]<\/p>\n","protected":false},"author":208,"featured_media":0,"parent":0,"menu_order":0,"comment_status":"closed","ping_status":"open","template":"","meta":[],"_links":{"self":[{"href":"https:\/\/blogs.sld.cu\/tabaquismo\/wp-json\/wp\/v2\/pages\/43"}],"collection":[{"href":"https:\/\/blogs.sld.cu\/tabaquismo\/wp-json\/wp\/v2\/pages"}],"about":[{"href":"https:\/\/blogs.sld.cu\/tabaquismo\/wp-json\/wp\/v2\/types\/page"}],"author":[{"embeddable":true,"href":"https:\/\/blogs.sld.cu\/tabaquismo\/wp-json\/wp\/v2\/users\/208"}],"replies":[{"embeddable":true,"href":"https:\/\/blogs.sld.cu\/tabaquismo\/wp-json\/wp\/v2\/comments?post=43"}],"version-history":[{"count":10,"href":"https:\/\/blogs.sld.cu\/tabaquismo\/wp-json\/wp\/v2\/pages\/43\/revisions"}],"predecessor-version":[{"id":156,"href":"https:\/\/blogs.sld.cu\/tabaquismo\/wp-json\/wp\/v2\/pages\/43\/revisions\/156"}],"wp:attachment":[{"href":"https:\/\/blogs.sld.cu\/tabaquismo\/wp-json\/wp\/v2\/media?parent=43"}],"curies":[{"name":"wp","href":"https:\/\/api.w.org\/{rel}","templated":true}]}}