{"id":47,"date":"2021-04-20T01:15:15","date_gmt":"2021-04-20T01:15:15","guid":{"rendered":"http:\/\/blogs.sld.cu\/tabaquismo\/?page_id=47"},"modified":"2021-12-10T19:39:42","modified_gmt":"2021-12-10T19:39:42","slug":"tabaco-nicotins","status":"publish","type":"page","link":"https:\/\/blogs.sld.cu\/tabaquismo\/tabaco-nicotins\/","title":{"rendered":"Tabaco y nicotina"},"content":{"rendered":"<div id=\"ency_summary\" style=\"text-align: right;\">\n<p style=\"text-align: left;\"><a href=\"http:\/\/blogs.sld.cu\/tabaquismo\/files\/2021\/11\/aborigen-cubano-fumando.jpg\"><img loading=\"lazy\" class=\"alignnone size-full wp-image-126\" src=\"http:\/\/blogs.sld.cu\/tabaquismo\/files\/2021\/11\/aborigen-cubano-fumando.jpg\" alt=\"\" width=\"259\" height=\"194\" srcset=\"https:\/\/blogs.sld.cu\/tabaquismo\/files\/2021\/11\/aborigen-cubano-fumando.jpg 259w, https:\/\/blogs.sld.cu\/tabaquismo\/files\/2021\/11\/aborigen-cubano-fumando-250x187.jpg 250w\" sizes=\"(max-width: 259px) 100vw, 259px\" \/><\/a><\/p>\n<p>El descubrimiento de Am\u00e9rica por Crist\u00f3bal Col\u00f3n en 1492, tambi\u00e9n trajo consigo el descubrimiento del tabaco, para el mundo occidental. Los espa\u00f1oles vieron que los indios, inhalaban el humo quemando las hojas secas de una planta, en unos cilindros largos. La consum\u00edan hombres y mujeres, y los sacerdotes de las tribus entraban en trance para conectarse con el mundo de los esp\u00edritus en las ceremonias religiosas. No era comestible, pero la usaban en medicina como cataplasma, para los problemas de la piel. La denominaban de distintas formas, seg\u00fan las regiones y los dialectos y se conoc\u00eda en todas las regiones del continente \u00a0:yoli,\u00a0\u00a0 petum, picietl, cumpai, tobago, etc.<\/p>\n<p>La planta del tabaco <em>Nicotiana tabacum<\/em> contiene la <strong>nicotina<\/strong>, que es un alcaloide presente en las hojas de tabaco, en mayor proporci\u00f3n, pero que tambi\u00e9n est\u00e1 presente\u00a0 en otras plantas como el tomate, la berenjena, el pimiento verde y el t\u00e9 negro. Es tan adictiva como el alcohol, la coca\u00edna y la morfina. Y es adictiva pues induce la producci\u00f3n de <strong>dopamina<\/strong>, por neuronas del cerebro.\u00a0 La dopamina,\u00a0 es un potente neurotransmisor, estimulante del sistema nervioso central.<\/p>\n<p><strong>Entonc<\/strong>es<\/p>\n<p><strong>\u00bfPor qu\u00e9 se fuma?<\/strong><\/p>\n<p>Porque fumar\u00a0 es una drogadicci\u00f3n, ya que el hecho de fumar tabaco cumple con todos los criterios que definen al consumo de una droga \u00a0 Existencia de tolerancia<\/p>\n<ul>\n<li>\u00a0\u00a0\u00a0 Dependencia<\/li>\n<li>\u00a0\u00a0\u00a0 S\u00edndrome de abstinencia en ausencia de la misma<\/li>\n<li>\u00a0\u00a0\u00a0 Comportamiento compulsivo<\/li>\n<li><\/li>\n<li>El m\u00e1ximo responsable de la dependencia es la nicotina, sustancia con un gran poder de adicci\u00f3n similar al de otras drogas como la hero\u00edna o coca\u00edna.<\/li>\n<li><\/li>\n<li>La forma de dependencia que genera el h\u00e1bito de fumar es:<\/li>\n<li><\/li>\n<li>\u00a0\u00a0\u00a0 Dependencia f\u00edsica, provocada directamente. como explicamos\u00a0 por la nicotina y es la responsable del s\u00edndrome de abstinencia.<\/li>\n<li>\u00a0\u00a0\u00a0 Dependencia psicol\u00f3gica, el h\u00e1bito de fumar se ha convertido en una compa\u00f1\u00eda en todo tipo de situaciones, despu\u00e9s de las comidas, con el caf\u00e9, al hablar por tel\u00e9fono, etc., y parece imposible cambiar esta relaci\u00f3n.<\/li>\n<li>\u00a0\u00a0\u00a0 Dependencia social, el fumar sigue siendo un acto social, se hace en grupos, en ciertas reuniones deamigos y en momentos relajados tras cenas, y sobre todo sigue siendo un h\u00e1bito que distingue a ciertos grupos,\u00a0 d\u00e1ndoles un valor social de rebeld\u00eda y de madurez .<\/li>\n<li><\/li>\n<\/ul>\n<p><strong>\u00bfPor qu\u00e9 dejar de fumar?<\/strong><\/p>\n<p>&nbsp;<\/p>\n<p>La causa principal es que el consumo de tabaco constituye la principal causa de enfermedad evitable y de mortalidad prevenible.l tabaco se han encontrado m\u00faltiples sustancias que rjudiciales para la salud. Entre ellas, destacan por sus efectos nocivos:<\/p>\n<p>&nbsp;<\/p>\n<p>Los alquitranes (benzopirenos y nitrosaminas) responsables de todos los tipos de c\u00e1ncer (vejiga, ri\u00f1\u00f3n, p\u00e1ncreas, est\u00f3mago,etc.), y\u00a0 fobre todo c\u00e1ncer de pulm\u00f3n.<\/p>\n<p>El mon\u00f3xido de carbono, que es el causante de\u00a0 de las enfermedades cardiovasculares.<\/p>\n<p>La nicotina,es la que que produce la dependencia f\u00edsica.<\/p>\n<p>La nicotina es un estimulante y un sedante del sistema nervioso centralLa <strong>nicotina<\/strong>, es un alcaloide presente en las hojas de tabaco, en mayor proporci\u00f3n, pero tambi\u00e9n en otras plantas como el tomate, la berenjena, el pimiento verde y el t\u00e9 negro. Es tan adictiva como el alcohol, la coca\u00edna y la morfina, y es adictiva orque induce la producci\u00f3n de <strong>dopamina<\/strong>,(potente neurotrasmisor,que se produce en neuronas del cerebro y que estimula el sistema nervioso central.<\/p>\n<p>&nbsp;<\/p>\n<p>.<\/p>\n<p>&nbsp;<\/p>\n<p>Adem\u00e1s el tabaco es el causante de la mortalidad por procesos pulmonares cr\u00f3nicos.<\/p>\n<p><strong>\u00bfC\u00f3mo dejar de fumar?<\/strong><\/p>\n<p>&nbsp;<\/p>\n<p>Para dejar de fumar se debe de pasar por una serie de procesos temporales de actitud ante el h\u00e1bito, y es necesario pasar por ellos para poder tomar una actitud de abandono total.<\/p>\n<p>&nbsp;<\/p>\n<p>&nbsp;<\/p>\n<p>&nbsp;<\/p>\n<p>&nbsp;<\/p>\n<p>Fuente:<\/p>\n<p>&nbsp;<\/p>\n<p>&nbsp;<\/p>\n<p>&nbsp;<\/p>\n<p>&nbsp;<\/p>\n<p>&nbsp;<\/p>\n<p>&nbsp;<\/p>\n<\/div>\n<section><\/section>\n","protected":false},"excerpt":{"rendered":"<p>El descubrimiento de Am\u00e9rica por Crist\u00f3bal Col\u00f3n en 1492, tambi\u00e9n trajo consigo el descubrimiento del tabaco, para el mundo occidental. Los espa\u00f1oles vieron que los indios, inhalaban el humo quemando las hojas secas de una planta, en unos cilindros largos. La consum\u00edan hombres y mujeres, y los sacerdotes de las tribus entraban en trance para [&hellip;]<\/p>\n","protected":false},"author":208,"featured_media":0,"parent":0,"menu_order":0,"comment_status":"closed","ping_status":"open","template":"","meta":[],"_links":{"self":[{"href":"https:\/\/blogs.sld.cu\/tabaquismo\/wp-json\/wp\/v2\/pages\/47"}],"collection":[{"href":"https:\/\/blogs.sld.cu\/tabaquismo\/wp-json\/wp\/v2\/pages"}],"about":[{"href":"https:\/\/blogs.sld.cu\/tabaquismo\/wp-json\/wp\/v2\/types\/page"}],"author":[{"embeddable":true,"href":"https:\/\/blogs.sld.cu\/tabaquismo\/wp-json\/wp\/v2\/users\/208"}],"replies":[{"embeddable":true,"href":"https:\/\/blogs.sld.cu\/tabaquismo\/wp-json\/wp\/v2\/comments?post=47"}],"version-history":[{"count":21,"href":"https:\/\/blogs.sld.cu\/tabaquismo\/wp-json\/wp\/v2\/pages\/47\/revisions"}],"predecessor-version":[{"id":159,"href":"https:\/\/blogs.sld.cu\/tabaquismo\/wp-json\/wp\/v2\/pages\/47\/revisions\/159"}],"wp:attachment":[{"href":"https:\/\/blogs.sld.cu\/tabaquismo\/wp-json\/wp\/v2\/media?parent=47"}],"curies":[{"name":"wp","href":"https:\/\/api.w.org\/{rel}","templated":true}]}}