{"id":56,"date":"2021-04-20T01:22:47","date_gmt":"2021-04-20T01:22:47","guid":{"rendered":"http:\/\/blogs.sld.cu\/tabaquismo\/?page_id=56"},"modified":"2021-12-03T17:42:18","modified_gmt":"2021-12-03T17:42:18","slug":"fumadores-activos","status":"publish","type":"page","link":"https:\/\/blogs.sld.cu\/tabaquismo\/fumadores-activos\/","title":{"rendered":"Tratamiento"},"content":{"rendered":"<p>Lo primero es que la persona quiera dejar de fumar y sea consciente de ello, por problemas de salud, familiares, econ\u00f3micos, o de cualquier otra \u00edndole..<\/p>\n<p>El tratamiento puede ser: individualizado y gratamiento grupal.<\/p>\n<p>Farmacol\u00f3gico y no farmacol\u00f3gico..<\/p>\n","protected":false},"excerpt":{"rendered":"<p>Lo primero es que la persona quiera dejar de fumar y sea consciente de ello, por problemas de salud, familiares, econ\u00f3micos, o de cualquier otra \u00edndole.. El tratamiento puede ser: individualizado y gratamiento grupal. Farmacol\u00f3gico y no farmacol\u00f3gico..<\/p>\n","protected":false},"author":208,"featured_media":0,"parent":0,"menu_order":0,"comment_status":"closed","ping_status":"open","template":"","meta":[],"_links":{"self":[{"href":"https:\/\/blogs.sld.cu\/tabaquismo\/wp-json\/wp\/v2\/pages\/56"}],"collection":[{"href":"https:\/\/blogs.sld.cu\/tabaquismo\/wp-json\/wp\/v2\/pages"}],"about":[{"href":"https:\/\/blogs.sld.cu\/tabaquismo\/wp-json\/wp\/v2\/types\/page"}],"author":[{"embeddable":true,"href":"https:\/\/blogs.sld.cu\/tabaquismo\/wp-json\/wp\/v2\/users\/208"}],"replies":[{"embeddable":true,"href":"https:\/\/blogs.sld.cu\/tabaquismo\/wp-json\/wp\/v2\/comments?post=56"}],"version-history":[{"count":6,"href":"https:\/\/blogs.sld.cu\/tabaquismo\/wp-json\/wp\/v2\/pages\/56\/revisions"}],"predecessor-version":[{"id":146,"href":"https:\/\/blogs.sld.cu\/tabaquismo\/wp-json\/wp\/v2\/pages\/56\/revisions\/146"}],"wp:attachment":[{"href":"https:\/\/blogs.sld.cu\/tabaquismo\/wp-json\/wp\/v2\/media?parent=56"}],"curies":[{"name":"wp","href":"https:\/\/api.w.org\/{rel}","templated":true}]}}