{"id":60,"date":"2021-04-20T01:30:10","date_gmt":"2021-04-20T01:30:10","guid":{"rendered":"http:\/\/blogs.sld.cu\/tabaquismo\/?page_id=60"},"modified":"2021-04-20T05:15:57","modified_gmt":"2021-04-20T05:15:57","slug":"centros-de-atencion","status":"publish","type":"page","link":"https:\/\/blogs.sld.cu\/tabaquismo\/centros-de-atencion\/","title":{"rendered":"Centros de atenci\u00f3n"},"content":{"rendered":"<table>\n<tbody>\n<tr>\n<td colspan=\"2\" width=\"552\"><span style=\"font-size: 12pt;font-family: verdana, geneva\">DEPARTAMENTOS DE SALUD MENTAL<\/span><\/td>\n<\/tr>\n<tr>\n<td width=\"269\"><span style=\"font-size: 12pt;font-family: verdana, geneva\">MUNICIPIOS<\/span><\/td>\n<td width=\"284\"><span style=\"font-size: 12pt;font-family: verdana, geneva\">TEL\u00c9FONOS<\/span><\/td>\n<\/tr>\n<tr>\n<td width=\"269\"><span style=\"font-size: 12pt;font-family: verdana, geneva\">Regla<\/span><\/td>\n<td width=\"284\"><span style=\"font-size: 12pt;font-family: verdana, geneva\">77979541<\/span><\/td>\n<\/tr>\n<tr>\n<td width=\"269\"><span style=\"font-size: 12pt;font-family: verdana, geneva\">Guanabacoa<\/span><\/td>\n<td width=\"284\"><span style=\"font-size: 12pt;font-family: verdana, geneva\">77973060\u00a0\u00a0\u00a0 P. Mando\u00a0 77978984<\/span><\/td>\n<\/tr>\n<tr>\n<td width=\"269\"><span style=\"font-size: 12pt;font-family: verdana, geneva\">Cotorro<\/span><\/td>\n<td width=\"284\"><span style=\"font-size: 12pt;font-family: verdana, geneva\">76823331\u00a0\u00a0\u00a0 P. Mando\u00a0 76826788<\/span><\/td>\n<\/tr>\n<tr>\n<td width=\"269\"><span style=\"font-size: 12pt;font-family: verdana, geneva\">Cerro<\/span><\/td>\n<td width=\"284\"><span style=\"font-size: 12pt;font-family: verdana, geneva\">78764629<\/span><\/td>\n<\/tr>\n<tr>\n<td width=\"269\"><span style=\"font-size: 12pt;font-family: verdana, geneva\">Marianao<\/span><\/td>\n<td width=\"284\"><span style=\"font-size: 12pt;font-family: verdana, geneva\">72624440<\/span><\/td>\n<\/tr>\n<tr>\n<td width=\"269\"><span style=\"font-size: 12pt;font-family: verdana, geneva\">Lisa<\/span><\/td>\n<td width=\"284\"><span style=\"font-size: 12pt;font-family: verdana, geneva\">72629426<\/span><\/td>\n<\/tr>\n<tr>\n<td width=\"269\"><span style=\"font-size: 12pt;font-family: verdana, geneva\">Diez de Octubre<\/span><\/td>\n<td width=\"284\"><span style=\"font-size: 12pt;font-family: verdana, geneva\">76413606<\/span><\/td>\n<\/tr>\n<tr>\n<td width=\"269\"><span style=\"font-size: 12pt;font-family: verdana, geneva\">Habana Vieja<\/span><\/td>\n<td width=\"284\"><span style=\"font-size: 12pt;font-family: verdana, geneva\">78644471<\/span><\/td>\n<\/tr>\n<tr>\n<td width=\"269\"><span style=\"font-size: 12pt;font-family: verdana, geneva\">Boyeros<\/span><\/td>\n<td width=\"284\"><span style=\"font-size: 12pt;font-family: verdana, geneva\">76833585\u00a0\u00a0\u00a0 76834030<\/span><\/td>\n<\/tr>\n<tr>\n<td width=\"269\"><span style=\"font-size: 12pt;font-family: verdana, geneva\">Playa<\/span><\/td>\n<td width=\"284\"><span style=\"font-size: 12pt;font-family: verdana, geneva\">72076846<\/span><\/td>\n<\/tr>\n<tr>\n<td width=\"269\"><span style=\"font-size: 12pt;font-family: verdana, geneva\">Plaza<\/span><\/td>\n<td width=\"284\"><span style=\"font-size: 12pt;font-family: verdana, geneva\">78309042<\/span><\/td>\n<\/tr>\n<tr>\n<td width=\"269\"><span style=\"font-size: 12pt;font-family: verdana, geneva\">San Miguel del Padr\u00f3n<\/span><\/td>\n<td width=\"284\"><span style=\"font-size: 12pt;font-family: verdana, geneva\">76928417<\/span><\/td>\n<\/tr>\n<tr>\n<td width=\"269\"><span style=\"font-size: 12pt;font-family: verdana, geneva\">Centro Habana<\/span><\/td>\n<td width=\"284\"><span style=\"font-size: 12pt;font-family: verdana, geneva\">78660649<\/span><\/td>\n<\/tr>\n<tr>\n<td width=\"269\"><span style=\"font-size: 12pt;font-family: verdana, geneva\">Habana del Este<\/span><\/td>\n<td width=\"284\"><span style=\"font-size: 12pt;font-family: verdana, geneva\">77962239<\/span><\/td>\n<\/tr>\n<tr>\n<td width=\"269\"><span style=\"font-size: 12pt;font-family: verdana, geneva\">Arroyo Naranjo<\/span><\/td>\n<td width=\"284\"><span style=\"font-size: 12pt;font-family: verdana, geneva\">76437163\u00a0\u00a0\u00a0<\/span><\/td>\n<\/tr>\n<\/tbody>\n<\/table>\n<p><span style=\"font-size: 12pt;font-family: verdana, geneva\">El apoyo social es clave para lograr una vida saludable y\u00a0 libre de humo. Los tel\u00e9fonos que te sugerimos son de Centros de ayuda, si quieres abandonar la adicci\u00f3n y no eres capaz de hacerlo solo. Pide a tu familia, amigos y compa\u00f1eros de trabajo que te apoyen y te motiven. <\/span><\/p>\n","protected":false},"excerpt":{"rendered":"<p>DEPARTAMENTOS DE SALUD MENTAL MUNICIPIOS TEL\u00c9FONOS Regla 77979541 Guanabacoa 77973060\u00a0\u00a0\u00a0 P. Mando\u00a0 77978984 Cotorro 76823331\u00a0\u00a0\u00a0 P. Mando\u00a0 76826788 Cerro 78764629 Marianao 72624440 Lisa 72629426 Diez de Octubre 76413606 Habana Vieja 78644471 Boyeros 76833585\u00a0\u00a0\u00a0 76834030 Playa 72076846 Plaza 78309042 San Miguel del Padr\u00f3n 76928417 Centro Habana 78660649 Habana del Este 77962239 Arroyo Naranjo 76437163\u00a0\u00a0\u00a0 El apoyo [&hellip;]<\/p>\n","protected":false},"author":208,"featured_media":0,"parent":0,"menu_order":0,"comment_status":"open","ping_status":"open","template":"","meta":[],"_links":{"self":[{"href":"https:\/\/blogs.sld.cu\/tabaquismo\/wp-json\/wp\/v2\/pages\/60"}],"collection":[{"href":"https:\/\/blogs.sld.cu\/tabaquismo\/wp-json\/wp\/v2\/pages"}],"about":[{"href":"https:\/\/blogs.sld.cu\/tabaquismo\/wp-json\/wp\/v2\/types\/page"}],"author":[{"embeddable":true,"href":"https:\/\/blogs.sld.cu\/tabaquismo\/wp-json\/wp\/v2\/users\/208"}],"replies":[{"embeddable":true,"href":"https:\/\/blogs.sld.cu\/tabaquismo\/wp-json\/wp\/v2\/comments?post=60"}],"version-history":[{"count":3,"href":"https:\/\/blogs.sld.cu\/tabaquismo\/wp-json\/wp\/v2\/pages\/60\/revisions"}],"predecessor-version":[{"id":83,"href":"https:\/\/blogs.sld.cu\/tabaquismo\/wp-json\/wp\/v2\/pages\/60\/revisions\/83"}],"wp:attachment":[{"href":"https:\/\/blogs.sld.cu\/tabaquismo\/wp-json\/wp\/v2\/media?parent=60"}],"curies":[{"name":"wp","href":"https:\/\/api.w.org\/{rel}","templated":true}]}}