{"id":1074,"date":"2015-12-02T15:48:14","date_gmt":"2015-12-02T15:48:14","guid":{"rendered":"http:\/\/blogs.sld.cu\/taiz\/?page_id=1074"},"modified":"2015-12-04T19:13:06","modified_gmt":"2015-12-04T19:13:06","slug":"ajustes","status":"publish","type":"page","link":"https:\/\/blogs.sld.cu\/taiz\/wordpress\/ajustes\/","title":{"rendered":"Ajustes"},"content":{"rendered":"<table style=\"height: 346px\" border=\"0\" width=\"817\" cellspacing=\"3\">\n<tbody>\n<tr>\n<td style=\"text-align: left;vertical-align: top;background-color: #f0ebf7\" scope=\"row\"><img loading=\"lazy\" class=\" wp- image-849 alignnone\" style=\"border-width: 0px;margin: 3px\" title=\"Wordpress\" src=\"https:\/\/blogs.sld.cu\/taiz\/files\/2013\/11\/sobre-wordpress.png\" alt=\"Wordpress\" width=\"135\" height=\"136\" \/>\u25ba<a href=\"https:\/\/blogs.sld.cu\/taiz\/wordpress\/escritorio-y-menu-de-trabajo\/\">Escritorio y men\u00fa de trabajo<br \/>\n<\/a>\u25ba<a title=\"Elementos principales de wordpress\" href=\"https:\/\/blogs.sld.cu\/taiz\/wordpress\/876-2\/\">Elementos principales<br \/>\n<\/a>\u25ba\u00a0<a href=\"https:\/\/blogs.sld.cu\/taiz\/wordpress\/ajustes\/\">Ajustes<br \/>\n<\/a>\u25ba <a href=\"https:\/\/blogs.sld.cu\/taiz\/wordpress\/usuario-perfil\/\">Usuario &#8211; Perfil<\/a><\/td>\n<td><\/td>\n<td style=\"text-align: justify;vertical-align: top\" scope=\"row\">\n<h3><img loading=\"lazy\" class=\"alignleft wp-image-1077 size-full\" style=\"border-width: 0px;margin: 3px\" src=\"https:\/\/blogs.sld.cu\/taiz\/files\/2015\/12\/atenci\u00f3n-1-peq.gif\" alt=\"Atenci\u00f3n\" width=\"43\" height=\"36\" \/>Este elemento puede estar oculto en algunos de nuestros sitios por estrategias de seguridad. Cuando le entregamos el sitio al editor, ya le hicimos estos ajustes previamente, aunque m\u00e1s adelante se pueda hacer alguna que otra rectificaci\u00f3n. No obstante, explicamos cada una de las secciones:<\/h3>\n<p><a href=\"https:\/\/blogs.sld.cu\/taiz\/files\/2015\/12\/Ajustes-generales.jpg\" target=\"_blank\"><img loading=\"lazy\" class=\"alignnone wp-image-1080 size-medium\" style=\"border-width: 0px;margin: 3px\" title=\"Ajustes generales. Ampliar imagen\" src=\"https:\/\/blogs.sld.cu\/taiz\/files\/2015\/12\/Ajustes-generales-e1449177925709-300x180.jpg\" alt=\"Ajustes generales. Ampliar imagen\" width=\"300\" height=\"180\" \/><\/a><\/p>\n<p><strong>Generales:<\/strong> el <em>T\u00edtulo del sitio<\/em> debe ser claro, preciso y vinculado el tema. La <em>Descripci\u00f3n corta<\/em> es muy importante porque es una de las informaciones que utilizan los buscadores para indizar los sitios. La <em>Direcci\u00f3n de correo<\/em> es aquella a d\u00f3nde ir\u00e1n dirigidos los mensajes al administrador o editor; en nuestros sitios debe ser institucional o de trabajo, nunca privada. El <em>Formato de fecha<\/em> preferido es\u00a002\/12\/2015 y el <em>Formato de hora<\/em> es\u00a04:17 PM. El <em>Idioma del sitio<\/em> solo afecta a la secci\u00f3n de administraci\u00f3n. Lo dem\u00e1s permanece por defecto.<\/p>\n<p><strong>Escritura:<\/strong> en <em>Formato<\/em> debe estar desmarcado \u00abConvertir emoticonos&#8230;\u00bb.\u00a0Lo dem\u00e1s permanece por defecto.<\/p>\n<p><strong>Lectura:<\/strong> en\u00a0<em>la P\u00e1gina inicial mostrar\u00e1<\/em>, se define si vamos a mostrar las entradas o una p\u00e1gina est\u00e1tica en la vista\u00a0principal del sitio; en el \u00faltimo caso, se selecciona en el men\u00fa. Tambi\u00e9n permite definir el\u00a0<em>N\u00famero m\u00e1ximo de entradas a mostrar en el sitio<\/em>, si son \u00a0entradas lo que vamos a mostrar.\u00a0Lo dem\u00e1s permanece por defecto.<\/p>\n<p><strong>Comentarios:<\/strong> en esta secci\u00f3n deben estar marcadas las siguientes opciones:<\/p>\n<p style=\"padding-left: 30px\">\u2022\u00a0<label for=\"default_comment_status\">Permitir comentarios en las nuevas entradas<br \/>\n\u2022\u00a0El autor del comentario debe rellenar el nombre y el correo electr\u00f3nico<br \/>\n\u2022\u00a0Activar los comentarios anidados<br \/>\n\u2022\u00a0Se ha recibido un comentario para moderar<br \/>\n\u2022\u00a0Un administrador debe aprobar el comentario<br \/>\n\u2022\u00a0No mostrar avatares<br \/>\n\u2022\u00a0G \u2014 Para todos los p\u00fablicos<br \/>\n\u2022\u00a0Sin avatar<br \/>\n<\/label><\/p>\n<p><strong>Multimedia:<\/strong>\u00a0permanece por defecto.<\/p>\n<p><strong>Privacidad:<\/strong> debe estar marcado <em>Permitir que los buscadores indexen tu sitio<\/em>.<\/p>\n<p><strong>Enlaces permanentes:<\/strong> define qu\u00e9 informaci\u00f3n va a mostrar el url de las p\u00e1ginas y entradas del sitio. Es importante evitar mostrar solo n\u00fameros y c\u00f3digos pues no dan ninguna informaci\u00f3n. La opci\u00f3n de preferencia en nuestros sitios es <em>D\u00eda y nombre<\/em>.<\/p>\n<p><strong>Breadcrumb NavXT:<\/strong> es el \u00abcaminito de migajas\u00bb, que muestra por qu\u00e9 secciones del sitio pasamos para llegar a un contenido determinado. Depende de que hallamos establecido correctamente las jerarqu\u00edas en las p\u00e1ginas y las categor\u00edas\/etiquetas en las entradas. En la imagen est\u00e1 enmarcado en rojo:<\/p>\n<p><a href=\"https:\/\/blogs.sld.cu\/taiz\/files\/2015\/12\/Breadcrumb-NavXT.jpg\" target=\"_blank\"><img loading=\"lazy\" class=\"alignnone wp-image-1102 size-medium\" title=\"Breadcrumb NavXT. Ampliar imagen\" src=\"https:\/\/blogs.sld.cu\/taiz\/files\/2015\/12\/Breadcrumb-NavXT-300x102.jpg\" alt=\"Breadcrumb NavXT. Ampliar imagen\" width=\"300\" height=\"102\" \/><\/a><\/p>\n<p>Las opciones de configuraci\u00f3n son muy amplias pero por el momento solo marcamos <em>Colocar un link a la p\u00e1gina de inicio en la ruta de navegaci\u00f3n<\/em>, en <em>Opci\u00f3n de Navegaci\u00f3n Inicio<\/em>. Se establece \u00abInicio\u00bb como <em>T\u00edtulo de P\u00e1gina de Inicio<\/em>. Y se establece _&gt;_ como\u00a0<em>Separador de Navegaci\u00f3n<\/em>.\u00a0Lo dem\u00e1s permanece por defecto.<\/p>\n<p><strong>Widgets on Pages:<\/strong> son widgets o gadgets que se pueden insertar dentro de p\u00e1ginas. Muy \u00fatiles porque ampl\u00edan las opciones de configuraci\u00f3n de las p\u00e1ginas secundarias del sitio. Aqu\u00ed se define la cantidad\u00a0de <em>widgets in pages<\/em> con que vamos a contar en el sitio. Generalmente ponemos 5 y no los nombramos; permanecen con un n\u00famero como identidad.<\/p>\n<p><strong>HTML Sitemap:<\/strong> se definen los elementos que va a mostrar el mapa del sitio. Preferentemente:\u00a0<em>Include pages<\/em>,\u00a0<em>Include categories<\/em> e\u00a0<em>Include tags<\/em>. Esto es: p\u00e1ginas, categor\u00edas y etiquetas.<\/td>\n<\/tr>\n<\/tbody>\n<\/table>\n","protected":false},"excerpt":{"rendered":"<p>\u25baEscritorio y men\u00fa de trabajo \u25baElementos principales \u25ba\u00a0Ajustes \u25ba Usuario &#8211; Perfil Este elemento puede estar oculto en algunos de nuestros sitios por estrategias de seguridad. Cuando le entregamos el sitio al editor, ya le hicimos estos ajustes previamente, aunque m\u00e1s adelante se pueda hacer alguna que otra rectificaci\u00f3n. No obstante, explicamos cada una de [&hellip;]<\/p>\n","protected":false},"author":122,"featured_media":0,"parent":2,"menu_order":0,"comment_status":"closed","ping_status":"closed","template":"monocolumn.php","meta":[],"_links":{"self":[{"href":"https:\/\/blogs.sld.cu\/taiz\/wp-json\/wp\/v2\/pages\/1074"}],"collection":[{"href":"https:\/\/blogs.sld.cu\/taiz\/wp-json\/wp\/v2\/pages"}],"about":[{"href":"https:\/\/blogs.sld.cu\/taiz\/wp-json\/wp\/v2\/types\/page"}],"author":[{"embeddable":true,"href":"https:\/\/blogs.sld.cu\/taiz\/wp-json\/wp\/v2\/users\/122"}],"replies":[{"embeddable":true,"href":"https:\/\/blogs.sld.cu\/taiz\/wp-json\/wp\/v2\/comments?post=1074"}],"version-history":[{"count":28,"href":"https:\/\/blogs.sld.cu\/taiz\/wp-json\/wp\/v2\/pages\/1074\/revisions"}],"predecessor-version":[{"id":1162,"href":"https:\/\/blogs.sld.cu\/taiz\/wp-json\/wp\/v2\/pages\/1074\/revisions\/1162"}],"up":[{"embeddable":true,"href":"https:\/\/blogs.sld.cu\/taiz\/wp-json\/wp\/v2\/pages\/2"}],"wp:attachment":[{"href":"https:\/\/blogs.sld.cu\/taiz\/wp-json\/wp\/v2\/media?parent=1074"}],"curies":[{"name":"wp","href":"https:\/\/api.w.org\/{rel}","templated":true}]}}