{"id":1144,"date":"2015-12-04T17:17:14","date_gmt":"2015-12-04T17:17:14","guid":{"rendered":"http:\/\/blogs.sld.cu\/taiz\/?page_id=1144"},"modified":"2016-01-06T20:07:57","modified_gmt":"2016-01-06T20:07:57","slug":"usuario-perfil","status":"publish","type":"page","link":"https:\/\/blogs.sld.cu\/taiz\/wordpress\/usuario-perfil\/","title":{"rendered":"Usuario &#8211; Perfil"},"content":{"rendered":"<table style=\"height: 346px\" border=\"0\" width=\"817\" cellspacing=\"3\">\n<tbody>\n<tr>\n<td style=\"text-align: left;vertical-align: top;background-color: #f0ebf7\" scope=\"row\"><img loading=\"lazy\" class=\" wp-image-849 alignnone\" style=\"border-width: 0px;margin: 3px\" title=\"Wordpress\" src=\"https:\/\/blogs.sld.cu\/taiz\/files\/2013\/11\/sobre-wordpress.png\" alt=\"Wordpress\" width=\"135\" height=\"136\" srcset=\"https:\/\/blogs.sld.cu\/taiz\/files\/2013\/11\/sobre-wordpress.png 249w, https:\/\/blogs.sld.cu\/taiz\/files\/2013\/11\/sobre-wordpress-150x150.png 150w\" sizes=\"(max-width: 135px) 100vw, 135px\" \/><br \/>\n\u25ba\u00a0<a href=\"https:\/\/blogs.sld.cu\/taiz\/wordpress\/escritorio-y-menu-de-trabajo\/\">Escritorio y men\u00fa de trabajo<br \/>\n<\/a>\u25ba\u00a0<a title=\"Elementos principales de wordpress\" href=\"https:\/\/blogs.sld.cu\/taiz\/wordpress\/876-2\/\">Elementos principales<br \/>\n<\/a>\u25ba <a href=\"https:\/\/blogs.sld.cu\/taiz\/wordpress\/ajustes\/\">Ajustes<br \/>\n<\/a>\u25ba<a href=\"https:\/\/blogs.sld.cu\/taiz\/wordpress\/usuario-perfil\/\">Usuario \u2013 Perfil<\/a><\/td>\n<td><\/td>\n<td style=\"vertical-align: top;text-align: justify\" scope=\"row\">\n<p style=\"text-align: justify\">En esta secci\u00f3n se introducen\u00a0los datos del editor que aparecen en el sitio.\u00a0Otra v\u00eda de acceso a esta secci\u00f3n es desde la esquina superior derecha del escritorio, donde se ve nuestro nombre de usuario y desde donde se despliega un men\u00fa con un acceso directo a la edici\u00f3n del perfil.<\/p>\n<p style=\"text-align: justify\"><a href=\"https:\/\/blogs.sld.cu\/taiz\/files\/2015\/12\/Perfil1.jpg\" target=\"_blank\"><img loading=\"lazy\" class=\"alignnone wp-image-1147 size-medium\" style=\"border-width: 0px;margin: 3px\" title=\"Perfil - acceso 1. Ampliar imagen\" src=\"https:\/\/blogs.sld.cu\/taiz\/files\/2015\/12\/Perfil1-120x300.jpg\" alt=\"Perfil - acceso 1\" width=\"120\" height=\"300\" \/><\/a>\u00a0<a href=\"https:\/\/blogs.sld.cu\/taiz\/files\/2015\/12\/Perfil2.jpg\" target=\"_blank\"><img loading=\"lazy\" class=\"alignnone wp-image-1148 size-medium\" style=\"border-width: 0px;margin: 3px\" title=\"Perfil - acceso 2. Ampliar imagen\" src=\"https:\/\/blogs.sld.cu\/taiz\/files\/2015\/12\/Perfil2-300x95.jpg\" alt=\"Perfil - acceso 2\" width=\"300\" height=\"95\" \/><\/a><\/p>\n<p style=\"text-align: justify\"><strong>Opciones personales:<\/strong>\u00a0<span style=\"text-decoration: underline\">no marcar<\/span> la opci\u00f3n de desactivar el editor visual, pues no se podr\u00e1 utilizar el editor de texto de las entradas y las p\u00e1ginas.\u00a0<em>Muestra la barra de herramientas<\/em> en el sitio viene marcada por defecto.<\/p>\n<p style=\"text-align: justify\"><strong>Nombre:<\/strong> el <em>Nombre de usuario<\/em> se establece cuando se crea el sitio y no se puede cambiar desde esta opci\u00f3n. En\u00a0<em>Mostrar este nombre p\u00fablicamente<\/em> debe\u00a0seleccionarse el nombre completo, pues es el que se mostrar\u00e1 en el pie de p\u00e1gina (<em>footer<\/em>).<\/p>\n<p style=\"text-align: justify\"><strong>Informaci\u00f3n de contacto:<\/strong> en nuestros sitios, que no son personales, debe ponerse el correo electr\u00f3nico asignado para trabajar en el sitio, que ser\u00e1 un correo institucional.<\/p>\n<p style=\"text-align: justify\"><strong>Acerca de ti:<\/strong> aqu\u00ed se introduce la titularidad del editor: Especialista de I Grado, Profesor consultante, Investigador auxiliar, etc. Tambi\u00e9n en este espacio se cambia la contrase\u00f1a.<\/p>\n<p style=\"text-align: justify\"><b>Campos adicionales:<\/b>\u00a0Los datos que se piden en esta secci\u00f3n son los que aparecen en el <i>footer<\/i>. En\u00a0<i>Horario de Atenci\u00f3n<\/i> deben escribirse la hora y los d\u00edas de atenci\u00f3n. Recordar que los nombres de los d\u00edas se ponen en min\u00fascula a menos que comiencen una oraci\u00f3n.<\/p>\n<p style=\"text-align: justify\">Cuando est\u00e9n todos los datos incluidos, debe marcarse <em>Actualizar perfil.<\/em><\/p>\n<\/td>\n<\/tr>\n<\/tbody>\n<\/table>\n<p>&nbsp;<\/p>\n","protected":false},"excerpt":{"rendered":"<p>\u25ba\u00a0Escritorio y men\u00fa de trabajo \u25ba\u00a0Elementos principales \u25ba Ajustes \u25baUsuario \u2013 Perfil En esta secci\u00f3n se introducen\u00a0los datos del editor que aparecen en el sitio.\u00a0Otra v\u00eda de acceso a esta secci\u00f3n es desde la esquina superior derecha del escritorio, donde se ve nuestro nombre de usuario y desde donde se despliega un men\u00fa con un [&hellip;]<\/p>\n","protected":false},"author":122,"featured_media":0,"parent":2,"menu_order":0,"comment_status":"closed","ping_status":"closed","template":"monocolumn.php","meta":[],"_links":{"self":[{"href":"https:\/\/blogs.sld.cu\/taiz\/wp-json\/wp\/v2\/pages\/1144"}],"collection":[{"href":"https:\/\/blogs.sld.cu\/taiz\/wp-json\/wp\/v2\/pages"}],"about":[{"href":"https:\/\/blogs.sld.cu\/taiz\/wp-json\/wp\/v2\/types\/page"}],"author":[{"embeddable":true,"href":"https:\/\/blogs.sld.cu\/taiz\/wp-json\/wp\/v2\/users\/122"}],"replies":[{"embeddable":true,"href":"https:\/\/blogs.sld.cu\/taiz\/wp-json\/wp\/v2\/comments?post=1144"}],"version-history":[{"count":14,"href":"https:\/\/blogs.sld.cu\/taiz\/wp-json\/wp\/v2\/pages\/1144\/revisions"}],"predecessor-version":[{"id":1179,"href":"https:\/\/blogs.sld.cu\/taiz\/wp-json\/wp\/v2\/pages\/1144\/revisions\/1179"}],"up":[{"embeddable":true,"href":"https:\/\/blogs.sld.cu\/taiz\/wp-json\/wp\/v2\/pages\/2"}],"wp:attachment":[{"href":"https:\/\/blogs.sld.cu\/taiz\/wp-json\/wp\/v2\/media?parent=1144"}],"curies":[{"name":"wp","href":"https:\/\/api.w.org\/{rel}","templated":true}]}}