{"id":1413,"date":"2026-05-15T13:06:07","date_gmt":"2026-05-15T18:06:07","guid":{"rendered":"https:\/\/blogs.sld.cu\/taiz\/?page_id=1413"},"modified":"2026-05-15T14:19:06","modified_gmt":"2026-05-15T19:19:06","slug":"redaccion","status":"publish","type":"page","link":"https:\/\/blogs.sld.cu\/taiz\/directorio\/redaccion\/","title":{"rendered":"Redacci\u00f3n y gram\u00e1tica"},"content":{"rendered":"<ol>\n<li><a title=\"Fundada en 1926 en La Habana Vieja, agrupa a escritores, cr\u00edticos, ling\u00fcistas y profesores, empe\u00f1ados en la difusi\u00f3n, cultivo y perfeccionamiento de la lengua espa\u00f1ola, particularmente en su variedad cubana. \" href=\"http:\/\/www.acul.ohc.cu\/\" target=\"_blank\" rel=\"noopener\">Academia Cubana de la Lengua<\/a><\/li>\n<li><a title=\"Rinc\u00f3n Castellano\" href=\"http:\/\/www.rinconcastellano.com\/gramatica\/index.html\" target=\"_blank\" rel=\"noopener\">Apuntes de gram\u00e1tica espa\u00f1ola y ortograf\u00eda<\/a><\/li>\n<li><a title=\"Particularidades de la escritura y redacci\u00f3n para Web. Libro de Guillermo Franco.\" href=\"ftp:\/\/ftp.sld.cu\/documentos\/libros\/KCdownloaded%283%29.pdf\" target=\"_blank\" rel=\"noopener\">C\u00f3mo escribir para la web<\/a><\/li>\n<li><a title=\"Secci\u00f3n del sitio del Centro de Investigaciones M\u00e9dico Quir\u00fargicas con informaci\u00f3n sobre t\u00e9rminos m\u00e9dicos o del lenguaje que frecuentemente son mal utilizados.\" href=\"http:\/\/articulos.sld.cu\/cimeq\/?tag=idioma\" target=\"_blank\" rel=\"noopener\">Del idioma. CIMEQ<\/a><\/li>\n<li><a href=\"http:\/\/www.hlg.sld.cu\/alfin\/download\/lecturas_avanzadas\/Ease_guidelines-june2014-spanish-1.pdf\" target=\"_blank\" rel=\"noopener\">Directrices para la publicaci\u00f3n de art\u00edculos cient\u00edficos en ingl\u00e9s<\/a><\/li>\n<li><a title=\"Instituci\u00f3n espa\u00f1ola que tiene como principal objetivo impulsar el buen uso del idioma espa\u00f1ol en los medios de comunicaci\u00f3n.\" href=\"http:\/\/www.fundeu.es\/\" target=\"_blank\" rel=\"noopener\">Fundaci\u00f3n del Espa\u00f1ol Urgente<\/a><\/li>\n<li><a title=\"Gu\u00eda elemental pr\u00e1ctica para la redacci\u00f3n en el Portal de Salud, Infomed, y los sitios tem\u00e1ticos y de especilidades.\" href=\"http:\/\/infomed20.sld.cu\/wiki\/doku.php\/guias:redaccion\" target=\"_blank\" rel=\"noopener\">Gu\u00eda para la redacci\u00f3n<\/a><\/li>\n<li><a title=\"Sitio de la instituci\u00f3n espa\u00f1ola especializada en lexicograf\u00eda, gram\u00e1tica, ortograf\u00eda y bases de datos ling\u00fc\u00edsticas. Productora del diccionario de referencia de la lengua espa\u00f1ola.\" href=\"http:\/\/www.rae.es\/\" target=\"_blank\" rel=\"noopener\">Real Academia Espa\u00f1ola<\/a><\/li>\n<li><a href=\"http:\/\/redactarmejor.blogspot.com\/\" target=\"_blank\" rel=\"noopener\">Redactar mejor<\/a><\/li>\n<\/ol>\n","protected":false},"excerpt":{"rendered":"<p>Academia Cubana de la Lengua Apuntes de gram\u00e1tica espa\u00f1ola y ortograf\u00eda C\u00f3mo escribir para la web Del idioma. CIMEQ Directrices para la publicaci\u00f3n de art\u00edculos cient\u00edficos en ingl\u00e9s Fundaci\u00f3n del Espa\u00f1ol Urgente Gu\u00eda para la redacci\u00f3n Real Academia Espa\u00f1ola Redactar mejor<\/p>\n","protected":false},"author":122,"featured_media":0,"parent":698,"menu_order":0,"comment_status":"closed","ping_status":"closed","template":"sidebar-content.php","meta":[],"_links":{"self":[{"href":"https:\/\/blogs.sld.cu\/taiz\/wp-json\/wp\/v2\/pages\/1413"}],"collection":[{"href":"https:\/\/blogs.sld.cu\/taiz\/wp-json\/wp\/v2\/pages"}],"about":[{"href":"https:\/\/blogs.sld.cu\/taiz\/wp-json\/wp\/v2\/types\/page"}],"author":[{"embeddable":true,"href":"https:\/\/blogs.sld.cu\/taiz\/wp-json\/wp\/v2\/users\/122"}],"replies":[{"embeddable":true,"href":"https:\/\/blogs.sld.cu\/taiz\/wp-json\/wp\/v2\/comments?post=1413"}],"version-history":[{"count":2,"href":"https:\/\/blogs.sld.cu\/taiz\/wp-json\/wp\/v2\/pages\/1413\/revisions"}],"predecessor-version":[{"id":1476,"href":"https:\/\/blogs.sld.cu\/taiz\/wp-json\/wp\/v2\/pages\/1413\/revisions\/1476"}],"up":[{"embeddable":true,"href":"https:\/\/blogs.sld.cu\/taiz\/wp-json\/wp\/v2\/pages\/698"}],"wp:attachment":[{"href":"https:\/\/blogs.sld.cu\/taiz\/wp-json\/wp\/v2\/media?parent=1413"}],"curies":[{"name":"wp","href":"https:\/\/api.w.org\/{rel}","templated":true}]}}