{"id":1420,"date":"2026-05-15T13:14:49","date_gmt":"2026-05-15T18:14:49","guid":{"rendered":"https:\/\/blogs.sld.cu\/taiz\/?page_id=1420"},"modified":"2026-05-15T14:09:10","modified_gmt":"2026-05-15T19:09:10","slug":"terminologia","status":"publish","type":"page","link":"https:\/\/blogs.sld.cu\/taiz\/directorio\/terminologia\/","title":{"rendered":"Terminolog\u00eda m\u00e9dica"},"content":{"rendered":"<ol>\n<li><a title=\"Reune t\u00e9rminos m\u00e9dicos frecuentes en la traducci\u00f3n, t\u00e9rminos de dif\u00edcil traducci\u00f3n por su complejidad y otros t\u00e9rminos que pueden prestarse a confusi\u00f3n en el momento de su traducci\u00f3n. \" href=\"http:\/\/glosario.sld.cu\/multilingue\/\" target=\"_blank\" rel=\"noopener\">Glosario Multiling\u00fce de T\u00e9rminos M\u00e9dicos<\/a><\/li>\n<li><a href=\"http:\/\/decs.bvs.br\/cgi-bin\/wxis1660.exe\/decsserver\/?IsisScript=..\/cgi-bin\/decsserver\/decsserver.xis&amp;interface_language=e&amp;previous_page=homepage&amp;previous_task=NULL&amp;task=start\" target=\"_blank\" rel=\"noopener\">Descriptores en Ciencias de la Salud (DeCS)<\/a><\/li>\n<li><a href=\"http:\/\/www.bvs.sld.cu\/libros_texto\/terminos_sistema_informacion\/indice_p.htm\" target=\"_blank\" rel=\"noopener\">T\u00e9rminos y definiciones. Sistema de informaci\u00f3n en salud<\/a><\/li>\n<\/ol>\n","protected":false},"excerpt":{"rendered":"<p>Glosario Multiling\u00fce de T\u00e9rminos M\u00e9dicos Descriptores en Ciencias de la Salud (DeCS) T\u00e9rminos y definiciones. Sistema de informaci\u00f3n en salud<\/p>\n","protected":false},"author":122,"featured_media":0,"parent":698,"menu_order":0,"comment_status":"closed","ping_status":"closed","template":"sidebar-content.php","meta":[],"_links":{"self":[{"href":"https:\/\/blogs.sld.cu\/taiz\/wp-json\/wp\/v2\/pages\/1420"}],"collection":[{"href":"https:\/\/blogs.sld.cu\/taiz\/wp-json\/wp\/v2\/pages"}],"about":[{"href":"https:\/\/blogs.sld.cu\/taiz\/wp-json\/wp\/v2\/types\/page"}],"author":[{"embeddable":true,"href":"https:\/\/blogs.sld.cu\/taiz\/wp-json\/wp\/v2\/users\/122"}],"replies":[{"embeddable":true,"href":"https:\/\/blogs.sld.cu\/taiz\/wp-json\/wp\/v2\/comments?post=1420"}],"version-history":[{"count":3,"href":"https:\/\/blogs.sld.cu\/taiz\/wp-json\/wp\/v2\/pages\/1420\/revisions"}],"predecessor-version":[{"id":1424,"href":"https:\/\/blogs.sld.cu\/taiz\/wp-json\/wp\/v2\/pages\/1420\/revisions\/1424"}],"up":[{"embeddable":true,"href":"https:\/\/blogs.sld.cu\/taiz\/wp-json\/wp\/v2\/pages\/698"}],"wp:attachment":[{"href":"https:\/\/blogs.sld.cu\/taiz\/wp-json\/wp\/v2\/media?parent=1420"}],"curies":[{"name":"wp","href":"https:\/\/api.w.org\/{rel}","templated":true}]}}