{"id":1430,"date":"2026-05-15T13:22:09","date_gmt":"2026-05-15T18:22:09","guid":{"rendered":"https:\/\/blogs.sld.cu\/taiz\/?page_id=1430"},"modified":"2026-05-15T14:24:17","modified_gmt":"2026-05-15T19:24:17","slug":"competencias","status":"publish","type":"page","link":"https:\/\/blogs.sld.cu\/taiz\/directorio\/competencias\/","title":{"rendered":"Competencias"},"content":{"rendered":"<ol>\n<li><a href=\"https:\/\/cursad.jovenclub.cu\/\" target=\"_blank\" rel=\"noopener\">CurSad. Cursos en l\u00ednea de Joven Club<\/a><\/li>\n<li><a title=\"Libro del periodista Mark Briggs.\" href=\"ftp:\/\/ftp.sld.cu\/documentos\/libros\/KCdownloaded.pdf\" target=\"_blank\" rel=\"noopener\">Periodismo web 2.0. Una gu\u00eda de alfabetizaci\u00f3n digital<\/a><\/li>\n<li><a title=\"Direcci\u00f3n Nacional de Inform\u00e1tica. Minsap\" href=\"http:\/\/www.di.sld.cu\/?page_id=1687\" target=\"_blank\" rel=\"noopener\">Tutoriales varios<\/a><\/li>\n<\/ol>\n","protected":false},"excerpt":{"rendered":"<p>CurSad. Cursos en l\u00ednea de Joven Club Periodismo web 2.0. Una gu\u00eda de alfabetizaci\u00f3n digital Tutoriales varios<\/p>\n","protected":false},"author":122,"featured_media":0,"parent":698,"menu_order":0,"comment_status":"closed","ping_status":"closed","template":"sidebar-content.php","meta":[],"_links":{"self":[{"href":"https:\/\/blogs.sld.cu\/taiz\/wp-json\/wp\/v2\/pages\/1430"}],"collection":[{"href":"https:\/\/blogs.sld.cu\/taiz\/wp-json\/wp\/v2\/pages"}],"about":[{"href":"https:\/\/blogs.sld.cu\/taiz\/wp-json\/wp\/v2\/types\/page"}],"author":[{"embeddable":true,"href":"https:\/\/blogs.sld.cu\/taiz\/wp-json\/wp\/v2\/users\/122"}],"replies":[{"embeddable":true,"href":"https:\/\/blogs.sld.cu\/taiz\/wp-json\/wp\/v2\/comments?post=1430"}],"version-history":[{"count":4,"href":"https:\/\/blogs.sld.cu\/taiz\/wp-json\/wp\/v2\/pages\/1430\/revisions"}],"predecessor-version":[{"id":1480,"href":"https:\/\/blogs.sld.cu\/taiz\/wp-json\/wp\/v2\/pages\/1430\/revisions\/1480"}],"up":[{"embeddable":true,"href":"https:\/\/blogs.sld.cu\/taiz\/wp-json\/wp\/v2\/pages\/698"}],"wp:attachment":[{"href":"https:\/\/blogs.sld.cu\/taiz\/wp-json\/wp\/v2\/media?parent=1430"}],"curies":[{"name":"wp","href":"https:\/\/api.w.org\/{rel}","templated":true}]}}