{"id":1454,"date":"2026-05-15T13:35:18","date_gmt":"2026-05-15T18:35:18","guid":{"rendered":"https:\/\/blogs.sld.cu\/taiz\/?page_id=1454"},"modified":"2026-05-15T14:07:02","modified_gmt":"2026-05-15T19:07:02","slug":"otros-blogs","status":"publish","type":"page","link":"https:\/\/blogs.sld.cu\/taiz\/directorio\/otros-blogs\/","title":{"rendered":"Otros blogs"},"content":{"rendered":"<ol>\n<li><a title=\"Recursos de informaci\u00f3n en salud\" href=\"https:\/\/blogs.sld.cu\/marionod\/\" target=\"_blank\" rel=\"noopener\">Mario Nodarse<\/a><\/li>\n<li><a title=\"Comunicaci\u00f3n y desarrollo de Infomed\" href=\"https:\/\/blogs.sld.cu\/urra\/\" target=\"_blank\" rel=\"noopener\">Pedro Urra<\/a><\/li>\n<li><a title=\"Desarrollo de la comunicaci\u00f3n cient\u00edfica, en particular de las revistas SciELO, y del movimiento de acceso abierto al conocimiento cient\u00edfico\" href=\"http:\/\/blog.scielo.org\/es\/\" target=\"_blank\" rel=\"noopener\">SciELO en perspectiva<\/a><\/li>\n<li><a title=\"Desarrollo web\" href=\"https:\/\/blogs.sld.cu\/victorr\/\" target=\"_blank\" rel=\"noopener\">V\u00edctor Ricardo<\/a><\/li>\n<\/ol>\n","protected":false},"excerpt":{"rendered":"<p>Mario Nodarse Pedro Urra SciELO en perspectiva V\u00edctor Ricardo<\/p>\n","protected":false},"author":122,"featured_media":0,"parent":698,"menu_order":0,"comment_status":"closed","ping_status":"closed","template":"sidebar-content.php","meta":[],"_links":{"self":[{"href":"https:\/\/blogs.sld.cu\/taiz\/wp-json\/wp\/v2\/pages\/1454"}],"collection":[{"href":"https:\/\/blogs.sld.cu\/taiz\/wp-json\/wp\/v2\/pages"}],"about":[{"href":"https:\/\/blogs.sld.cu\/taiz\/wp-json\/wp\/v2\/types\/page"}],"author":[{"embeddable":true,"href":"https:\/\/blogs.sld.cu\/taiz\/wp-json\/wp\/v2\/users\/122"}],"replies":[{"embeddable":true,"href":"https:\/\/blogs.sld.cu\/taiz\/wp-json\/wp\/v2\/comments?post=1454"}],"version-history":[{"count":1,"href":"https:\/\/blogs.sld.cu\/taiz\/wp-json\/wp\/v2\/pages\/1454\/revisions"}],"predecessor-version":[{"id":1456,"href":"https:\/\/blogs.sld.cu\/taiz\/wp-json\/wp\/v2\/pages\/1454\/revisions\/1456"}],"up":[{"embeddable":true,"href":"https:\/\/blogs.sld.cu\/taiz\/wp-json\/wp\/v2\/pages\/698"}],"wp:attachment":[{"href":"https:\/\/blogs.sld.cu\/taiz\/wp-json\/wp\/v2\/media?parent=1454"}],"curies":[{"name":"wp","href":"https:\/\/api.w.org\/{rel}","templated":true}]}}