{"id":2,"date":"2013-11-05T14:00:46","date_gmt":"2013-11-05T14:00:46","guid":{"rendered":"http:\/\/blogs.sld.cu\/taiz\/?page_id=2"},"modified":"2016-09-28T14:41:41","modified_gmt":"2016-09-28T14:41:41","slug":"wordpress","status":"publish","type":"page","link":"https:\/\/blogs.sld.cu\/taiz\/wordpress\/","title":{"rendered":"WordPress"},"content":{"rendered":"<h2>Instrucciones e informaci\u00f3n para construir sitios web de la red Infomed con esta plataforma<\/h2>\n<table style=\"height: 346px\" border=\"0\" width=\"817\" cellspacing=\"3\">\n<tbody>\n<tr>\n<td style=\"text-align: left;vertical-align: top;background-color: #f0ebf7\" scope=\"row\"><img loading=\"lazy\" class=\" wp-image-849 alignnone\" style=\"border-width: 0px;margin: 3px\" title=\"Wordpress\" src=\"https:\/\/blogs.sld.cu\/taiz\/files\/2013\/11\/sobre-wordpress.png\" alt=\"Wordpress\" width=\"135\" height=\"136\" srcset=\"https:\/\/blogs.sld.cu\/taiz\/files\/2013\/11\/sobre-wordpress.png 249w, https:\/\/blogs.sld.cu\/taiz\/files\/2013\/11\/sobre-wordpress-150x150.png 150w\" sizes=\"(max-width: 135px) 100vw, 135px\" \/><br \/>\n\u25ba <a href=\"https:\/\/blogs.sld.cu\/taiz\/files\/2013\/11\/Ajustes.doc\" target=\"_blank\">Ajustes<\/a><a href=\"https:\/\/blogs.sld.cu\/taiz\/wordpress\/escritorio-y-menu-de-trabajo\/\"><br \/>\n<\/a>\u25ba <a href=\"https:\/\/blogs.sld.cu\/taiz\/files\/2013\/11\/Elementos-principales.doc\" target=\"_blank\">Elementos principales<\/a><a title=\"Elementos principales de wordpress\" href=\"https:\/\/blogs.sld.cu\/taiz\/wordpress\/876-2\/\"><br \/>\n<\/a>\u25ba <a href=\"https:\/\/blogs.sld.cu\/taiz\/files\/2013\/11\/Escritorio-y-men\u00fa-de-trabajo.doc\" target=\"_blank\">Escritorio y men\u00fa de trabajo<\/a><br \/>\n\u25ba <a href=\"https:\/\/blogs.sld.cu\/taiz\/files\/2013\/11\/Usuario-perfil.doc\">Usuario &#8211; perfil<\/a><\/td>\n<td><\/td>\n<td style=\"vertical-align: top;text-align: justify\" scope=\"row\"><strong>WordPress<\/strong> es uno de los sistemas de gesti\u00f3n de contenido (<em>Content Management System, CMS<\/em>) m\u00e1s utilizados en este momento. Algunos estudios apuntan incluso a que es el m\u00e1s utilizado. En este espacio detallamos\u00a0cada una de las opciones de la versi\u00f3n de\u00a0<em>wordpress<\/em>\u00a0que utilizamos en nuestros sitios y c\u00f3mo se pueden utilizar para organizar en ella los contenidos seg\u00fan la arquitectura propuesta por los especialistas del CNICM, a\u00fan cuando el sitio ya estuviera construido sobre otra plataforma.<\/p>\n<hr \/>\n<p><img loading=\"lazy\" class=\" wp-image-859 size-medium alignleft\" style=\"border-width: 0px;margin: 3px\" title=\"Matt Mullenweg y Mike Little\" src=\"https:\/\/blogs.sld.cu\/taiz\/files\/2013\/11\/Matt-Mullenweg-y-Mike-Little-300x169.jpg\" alt=\"Matt Mullenweg y Mike Little\" width=\"300\" height=\"169\" srcset=\"https:\/\/blogs.sld.cu\/taiz\/files\/2013\/11\/Matt-Mullenweg-y-Mike-Little-300x169.jpg 300w, https:\/\/blogs.sld.cu\/taiz\/files\/2013\/11\/Matt-Mullenweg-y-Mike-Little.jpg 642w\" sizes=\"(max-width: 300px) 100vw, 300px\" \/>Sus creadores fueron <em>Matt Mullenweg<\/em> y <em>Mike Little<\/em>, y su \u00e9xito radica en la flexibilidad de la herramienta, en la facilidad para instalarlo y configurarlo, en un escritorio de trabajo muy intuitivo y una interfaz de usuario bien amigable. Todo esto m\u00e1s su condici\u00f3n de plataforma de c\u00f3digo abierto y gratuito, favoreci\u00f3 la creaci\u00f3n de una fuerte comunidad de desarrolladores y seguidores. Esta plataforma, inicialmente enfocada a la creaci\u00f3n de blogs, naci\u00f3 en el 2001 a partir de la evoluci\u00f3n de otra plataforma llamada <em>b2\/cafelog<\/em>. <em>WordPress<\/em> fue lanzado oficialmente el 27 de mayo de 2003 con apenas un poco de c\u00f3digo para mejorar la tipograf\u00eda de la escritura y con un n\u00famero de usuarios muy peque\u00f1o. Desde entonces, ha crecido hasta convertirse en la herramienta de alojamiento de blogs m\u00e1s grande y se utiliza ya en millones de sitios como CMS. Seg\u00fan un estudio de <em>W3 Techs<\/em>, <em>wordpress\u00a0<\/em>sirve de base a casi el 20% de todos los sitios web de Internet. Desde hace unos a\u00f1os, se le han se\u00f1alado debilidades en el tema de seguridad y vulnerabilidad del c\u00f3digo, que est\u00e1n pendiente de resolver, pero ese tema afecta tanto al software libre como al propietario, y hay estudios que indican que <em>wordpress<\/em> no es de lo m\u00e1s vulnerables.<\/p>\n<h3><strong>Fuente<\/strong><\/h3>\n<ul>\n<li><a href=\"http:\/\/cafelog.com\/\">B2\/<\/a><a href=\"http:\/\/cafelog.com\/\" target=\"_blank\">Cafelog<\/a><\/li>\n<li><a href=\"http:\/\/weblogtoolscollection.com\/archives\/2008\/07\/14\/evolution-of-wordpress-b2cafelog-to-wordpress-10\/\" target=\"_blank\">Evolution of WordPress: B2\/Cafelog to WordPress 1.0<\/a><\/li>\n<li><a href=\"http:\/\/ayudawp.com\/wordpress-es-el-cms-menos-vulnerable\/\" target=\"_blank\">WordPress es el CMS menos vulnerable<\/a><\/li>\n<li><a href=\"https:\/\/es.wikipedia.org\/wiki\/WordPress\" target=\"_blank\">WordPress. Wikipedia<\/a><\/li>\n<li><a href=\"https:\/\/es.wordpress.org\/\" target=\"_blank\">WordPress<\/a><\/li>\n<\/ul>\n<\/td>\n<\/tr>\n<\/tbody>\n<\/table>\n<p>&nbsp;<\/p>\n","protected":false},"excerpt":{"rendered":"<p>Instrucciones e informaci\u00f3n para construir sitios web de la red Infomed con esta plataforma \u25ba Ajustes \u25ba Elementos principales \u25ba Escritorio y men\u00fa de trabajo \u25ba Usuario &#8211; perfil WordPress es uno de los sistemas de gesti\u00f3n de contenido (Content Management System, CMS) m\u00e1s utilizados en este momento. Algunos estudios apuntan incluso a que es [&hellip;]<\/p>\n","protected":false},"author":122,"featured_media":0,"parent":0,"menu_order":0,"comment_status":"closed","ping_status":"closed","template":"monocolumn.php","meta":[],"_links":{"self":[{"href":"https:\/\/blogs.sld.cu\/taiz\/wp-json\/wp\/v2\/pages\/2"}],"collection":[{"href":"https:\/\/blogs.sld.cu\/taiz\/wp-json\/wp\/v2\/pages"}],"about":[{"href":"https:\/\/blogs.sld.cu\/taiz\/wp-json\/wp\/v2\/types\/page"}],"author":[{"embeddable":true,"href":"https:\/\/blogs.sld.cu\/taiz\/wp-json\/wp\/v2\/users\/122"}],"replies":[{"embeddable":true,"href":"https:\/\/blogs.sld.cu\/taiz\/wp-json\/wp\/v2\/comments?post=2"}],"version-history":[{"count":49,"href":"https:\/\/blogs.sld.cu\/taiz\/wp-json\/wp\/v2\/pages\/2\/revisions"}],"predecessor-version":[{"id":1226,"href":"https:\/\/blogs.sld.cu\/taiz\/wp-json\/wp\/v2\/pages\/2\/revisions\/1226"}],"wp:attachment":[{"href":"https:\/\/blogs.sld.cu\/taiz\/wp-json\/wp\/v2\/media?parent=2"}],"curies":[{"name":"wp","href":"https:\/\/api.w.org\/{rel}","templated":true}]}}