{"id":640,"date":"2010-11-17T09:58:37","date_gmt":"2010-11-17T14:58:37","guid":{"rendered":"http:\/\/blogs.sld.cu\/taiz\/informacion\/"},"modified":"2019-03-29T22:14:19","modified_gmt":"2019-03-29T22:14:19","slug":"informacion","status":"publish","type":"page","link":"https:\/\/blogs.sld.cu\/taiz\/informacion\/","title":{"rendered":"Acerca de"},"content":{"rendered":"<p style=\"text-align: justify\"><img loading=\"lazy\" class=\"alignright wp-image-681\" style=\"border-width: 0px;margin: 3px\" title=\"Tania Izquierdo Pamias\" src=\"https:\/\/blogs.sld.cu\/taiz\/files\/2010\/11\/Yo-158x300.png\" alt=\"Tania Izquierdo Pamias\" width=\"158\" height=\"300\" srcset=\"https:\/\/blogs.sld.cu\/taiz\/files\/2010\/11\/Yo-158x300.png 158w, https:\/\/blogs.sld.cu\/taiz\/files\/2010\/11\/Yo-540x1024.png 540w, https:\/\/blogs.sld.cu\/taiz\/files\/2010\/11\/Yo.png 1167w\" sizes=\"(max-width: 158px) 100vw, 158px\" \/>Este es un espacio de orientaci\u00f3n y apoyo dirigido a los editores de sitios de la red cubana de salud <a href=\"http:\/\/www.sld.cu\/red-de-portales\" target=\"_blank\">Infomed<\/a>. Sin ser un sitio especializado en tecnolog\u00eda ni posicionamiento web, ofrece conceptos, sugerencias, consejos y buenas pr\u00e1cticas b\u00e1sicas sobre edici\u00f3n, organizaci\u00f3n y arquitectura, redacci\u00f3n, gram\u00e1tica, uso de sistemas de gesti\u00f3n de contenidos y cualquier otro aspecto relacionado con la construcci\u00f3n de sitios web sobre salud en nuestra red.<\/p>\n<p style=\"text-align: justify\">Tambi\u00e9n es un espacio para divulgar y promover los recursos de informaci\u00f3n disponibles para el Sistema Nacional de Salud.<\/p>\n<p style=\"text-align: justify\">Los comentarios, propuestas y sugerencias son bienvenidas y compartidas con todos los visiten este espacio.<\/p>\n<p style=\"text-align: justify\">Aunque mi formaci\u00f3n profesional no es ni la inform\u00e1tica, ni el dise\u00f1o, ni la medicina, los a\u00f1os de trabajo al frente del desarrollo de sitios web de salud (desde 2003) y la preparaci\u00f3n como Especialista en Gesti\u00f3n de Informaci\u00f3n de Salud, me han dado un margen de experiencia y destrezas en el manejo de plataformas tecnol\u00f3gicas y la gesti\u00f3n de contenidos, suficientes para poder transmitirlas y ayudar a quien lo necesite.<\/p>\n<p style=\"text-align: justify\">Y por ah\u00ed va este blog.<\/p>\n<p><a title=\"Ver mi perfil en Linkedin\" href=\"https:\/\/www.linkedin.com\/pub\/tania-izquierdo-pamias\/b1\/669\/437\" target=\"_blank\"><img loading=\"lazy\" src=\"https:\/\/static.licdn.com\/scds\/common\/u\/img\/webpromo\/btn_viewmy_160x33_es_ES.png?locale=\" alt=\"Ver el perfil de Tania Izquierdo Pamias en LinkedIn\" width=\"160\" height=\"33\" border=\"0\" \/><\/a><\/p>\n<p style=\"text-align: justify\"><a title=\"Ver mi perfil en ResearchGate\" href=\"https:\/\/www.researchgate.net\/profile\/Tania_Izquierdo_Pamias\" target=\"_blank\"><img loading=\"lazy\" class=\" wp-image-1376 size-full alignnone\" style=\"border-width: 0px\" src=\"https:\/\/blogs.sld.cu\/taiz\/files\/2010\/11\/mi-perfil-RG.png\" alt=\"mi-perfil-RG\" width=\"200\" height=\"36\" \/><\/a><\/p>\n<p style=\"text-align: justify\">Tania Izquierdo Pamias<br \/>\nLicenciada en Biolog\u00eda (1989)<br \/>\nEspecialista en gesti\u00f3n de informaci\u00f3n de salud<br \/>\nGrupo Portal y Comunicaci\u00f3n<br \/>\nCentro Nacional de Informaci\u00f3n de Ciencias M\u00e9dicas &#8211; Infomed<\/p>\n","protected":false},"excerpt":{"rendered":"<p>Este es un espacio de orientaci\u00f3n y apoyo dirigido a los editores de sitios de la red cubana de salud Infomed. Sin ser un sitio especializado en tecnolog\u00eda ni posicionamiento web, ofrece conceptos, sugerencias, consejos y buenas pr\u00e1cticas b\u00e1sicas sobre edici\u00f3n, organizaci\u00f3n y arquitectura, redacci\u00f3n, gram\u00e1tica, uso de sistemas de gesti\u00f3n de contenidos y cualquier [&hellip;]<\/p>\n","protected":false},"author":122,"featured_media":0,"parent":0,"menu_order":0,"comment_status":"closed","ping_status":"closed","template":"monocolumn.php","meta":[],"_links":{"self":[{"href":"https:\/\/blogs.sld.cu\/taiz\/wp-json\/wp\/v2\/pages\/640"}],"collection":[{"href":"https:\/\/blogs.sld.cu\/taiz\/wp-json\/wp\/v2\/pages"}],"about":[{"href":"https:\/\/blogs.sld.cu\/taiz\/wp-json\/wp\/v2\/types\/page"}],"author":[{"embeddable":true,"href":"https:\/\/blogs.sld.cu\/taiz\/wp-json\/wp\/v2\/users\/122"}],"replies":[{"embeddable":true,"href":"https:\/\/blogs.sld.cu\/taiz\/wp-json\/wp\/v2\/comments?post=640"}],"version-history":[{"count":19,"href":"https:\/\/blogs.sld.cu\/taiz\/wp-json\/wp\/v2\/pages\/640\/revisions"}],"predecessor-version":[{"id":1379,"href":"https:\/\/blogs.sld.cu\/taiz\/wp-json\/wp\/v2\/pages\/640\/revisions\/1379"}],"wp:attachment":[{"href":"https:\/\/blogs.sld.cu\/taiz\/wp-json\/wp\/v2\/media?parent=640"}],"curies":[{"name":"wp","href":"https:\/\/api.w.org\/{rel}","templated":true}]}}