{"id":698,"date":"2015-07-24T21:06:39","date_gmt":"2015-07-24T21:06:39","guid":{"rendered":"http:\/\/blogs.sld.cu\/taiz\/?page_id=698"},"modified":"2020-01-15T14:54:32","modified_gmt":"2020-01-15T14:54:32","slug":"recursos-de-informacion","status":"publish","type":"page","link":"https:\/\/blogs.sld.cu\/taiz\/recursos-de-informacion\/","title":{"rendered":"Recursos \u00fatiles"},"content":{"rendered":"<table style=\"height: 287px\" width=\"806\">\n<tbody>\n<tr>\n<td style=\"text-align: center;vertical-align: top;background-color: #f0ebf7\" scope=\"rowgroup\">\n<h2 style=\"text-align: left\">\u00a0Redacci\u00f3n<\/h2>\n<p style=\"text-align: left\">\u25ba<a title=\"Fundada en 1926 en La Habana Vieja, agrupa a escritores, cr\u00edticos, ling\u00fcistas y profesores, empe\u00f1ados en la difusi\u00f3n, cultivo y perfeccionamiento de la lengua espa\u00f1ola, particularmente en su variedad cubana. \" href=\"http:\/\/www.acul.ohc.cu\/\" target=\"_blank\">Academia Cubana de la Lengua<br \/>\n<\/a>\u25ba<a title=\"Rinc\u00f3n Castellano\" href=\"http:\/\/www.rinconcastellano.com\/gramatica\/index.html\" target=\"_blank\">Apuntes de gram\u00e1tica espa\u00f1ola y ortograf\u00eda<br \/>\n<\/a>\u25ba<a title=\"Particularidades de la escritura y redacci\u00f3n para Web. Libro de Guillermo Franco.\" href=\"ftp:\/\/ftp.sld.cu\/documentos\/libros\/KCdownloaded%283%29.pdf\" target=\"_blank\">C\u00f3mo escribir para la web<br \/>\n<\/a>\u25ba<a title=\"Secci\u00f3n del sitio del Centro de Investigaciones M\u00e9dico Quir\u00fargicas con informaci\u00f3n sobre t\u00e9rminos m\u00e9dicos o del lenguaje que frecuentemente son mal utilizados.\" href=\"http:\/\/articulos.sld.cu\/cimeq\/?tag=idioma\" target=\"_blank\">Del idioma. CIMEQ<br \/>\n<\/a>\u25ba<a title=\"Gu\u00eda elemental pr\u00e1ctica para la redacci\u00f3n en el Portal de Salud, Infomed, y los sitios tem\u00e1ticos y de especilidades.\" href=\"http:\/\/infomed20.sld.cu\/wiki\/doku.php\/guias:redaccion\" target=\"_blank\">Gu\u00eda para la redacci\u00f3n<br \/>\n<\/a>\u25ba<a href=\"http:\/\/www.hlg.sld.cu\/alfin\/download\/lecturas_avanzadas\/Ease_guidelines-june2014-spanish-1.pdf\" target=\"_blank\">Directrices para la publicaci\u00f3n de\u00a0art\u00edculos cient\u00edficos en ingl\u00e9s<br \/>\n<\/a>\u25ba<a title=\"Instituci\u00f3n espa\u00f1ola que tiene como principal objetivo impulsar el buen uso del idioma espa\u00f1ol en los medios de comunicaci\u00f3n.\" href=\"http:\/\/www.fundeu.es\/\" target=\"_blank\">Fundaci\u00f3n del Espa\u00f1ol Urgente<br \/>\n<\/a>\u25ba<a title=\"Sitio de la instituci\u00f3n espa\u00f1ola especializada en lexicograf\u00eda, gram\u00e1tica, ortograf\u00eda y bases de datos ling\u00fc\u00edsticas. Productora del diccionario de referencia de la lengua espa\u00f1ola.\" href=\"http:\/\/www.rae.es\/\" target=\"_blank\">Real Academia Espa\u00f1ola<br \/>\n<\/a>\u25ba<a href=\"http:\/\/redactarmejor.blogspot.com\/\" target=\"_blank\">Redactar mejor<\/a><\/p>\n<\/td>\n<td style=\"text-align: center;vertical-align: top;background-color: #f0ebf7\" scope=\"rowgroup\">\n<h2 style=\"text-align: left\">\u00a0Wordpress<\/h2>\n<p style=\"text-align: left\">\u25ba<a title=\"ABC del trabajo con wordpress, herramienta para confeccionar blogs.\" href=\"http:\/\/blogviejo.sld.cu\/aylin\/files\/2011\/09\/Para-WP.pdf\" target=\"_blank\">Gu\u00eda b\u00e1sica de WordPress<br \/>\n<\/a>\u25ba<a title=\"Direcci\u00f3n Nacional de Inform\u00e1tica. Minsap\" href=\"http:\/\/www.di.sld.cu\/documentos\/Tutoriales\/tutorial-de-wordpress.pdf\" target=\"_blank\">Tutorial 1<br \/>\n<\/a>\u25ba<a title=\"Direcci\u00f3n Nacional de Inform\u00e1tica. Minsap\" href=\"http:\/\/www.di.sld.cu\/documentos\/Tutoriales\/manualwordpress2.pdf\" target=\"_blank\">Tutorial 2<br \/>\n<\/a>\u25ba<a href=\"https:\/\/en.support.wordpress.com\/com-vs-org\/\" target=\"_blank\">WordPress &#8211; Support<\/a><\/p>\n<\/td>\n<td style=\"vertical-align: top;text-align: left;background-color: #f0ebf7\" scope=\"rowgroup\">\n<h2>\u00a0Terminolog\u00eda<\/h2>\n<p>\u25ba<a title=\"Reune t\u00e9rminos m\u00e9dicos frecuentes en la traducci\u00f3n, t\u00e9rminos de dif\u00edcil traducci\u00f3n por su complejidad y otros t\u00e9rminos que pueden prestarse a confusi\u00f3n en el momento de su traducci\u00f3n.  \" href=\"http:\/\/glosario.sld.cu\/multilingue\/\" target=\"_blank\">Glosario Multiling\u00fce de T\u00e9rminos M\u00e9dicos<br \/>\n<\/a>\u25ba<a href=\"http:\/\/decs.bvs.br\/cgi-bin\/wxis1660.exe\/decsserver\/?IsisScript=..\/cgi-bin\/decsserver\/decsserver.xis&amp;interface_language=e&amp;previous_page=homepage&amp;previous_task=NULL&amp;task=start\" target=\"_blank\">Descriptores en Ciencias de la Salud (DeCS)<br \/>\n<\/a>\u25ba<a href=\"http:\/\/www.bvs.sld.cu\/libros_texto\/terminos_sistema_informacion\/indice_p.htm\" target=\"_blank\">T\u00e9rminos y definiciones. Sistema de informaci\u00f3n en salud<\/a><\/td>\n<td style=\"vertical-align: top;text-align: left;background-color: #f0ebf7\" scope=\"rowgroup\">\n<h2>\u00a0Sitios web<\/h2>\n<p>\u25ba<a title=\"Lineamientos, principios e implicaciones generales para la  creaci\u00f3n de p\u00e1ginas y sitios web en el dominio sld.cu.\" href=\"http:\/\/files.sld.cu\/gau\/files\/2009\/10\/politica_del_web_de_salud.pdf?iwp_post=2008%2F11%2F04%2FPol%C3%ADtica%20sobre%20la%20informaci%C3%B3n%20publicada%20en%20el%20dominio%20sld.cu%2F769&amp;iwp_ids=7_69&amp;from_more=7\" target=\"_blank\">Pol\u00edticas de publicaci\u00f3n en el web de Infomed<br \/>\n<\/a><\/p>\n<p>&nbsp;<\/td>\n<td style=\"text-align: left;vertical-align: top;background-color: #f0ebf7\" scope=\"rowgroup\">\n<h2>\u00a0Usabilidad<\/h2>\n<p>\u25ba<a title=\"Sitio sobre tecnolog\u00eda y herramientas para web\" href=\"http:\/\/www.desarrolloweb.com\/\" target=\"_blank\" rel=\"friend co-worker\">Desarrollo Web<br \/>\n<\/a>\u25ba<a title=\"Introduce al lector en el amplio tema de la usabilidad. Trata conceptos relacionados como accesibilidad, experiencia de usuario, simplicidad o arquitectura de informaci\u00f3n.\" href=\"http:\/\/www.nosolousabilidad.com\/manual\/index.htm\" target=\"_blank\">Informe APEI sobre Usabilidad<br \/>\n<\/a>\u25ba<a title=\"No Solo Usabilidad. Revista de dise\u00f1o Web centrado en el usuario\" href=\"http:\/\/www.nosolousabilidad.com\/index.htm\" target=\"_blank\">Revista NSU<br \/>\n<\/a>\u25ba<a title=\"Sitio dedicado al dise\u00f1o de experiencia de usuario\" href=\"http:\/\/www.rodrigorondaleon.com\/\" target=\"_blank\">Rodrigo Ronda Le\u00f3n<br \/>\n<\/a>\u25ba<a title=\"Sitio Web de Jakob Nielsen, una de las personas m\u00e1s respetadas en el \u00e1mbito mundial sobre usabilidad en la Web.\" href=\"http:\/\/www.useit.com\/\" target=\"_blank\">Use it<\/a><\/p>\n<p>&nbsp;<\/td>\n<\/tr>\n<tr>\n<td style=\"text-align: left;vertical-align: top;background-color: #f0ebf7\" scope=\"rowgroup\">\n<h2>\u00a0Competencias<\/h2>\n<p>\u25ba<a title=\"Libro del periodista Mark Briggs.\" href=\"ftp:\/\/ftp.sld.cu\/documentos\/libros\/KCdownloaded.pdf\" target=\"_blank\">Periodismo web 2.0. Una gu\u00eda de alfabetizaci\u00f3n digital<br \/>\n<\/a>\u25ba<a title=\"Direcci\u00f3n Nacional de Inform\u00e1tica. Minsap\" href=\"http:\/\/www.di.sld.cu\/?page_id=1687\" target=\"_blank\">Tutoriales varios<\/a><\/td>\n<td style=\"text-align: left;vertical-align: top;background-color: #f0ebf7\" scope=\"rowgroup\">\n<h2>\u00a0Dise\u00f1o<\/h2>\n<p>\u25ba<a title=\"Definiciones del dise\u00f1o y estilo del portal de Infomed y los sitios subordinados. \" href=\"http:\/\/blogviejo.sld.cu\/pablomontes\/files\/2011\/05\/Infomed.-Manual-de-identidad-visual-institucional.pdf\" target=\"_blank\">Manual de identidad visual de Infomed<\/a><\/td>\n<td style=\"text-align: left;vertical-align: top;background-color: #f0ebf7\" scope=\"rowgroup\">\n<h2>\u00a0Estad\u00edsticas web<\/h2>\n<p>\u25ba<a title=\"An\u00e1lisis de reportes de Piwik\" href=\"http:\/\/estadisticasweb.sld.cu\/\" target=\"_blank\">Bolet\u00edn de estad\u00edsticas web. Sitios de Infomed<\/a><\/td>\n<td style=\"text-align: left;vertical-align: top;background-color: #f0ebf7\" scope=\"rowgroup\">\n<h2>\u00a0Red Infomed<\/h2>\n<p>\u25ba<a href=\"http:\/\/www.sld.cu\/acerca-de?quicktabs_pagina_acercade=5#quicktabs-pagina_acercade\" target=\"_blank\">Centros provinciales de informaci\u00f3n<br \/>\n<\/a>\u25ba<a href=\"http:\/\/www.grupos.sld.cu\/\" target=\"_blank\">Grupos colaborativos de Infomed<br \/>\n<\/a>\u25ba<a href=\"http:\/\/promociondeeventos.sld.cu\/redpromotores\/acerca-de\/como-funciona\/\" target=\"_blank\">Promotores\u00a0de eventos<br \/>\n<\/a>\u25ba<a href=\"http:\/\/www.sld.cu\/red-de-portales\" target=\"_blank\">Red de sitios web<\/a><\/td>\n<td style=\"text-align: left;vertical-align: top;background-color: #f0ebf7\" scope=\"rowgroup\">\n<h2>\u00a0Inform\u00e1tica<\/h2>\n<p>\u25ba<a title=\"Direcci\u00f3n Nacional de Inform\u00e1tica. Minsap\" href=\"http:\/\/www.di.sld.cu\/?tag=antivirus\" target=\"_blank\">Antivirus: actualidades<br \/>\n<\/a>\u25ba<a title=\"Direcci\u00f3n Nacional de Inform\u00e1tica. Minsap\" href=\"http:\/\/www.di.sld.cu\/?page_id=78\" target=\"_blank\">Segurm\u00e1tica<br \/>\n<\/a>\u25ba<a title=\"Direcci\u00f3n Nacional de Inform\u00e1tica. Minsap\" href=\"http:\/\/www.di.sld.cu\/?page_id=89\" target=\"_blank\">AVAST! Antivirus<br \/>\n<\/a>\u25ba<a title=\"Direcci\u00f3n Nacional de Inform\u00e1tica. Minsap\" href=\"http:\/\/www.di.sld.cu\/?page_id=84\" target=\"_blank\">AVG Antivirus<br \/>\n<\/a>\u25ba<a title=\"Direcci\u00f3n Nacional de Inform\u00e1tica. Minsap\" href=\"http:\/\/www.di.sld.cu\/?page_id=93\" target=\"_blank\">AVIRA Antivirus<br \/>\n<\/a>\u25ba<a title=\"Universidad de Ciencias Inform\u00e1tica de La Habana\" href=\"http:\/\/www.uci.cu\/sites\/default\/files\/Cat%C3%A1logo%202015.pdf\" target=\"_blank\">Cat\u00e1logo de productos y servicios de la UCI<br \/>\n<\/a>\u25ba<a title=\"Direcci\u00f3n Nacional de Inform\u00e1tica. Minsap\" href=\"http:\/\/www.di.sld.cu\/?p=8036\" target=\"_blank\">MCShield: antivirus para memorias USB<br \/>\n<\/a>\u25ba<a title=\"Direcci\u00f3n Nacional de Inform\u00e1tica. Minsap\" href=\"http:\/\/www.di.sld.cu\/?page_id=8146\" target=\"_blank\">Programas varios para descargar<br \/>\n<\/a>\u25ba<a title=\"Universidad de Ciencias Inform\u00e1ticas\" href=\"http:\/\/rcci.uci.cu\/index.php?journal=rcci&amp;page=issue&amp;op=archive\" target=\"_blank\">RCCI: Revista Cubana de Ciencias Inform\u00e1ticas<br \/>\n<\/a>\u25ba<a title=\"Minsap\" href=\"http:\/\/instituciones.sld.cu\/dnspminsap\/\" target=\"_blank\">Seguridad Inform\u00e1tica MINSAP<\/a><\/td>\n<\/tr>\n<tr>\n<td style=\"text-align: left;vertical-align: top;background-color: #f0ebf7\" scope=\"rowgroup\">\n<h2>\u00a0Otras redes<\/h2>\n<p>\u25ba<a href=\"http:\/\/doc2doc.bmj.com\/\" target=\"_blank\">DocToDoc<br \/>\n<\/a>\u25ba<a href=\"http:\/\/www.doctordice.com\/\" target=\"_blank\">DoctorDice<br \/>\n<\/a>\u25ba<a href=\"http:\/\/www.doctors.net.uk\/\" target=\"_blank\">Doctors<br \/>\n<\/a>\u25ba<a href=\"https:\/\/www.doximity.com\/\" target=\"_blank\">Doximity<br \/>\n<\/a>\u25ba<a href=\"http:\/\/www.esanum.es\/\" target=\"_blank\">Esanum<br \/>\n<\/a>\u25ba<a href=\"http:\/\/www.grupos.sld.cu\/\" target=\"_blank\">Grupos colaborativos de Infomed<\/a><a href=\"http:\/\/www.esanum.es\/\" target=\"_blank\"><br \/>\n<\/a>\u25ba<a href=\"http:\/\/www.ippok.com\/\" target=\"_blank\">Ippok<br \/>\n<\/a>\u25ba<a href=\"http:\/\/www.redsocial-portalesmedicos.com\/medbook\/\" target=\"_blank\">MedBook<br \/>\n<\/a>\u25ba<a href=\"http:\/\/www.medcenter.com\/\" target=\"_blank\">Medcenter<br \/>\n<\/a>\u25ba<a href=\"https:\/\/www.neomed.es\/\" target=\"_blank\">Neomed<br \/>\n<\/a>\u25ba<a href=\"http:\/\/neurosurgic.com\/\" target=\"_blank\">Neurosurgic<br \/>\n<\/a>\u25ba<a href=\"http:\/\/cubava.cu\/\" target=\"_blank\">Reflejos: red de blogs de la familia cubana<br \/>\n<\/a>\u25ba<a href=\"http:\/\/www.researchgate.net\/\" target=\"_blank\">ResearchGate<br \/>\n<\/a>\u25ba<a href=\"http:\/\/www.sermo.com\/\" target=\"_blank\">SERMO<\/a><\/td>\n<td style=\"text-align: left;vertical-align: top;background-color: #f0ebf7\" scope=\"rowgroup\"><\/td>\n<td style=\"text-align: left;vertical-align: top;background-color: #f0ebf7\" scope=\"rowgroup\"><\/td>\n<td style=\"text-align: left;vertical-align: top;background-color: #f0ebf7\" scope=\"rowgroup\"><\/td>\n<td style=\"text-align: left;vertical-align: top;background-color: #f0ebf7\" scope=\"rowgroup\"><\/td>\n<\/tr>\n<\/tbody>\n<\/table>\n<p>&nbsp;<\/p>\n","protected":false},"excerpt":{"rendered":"<p>\u00a0Redacci\u00f3n \u25baAcademia Cubana de la Lengua \u25baApuntes de gram\u00e1tica espa\u00f1ola y ortograf\u00eda \u25baC\u00f3mo escribir para la web \u25baDel idioma. CIMEQ \u25baGu\u00eda para la redacci\u00f3n \u25baDirectrices para la publicaci\u00f3n de\u00a0art\u00edculos cient\u00edficos en ingl\u00e9s \u25baFundaci\u00f3n del Espa\u00f1ol Urgente \u25baReal Academia Espa\u00f1ola \u25baRedactar mejor \u00a0Wordpress \u25baGu\u00eda b\u00e1sica de WordPress \u25baTutorial 1 \u25baTutorial 2 \u25baWordPress &#8211; Support \u00a0Terminolog\u00eda \u25baGlosario [&hellip;]<\/p>\n","protected":false},"author":122,"featured_media":0,"parent":0,"menu_order":0,"comment_status":"closed","ping_status":"closed","template":"monocolumn.php","meta":[],"_links":{"self":[{"href":"https:\/\/blogs.sld.cu\/taiz\/wp-json\/wp\/v2\/pages\/698"}],"collection":[{"href":"https:\/\/blogs.sld.cu\/taiz\/wp-json\/wp\/v2\/pages"}],"about":[{"href":"https:\/\/blogs.sld.cu\/taiz\/wp-json\/wp\/v2\/types\/page"}],"author":[{"embeddable":true,"href":"https:\/\/blogs.sld.cu\/taiz\/wp-json\/wp\/v2\/users\/122"}],"replies":[{"embeddable":true,"href":"https:\/\/blogs.sld.cu\/taiz\/wp-json\/wp\/v2\/comments?post=698"}],"version-history":[{"count":68,"href":"https:\/\/blogs.sld.cu\/taiz\/wp-json\/wp\/v2\/pages\/698\/revisions"}],"predecessor-version":[{"id":1384,"href":"https:\/\/blogs.sld.cu\/taiz\/wp-json\/wp\/v2\/pages\/698\/revisions\/1384"}],"wp:attachment":[{"href":"https:\/\/blogs.sld.cu\/taiz\/wp-json\/wp\/v2\/media?parent=698"}],"curies":[{"name":"wp","href":"https:\/\/api.w.org\/{rel}","templated":true}]}}