{"id":997,"date":"2015-08-25T20:20:47","date_gmt":"2015-08-25T20:20:47","guid":{"rendered":"http:\/\/blogs.sld.cu\/taiz\/?page_id=997"},"modified":"2015-12-04T19:12:01","modified_gmt":"2015-12-04T19:12:01","slug":"escritorio-y-menu-de-trabajo","status":"publish","type":"page","link":"https:\/\/blogs.sld.cu\/taiz\/wordpress\/escritorio-y-menu-de-trabajo\/","title":{"rendered":"Escritorio y men\u00fa de trabajo"},"content":{"rendered":"<table style=\"height: 346px\" border=\"0\" width=\"817\" cellspacing=\"3\">\n<tbody>\n<tr>\n<td style=\"text-align: left;vertical-align: top;background-color: #f0ebf7\" scope=\"row\"><img loading=\"lazy\" class=\" wp-image-849 alignnone\" style=\"border-width: 0px;margin: 3px\" title=\"Wordpress\" src=\"https:\/\/blogs.sld.cu\/taiz\/files\/2013\/11\/sobre-wordpress.png\" alt=\"Wordpress\" width=\"135\" height=\"136\" srcset=\"https:\/\/blogs.sld.cu\/taiz\/files\/2013\/11\/sobre-wordpress.png 249w, https:\/\/blogs.sld.cu\/taiz\/files\/2013\/11\/sobre-wordpress-150x150.png 150w\" sizes=\"(max-width: 135px) 100vw, 135px\" \/>\u25ba\u00a0<a href=\"https:\/\/blogs.sld.cu\/taiz\/wordpress\/escritorio-y-menu-de-trabajo\/\">Escritorio y men\u00fa de trabajo<br \/>\n<\/a>\u25ba\u00a0<a title=\"Elementos principales de wordpress\" href=\"https:\/\/blogs.sld.cu\/taiz\/wordpress\/876-2\/\">Elementos principales<br \/>\n<\/a>\u25ba\u00a0<a href=\"https:\/\/blogs.sld.cu\/taiz\/wordpress\/ajustes\/\">Ajustes<br \/>\n<\/a>\u25ba <a href=\"https:\/\/blogs.sld.cu\/taiz\/wordpress\/usuario-perfil\/\">Usuario &#8211; Perfil<\/a><\/td>\n<td><\/td>\n<td style=\"vertical-align: top;text-align: justify\" scope=\"row\">B\u00e1sicamente, esta la parte del escritorio, tablero o desktop que va a utilizar para editar. Los dem\u00e1s bloques del escritorio se pueden arrastrar de un lado a otro a conveniencia, y ocultar o mostrar seg\u00fan se desee. En este espacio podemos ver qu\u00e9 cantidad de contenidos hay, el espacio que hemos consumido y qu\u00e9 versi\u00f3n de wordpress estamos utilizando.<a href=\"https:\/\/blogs.sld.cu\/taiz\/files\/2015\/08\/escritorio-1.jpg\" target=\"_blank\"><img loading=\"lazy\" class=\" wp-image-1005 size-medium aligncenter\" style=\"border-width: 0px;margin: 5px\" title=\"Escritorio 1. Amplia imagen\" src=\"https:\/\/blogs.sld.cu\/taiz\/files\/2015\/08\/escritorio-1-300x182.jpg\" alt=\"Escritorio 1\" width=\"300\" height=\"182\" \/><\/a>En el panel de la izquierda se puede acceder a los distintos espacios de edici\u00f3n del sitio y ajustes de preferencias. Cada una de esas opciones se pueden desplegar.<\/td>\n<\/tr>\n<\/tbody>\n<\/table>\n","protected":false},"excerpt":{"rendered":"<p>\u25ba\u00a0Escritorio y men\u00fa de trabajo \u25ba\u00a0Elementos principales \u25ba\u00a0Ajustes \u25ba Usuario &#8211; Perfil B\u00e1sicamente, esta la parte del escritorio, tablero o desktop que va a utilizar para editar. Los dem\u00e1s bloques del escritorio se pueden arrastrar de un lado a otro a conveniencia, y ocultar o mostrar seg\u00fan se desee. En este espacio podemos ver qu\u00e9 [&hellip;]<\/p>\n","protected":false},"author":122,"featured_media":0,"parent":2,"menu_order":0,"comment_status":"closed","ping_status":"closed","template":"monocolumn.php","meta":[],"_links":{"self":[{"href":"https:\/\/blogs.sld.cu\/taiz\/wp-json\/wp\/v2\/pages\/997"}],"collection":[{"href":"https:\/\/blogs.sld.cu\/taiz\/wp-json\/wp\/v2\/pages"}],"about":[{"href":"https:\/\/blogs.sld.cu\/taiz\/wp-json\/wp\/v2\/types\/page"}],"author":[{"embeddable":true,"href":"https:\/\/blogs.sld.cu\/taiz\/wp-json\/wp\/v2\/users\/122"}],"replies":[{"embeddable":true,"href":"https:\/\/blogs.sld.cu\/taiz\/wp-json\/wp\/v2\/comments?post=997"}],"version-history":[{"count":18,"href":"https:\/\/blogs.sld.cu\/taiz\/wp-json\/wp\/v2\/pages\/997\/revisions"}],"predecessor-version":[{"id":1160,"href":"https:\/\/blogs.sld.cu\/taiz\/wp-json\/wp\/v2\/pages\/997\/revisions\/1160"}],"up":[{"embeddable":true,"href":"https:\/\/blogs.sld.cu\/taiz\/wp-json\/wp\/v2\/pages\/2"}],"wp:attachment":[{"href":"https:\/\/blogs.sld.cu\/taiz\/wp-json\/wp\/v2\/media?parent=997"}],"curies":[{"name":"wp","href":"https:\/\/api.w.org\/{rel}","templated":true}]}}