{"id":18,"date":"2022-04-01T22:52:18","date_gmt":"2022-04-01T22:52:18","guid":{"rendered":"https:\/\/blogs.sld.cu\/ttopiediabetico\/?page_id=18"},"modified":"2022-04-01T22:52:18","modified_gmt":"2022-04-01T22:52:18","slug":"heberprot-p","status":"publish","type":"page","link":"https:\/\/blogs.sld.cu\/ttopiediabetico\/heberprot-p\/","title":{"rendered":"Heberprot-P"},"content":{"rendered":"<h3><strong><u>Procedimiento quir\u00fargico e infiltraci\u00f3n del Heberprot-P<sup>\u00ae<\/sup> en el paciente con \u00falcera del pie diab\u00e9tico.<\/u><\/strong><\/h3>\n<p>En el manejo del pie diab\u00e9tico, el tratamiento quir\u00fargico es la piedra angular y a esto hoy lo acompa\u00f1a el uso del Heberprot-P<sup>\u00ae<\/sup>, \u00a0unido al control gluc\u00e9mico, el uso de los antimicrobianos, as\u00ed como el manejo de otras complicaciones que generalmente presentan estos pacientes.<\/p>\n<p>Una vez diagnosticado y clasificado un pie diab\u00e9tico, se procede de la siguiente manera:<\/p>\n<p>&nbsp;<\/p>\n<p><u>P<\/u><u>ie diab\u00e9tico neurop\u00e1tico<\/u>:<\/p>\n<p>&nbsp;<\/p>\n<ol>\n<li>1. Realizar la asepsia y antisepsia con sustancias antis\u00e9pticas, con jabones con propiedades antimicrobianas y desodorante<\/li>\n<li>2. Lavar con soluci\u00f3n salina al 0.9 %.<\/li>\n<li>3. Proceder al desbridamiento quir\u00fargic<\/li>\n<li>4. Proceder a la infiltraci\u00f3n del Heberprot-P<sup>\u00ae<\/sup> dependiendo de las caracter\u00edsticas cl\u00ednicas de la lesi\u00f3n.<\/li>\n<\/ol>\n<p>&nbsp;<\/p>\n<p><u>P<\/u><u>ie Diab\u00e9tico Isqu\u00e9mico:<\/u><\/p>\n<p>&nbsp;<\/p>\n<p>El pie diab\u00e9tico isqu\u00e9mico adem\u00e1s del tratamiento antimicrobiano se le indica farmacoterapia para la enfermedad arterial perif\u00e9rica.<\/p>\n<p>&nbsp;<\/p>\n<ol>\n<li>1. Realizar la asepsia y antisepsia con sustancias antis\u00e9pticas, con jabones con propiedades antimicrobianas y desodorante<\/li>\n<li>2. Lavar con soluci\u00f3n salina al 0.9 %.<\/li>\n<li>3. Proceder a la infiltraci\u00f3n del Heberprot-P<sup>\u00ae<\/sup> por debajo de la placa isqu\u00e9mic<\/li>\n<li>4. Proceder a realizar desbridamiento seg\u00fan \u00e1rea de placa desprendi<\/li>\n<\/ol>\n<p>&nbsp;<\/p>\n<p><u>\u00a0<\/u><\/p>\n<p><u>P<\/u><u>ie Diab\u00e9tico Isqu\u00e9mico infectado:<\/u><\/p>\n<p>&nbsp;<\/p>\n<ol>\n<li>1. Realizar la asepsia y antisepsia con sustancias antis\u00e9pticas, con jabones con propiedades antimicrobianas y desodorante<\/li>\n<li>2. Lavar con soluci\u00f3n salina al 0.9 %.<\/li>\n<li>3. Proceder al desbridamiento de la zona que est\u00e9 fluctuante respetando el borde de la lesi\u00f3n.<\/li>\n<li>4. Proceder a la infiltraci\u00f3n del Heberprot-P<sup>\u00ae<\/sup> por debajo de la placa isqu\u00e9mic<\/li>\n<li>5. Proceder a realizar desbridamiento seg\u00fan \u00e1rea de placa desprendi<\/li>\n<\/ol>\n<p>&nbsp;<\/p>\n<p><strong><u>PROCEDIMIENTO PARA LA ADMINISTRACI\u00d3N<\/u><\/strong><\/p>\n<p><strong><u>Antes de la Administraci\u00f3n<\/u><\/strong><\/p>\n<ol>\n<li>El paciente deber\u00e1 ser trasladado al \u00e1rea de curaciones, se le deber\u00e1 explicar el proceder a realizar, d\u00e1ndole la preparaci\u00f3n psicol\u00f3gica que se requiere.<\/li>\n<li>Se acomodar\u00e1 al paciente en la camilla, de forma tal que el miembro afectado quede ubicado con la iluminaci\u00f3n adecuada para la administraci\u00f3n del medicamento.<\/li>\n<li>Realizar el interrogatorio. (relacionado con el tratamiento, con el desayuno, como se siente, si tiene alergia a productos antis\u00e9pticos (yodo) o material de cura (esparadrapo, gasa) etc.)<\/li>\n<li>Valorar los signos vitales y la glucemia capilar.<\/li>\n<li>Se deber\u00e1 proceder al lavado de manos y colocaci\u00f3n de guantes est\u00e9riles.<\/li>\n<li>Con ayuda de la tijera abotonada se retirar\u00e1 el vendaje oclusivo.<\/li>\n<li>Con una pinza deber\u00e1n ser retirados los ap\u00f3sitos que cubren la lesi\u00f3n, en caso de estar pegados deber\u00e1n humedecerse con suero fisiol\u00f3gico previamente.<\/li>\n<li>Descubierta la lesi\u00f3n deber\u00e1 lavarse con suero fisiol\u00f3gico al 0.9 %. Podr\u00e1 aplicarse soluciones de arrastre del centro a la periferia.<\/li>\n<\/ol>\n","protected":false},"excerpt":{"rendered":"<p>Procedimiento quir\u00fargico e infiltraci\u00f3n del Heberprot-P\u00ae en el paciente con \u00falcera del pie diab\u00e9tico. En el manejo del pie diab\u00e9tico, el tratamiento quir\u00fargico es la piedra angular y a esto hoy lo acompa\u00f1a el uso del Heberprot-P\u00ae, \u00a0unido al control gluc\u00e9mico, el uso de los antimicrobianos, as\u00ed como el manejo de otras complicaciones que generalmente [&hellip;]<\/p>\n","protected":false},"author":208,"featured_media":0,"parent":0,"menu_order":0,"comment_status":"closed","ping_status":"closed","template":"","meta":[],"_links":{"self":[{"href":"https:\/\/blogs.sld.cu\/ttopiediabetico\/wp-json\/wp\/v2\/pages\/18"}],"collection":[{"href":"https:\/\/blogs.sld.cu\/ttopiediabetico\/wp-json\/wp\/v2\/pages"}],"about":[{"href":"https:\/\/blogs.sld.cu\/ttopiediabetico\/wp-json\/wp\/v2\/types\/page"}],"author":[{"embeddable":true,"href":"https:\/\/blogs.sld.cu\/ttopiediabetico\/wp-json\/wp\/v2\/users\/208"}],"replies":[{"embeddable":true,"href":"https:\/\/blogs.sld.cu\/ttopiediabetico\/wp-json\/wp\/v2\/comments?post=18"}],"version-history":[{"count":1,"href":"https:\/\/blogs.sld.cu\/ttopiediabetico\/wp-json\/wp\/v2\/pages\/18\/revisions"}],"predecessor-version":[{"id":19,"href":"https:\/\/blogs.sld.cu\/ttopiediabetico\/wp-json\/wp\/v2\/pages\/18\/revisions\/19"}],"wp:attachment":[{"href":"https:\/\/blogs.sld.cu\/ttopiediabetico\/wp-json\/wp\/v2\/media?parent=18"}],"curies":[{"name":"wp","href":"https:\/\/api.w.org\/{rel}","templated":true}]}}