{"id":10,"date":"2021-03-10T20:08:20","date_gmt":"2021-03-10T20:08:20","guid":{"rendered":"http:\/\/blogs.sld.cu\/tuberculosis\/?page_id=10"},"modified":"2021-05-14T22:54:40","modified_gmt":"2021-05-14T22:54:40","slug":"acerca-de","status":"publish","type":"page","link":"https:\/\/blogs.sld.cu\/tuberculosis\/acerca-de\/","title":{"rendered":"Acerca de"},"content":{"rendered":"<p><span style=\"font-family: verdana, geneva;font-size: 10pt\">La tuberculosis\u00a0 es una enfermedad infectocontagiosa tan antigua como la misma civilizaci\u00f3n. Los hallazgos m\u00e1s antiguos de la afectaci\u00f3n humana por esta enfermedad, fueron descubiertos en momias pertenecientes a la dinast\u00eda egipcia entre los a\u00f1os 3500-2650 a.C. y en restos humanos que datan del per\u00edodo Neol\u00edtico ubicados en Europa. \u00a0<\/span><\/p>\n<p><span style=\"font-family: verdana, geneva;font-size: 10pt\">Conocida, a trav\u00e9s de la historia, como \u201ctisis\u201d, \u201cconsunci\u00f3n\u201d, \u201cla enfermedad de la languidez\u201d y la \u201cgran plaga blanca\u201d, entre otros nombres, la tuberculosis ha afectado a la humanidad sin distinci\u00f3n de clase. Existen evidencias de que Amenophis IV y su esposa Nefertiti murieran de esta enfermedad. Siglos despu\u00e9s, en Francia, los reyes Carlos IX, Enrique IV, Napole\u00f3n II, fueron v\u00edctimas de la tuberculosis. Entre los intelectuales que fallecieron por la enfermedad est\u00e1n Moliere, Ant\u00f3n Chejov, M\u00e1ximo Gorki, Gustavo Adolfo B\u00e9cquer y m\u00fasicos renombrados como Federico Chopin y Paganini. Se mantiene siendo s\u00edmbolo de su \u00e9poca la muerte por tuberculosis a los 23 a\u00f1os de Alfonsina Plessis, inmortalizada por Alejandro Dumas en su novela \u201cLa Dama de las Camelias\u201d, donde representa a Margarita Gautier. \u00a0<\/span><\/p>\n<div id=\"attachment_72\" style=\"width: 231px\" class=\"wp-caption alignleft\"><a href=\"http:\/\/blogs.sld.cu\/tuberculosis\/files\/2021\/03\/Damadelascamelias.png\"><img aria-describedby=\"caption-attachment-72\" loading=\"lazy\" class=\"  wp-image-72\" src=\"http:\/\/blogs.sld.cu\/tuberculosis\/files\/2021\/03\/Damadelascamelias.png\" alt=\"Damadelascamelias\" width=\"221\" height=\"306\" srcset=\"https:\/\/blogs.sld.cu\/tuberculosis\/files\/2021\/03\/Damadelascamelias.png 446w, https:\/\/blogs.sld.cu\/tuberculosis\/files\/2021\/03\/Damadelascamelias-216x300.png 216w, https:\/\/blogs.sld.cu\/tuberculosis\/files\/2021\/03\/Damadelascamelias-250x347.png 250w\" sizes=\"(max-width: 221px) 100vw, 221px\" \/><\/a><p id=\"caption-attachment-72\" class=\"wp-caption-text\">Cartel promocional de la pel\u00edcula Margarita Gautier &#8220;La dama de las Camelias&#8221;, inmortalizando as\u00ed la imagen de la dama muerta por la tuberculosis. \u00b4La misteriosa actriz Greta Garbo, le di\u00f3 vida a la Dama de las camelias<\/p><\/div>\n<p>&nbsp;<\/p>\n<p>&nbsp;<\/p>\n<p>&nbsp;<\/p>\n<p><span style=\"font-family: verdana, geneva;font-size: 12pt\"><br \/>\n<\/span><\/p>\n<p>&nbsp;<\/p>\n<p>&nbsp;<\/p>\n<p>&nbsp;<\/p>\n<p>&nbsp;<\/p>\n<p>&nbsp;<\/p>\n<p>&nbsp;<\/p>\n<p>&nbsp;<\/p>\n<p>&nbsp;<\/p>\n<p>&nbsp;<\/p>\n<p>&nbsp;<\/p>\n<p>&nbsp;<\/p>\n<p>&nbsp;<\/p>\n<p><span style=\"font-family: verdana, geneva;font-size: 10pt\">Actualmente se estima que la tercera parte de la poblaci\u00f3n mundial ha sido infectada por el agente causal y que antes de finalizar el presente siglo se habr\u00e1n diagnosticado 90 millones de casos nuevos de la enfermedad, de los cuales 30 millones fallecer\u00e1n. Si bien la enfermedad est\u00e1 presente en todos los pa\u00edses, los m\u00e1s afectados son la India, China, Sud\u00e1frica, Filipinas, Pakist\u00e1n, Nigeria y Bangladesh.<\/span><\/p>\n<p><span style=\"font-family: verdana, geneva;font-size: 10pt\">Nuestro pa\u00eds est\u00e1 considerado dentro de los pa\u00edses de baja incidencia de tuberculosis pues tiene una tasa inferior a 10 casos \/100 mil habitantes. Para ello cuenta con el Programa Nacional de Prevenci\u00f3n y Control de la Tuberculosis (PNPC-TB) que tiene como objetivo central lograr la eliminaci\u00f3n de la tuberculosis en el pa\u00eds, lo que significar\u00eda alcanzar una tasa de 1 caso \/1 mill\u00f3n de habitantes.<\/span><\/p>\n","protected":false},"excerpt":{"rendered":"<p>La tuberculosis\u00a0 es una enfermedad infectocontagiosa tan antigua como la misma civilizaci\u00f3n. Los hallazgos m\u00e1s antiguos de la afectaci\u00f3n humana por esta enfermedad, fueron descubiertos en momias pertenecientes a la dinast\u00eda egipcia entre los a\u00f1os 3500-2650 a.C. y en restos humanos que datan del per\u00edodo Neol\u00edtico ubicados en Europa. \u00a0 Conocida, a trav\u00e9s de la [&hellip;]<\/p>\n","protected":false},"author":208,"featured_media":0,"parent":0,"menu_order":0,"comment_status":"closed","ping_status":"open","template":"","meta":[],"_links":{"self":[{"href":"https:\/\/blogs.sld.cu\/tuberculosis\/wp-json\/wp\/v2\/pages\/10"}],"collection":[{"href":"https:\/\/blogs.sld.cu\/tuberculosis\/wp-json\/wp\/v2\/pages"}],"about":[{"href":"https:\/\/blogs.sld.cu\/tuberculosis\/wp-json\/wp\/v2\/types\/page"}],"author":[{"embeddable":true,"href":"https:\/\/blogs.sld.cu\/tuberculosis\/wp-json\/wp\/v2\/users\/208"}],"replies":[{"embeddable":true,"href":"https:\/\/blogs.sld.cu\/tuberculosis\/wp-json\/wp\/v2\/comments?post=10"}],"version-history":[{"count":16,"href":"https:\/\/blogs.sld.cu\/tuberculosis\/wp-json\/wp\/v2\/pages\/10\/revisions"}],"predecessor-version":[{"id":121,"href":"https:\/\/blogs.sld.cu\/tuberculosis\/wp-json\/wp\/v2\/pages\/10\/revisions\/121"}],"wp:attachment":[{"href":"https:\/\/blogs.sld.cu\/tuberculosis\/wp-json\/wp\/v2\/media?parent=10"}],"curies":[{"name":"wp","href":"https:\/\/api.w.org\/{rel}","templated":true}]}}