{"id":12,"date":"2021-03-10T20:08:48","date_gmt":"2021-03-10T20:08:48","guid":{"rendered":"http:\/\/blogs.sld.cu\/tuberculosis\/?page_id=12"},"modified":"2021-05-14T23:18:04","modified_gmt":"2021-05-14T23:18:04","slug":"tuberculosis","status":"publish","type":"page","link":"https:\/\/blogs.sld.cu\/tuberculosis\/tuberculosis\/","title":{"rendered":"Tuberculosis"},"content":{"rendered":"<p><span style=\"font-family: verdana, geneva;font-size: 10pt\">La tuberculosis es una enfermedad infectocontagiosa causada por una bacteria llamada <em>Mycobacterium tuberculosis<\/em> que afecta preferentemente a los pulmones, aunque cualquier \u00f3rgano o tejido puede infectarse. <\/span><\/p>\n<p><span style=\"font-family: verdana, geneva;font-size: 10pt\">La transmisi\u00f3n de la enfermedad suele ser por v\u00eda directa, de un individuo afectado a otro, fundamentalmente por las goticas de saliva que contengan al microorganismo y que son expulsadas cuando un enfermo habla, estornuda, r\u00ede o canta,<\/span><\/p>\n<p><span style=\"font-family: verdana, geneva;font-size: 10pt\"><a href=\"http:\/\/blogs.sld.cu\/tuberculosis\/files\/2021\/03\/koch.jpg\"><img loading=\"lazy\" class=\"alignnone  wp-image-70\" src=\"http:\/\/blogs.sld.cu\/tuberculosis\/files\/2021\/03\/koch.jpg\" alt=\"koch\" width=\"559\" height=\"280\" srcset=\"https:\/\/blogs.sld.cu\/tuberculosis\/files\/2021\/03\/koch.jpg 765w, https:\/\/blogs.sld.cu\/tuberculosis\/files\/2021\/03\/koch-300x150.jpg 300w, https:\/\/blogs.sld.cu\/tuberculosis\/files\/2021\/03\/koch-250x125.jpg 250w\" sizes=\"(max-width: 559px) 100vw, 559px\" \/><\/a>\u00a0<\/span><\/p>\n<p><span style=\"font-family: verdana, geneva;font-size: 10pt\">La bacteria, tambi\u00e9n denominada bacilo de Koch, <em>Mycobacterium tuberculosis,<\/em>\u00a0es una bacteria aer\u00f3bica, alcohol-\u00e1cido resistente, frecuentemente incolora, aer\u00f3bica estricta, lo que quiere decir que su crecimiento est\u00e1 subordinado a la presencia de\u00a0ox\u00edgeno en el medio. Es muy resistente a las condiciones de fr\u00edo, congelaci\u00f3n y desecaci\u00f3n, es muy sensible al calor, luz solar y\u00a0luz ultravioleta.<\/span><\/p>\n<p><span style=\"font-size: 10pt;font-family: verdana, geneva\">Su multiplicaci\u00f3n es muy lenta: se divide cada 16 a 20\u00a0horas y ante circunstancias adversas puede entrar en estado\u00a0latente, y retrasar su multiplicaci\u00f3n desde algunos d\u00edas hasta varios a\u00f1os. El\u00a0reservorio natural\u00a0de\u00a0<i>M. tuberculosis<\/i>\u00a0es el humano, tanto el sano infectado como el enfermo.<\/span><\/p>\n<p>&nbsp;<\/p>\n","protected":false},"excerpt":{"rendered":"<p>La tuberculosis es una enfermedad infectocontagiosa causada por una bacteria llamada Mycobacterium tuberculosis que afecta preferentemente a los pulmones, aunque cualquier \u00f3rgano o tejido puede infectarse. La transmisi\u00f3n de la enfermedad suele ser por v\u00eda directa, de un individuo afectado a otro, fundamentalmente por las goticas de saliva que contengan al microorganismo y que son [&hellip;]<\/p>\n","protected":false},"author":208,"featured_media":0,"parent":0,"menu_order":0,"comment_status":"closed","ping_status":"open","template":"","meta":[],"_links":{"self":[{"href":"https:\/\/blogs.sld.cu\/tuberculosis\/wp-json\/wp\/v2\/pages\/12"}],"collection":[{"href":"https:\/\/blogs.sld.cu\/tuberculosis\/wp-json\/wp\/v2\/pages"}],"about":[{"href":"https:\/\/blogs.sld.cu\/tuberculosis\/wp-json\/wp\/v2\/types\/page"}],"author":[{"embeddable":true,"href":"https:\/\/blogs.sld.cu\/tuberculosis\/wp-json\/wp\/v2\/users\/208"}],"replies":[{"embeddable":true,"href":"https:\/\/blogs.sld.cu\/tuberculosis\/wp-json\/wp\/v2\/comments?post=12"}],"version-history":[{"count":11,"href":"https:\/\/blogs.sld.cu\/tuberculosis\/wp-json\/wp\/v2\/pages\/12\/revisions"}],"predecessor-version":[{"id":131,"href":"https:\/\/blogs.sld.cu\/tuberculosis\/wp-json\/wp\/v2\/pages\/12\/revisions\/131"}],"wp:attachment":[{"href":"https:\/\/blogs.sld.cu\/tuberculosis\/wp-json\/wp\/v2\/media?parent=12"}],"curies":[{"name":"wp","href":"https:\/\/api.w.org\/{rel}","templated":true}]}}