{"id":14,"date":"2021-03-10T20:09:41","date_gmt":"2021-03-10T20:09:41","guid":{"rendered":"http:\/\/blogs.sld.cu\/tuberculosis\/?page_id=14"},"modified":"2021-05-14T23:03:35","modified_gmt":"2021-05-14T23:03:35","slug":"causassintomas","status":"publish","type":"page","link":"https:\/\/blogs.sld.cu\/tuberculosis\/causassintomas\/","title":{"rendered":"Causas\/S\u00edntomas"},"content":{"rendered":"<h3><span style=\"font-size: 12pt;font-family: verdana, geneva\"><strong>Causas<\/strong><\/span><\/h3>\n<p><span style=\"font-size: 10pt;font-family: verdana, geneva\">El 24 de marzo de 1882 en la Sociedad de Fisiolog\u00eda de Berl\u00edn, el Dr. Robert Koch mostr\u00f3 al mundo cient\u00edfico los resultados de sus investigaciones, el descubrimiento de la causa de la tuberculosis: un microorganismo en forma de bast\u00f3n y resistente a la decoloraci\u00f3n del \u00e1cido y el alcohol, el\u00a0<em>Mycobacterium tuberculosis<\/em>\u00a0y que a partir de ese momento fue nombrado tambi\u00e9n Bacilo de Koch.<\/span><\/p>\n<p><span style=\"font-family: verdana, geneva;font-size: 10pt\"><a href=\"http:\/\/blogs.sld.cu\/tuberculosis\/77-2\/\">ver nota<\/a><\/span><\/p>\n<h3><span style=\"font-family: verdana, geneva;font-size: 12pt\"><strong>S\u00edntomas<\/strong><\/span><\/h3>\n<p><span style=\"font-size: 10pt;font-family: verdana, geneva\">Las personas con enfermedades que afectan la inmunidad son las m\u00e1s propensas a enfermarse, siendo este grupo de riesgo: pacientes portadores de VIH\/SIDA, diab\u00e9ticos, desnutridos, alcoh\u00f3licos, enfermos de c\u00e1ncer, de insuficiencia renal cr\u00f3nica, consumidores de drogas y medicamentos que bajan la inmunidad fundamentalmente. <\/span><\/p>\n<p><span style=\"font-size: 10pt;font-family: verdana, geneva\">Los s\u00edntomas cl\u00e1sicos de la enfermedad suelen ser la fiebre,\u00a0sobre todo vespertina y no muy alta, escalofr\u00edos, sudores nocturnos, malestar general, decaimiento, p\u00e9rdida del apetito y p\u00e9rdida de peso.<\/span><\/p>\n<p><span style=\"font-size: 10pt;font-family: verdana, geneva\">Se acompa\u00f1a el cuadro general descrito de s\u00edntomas respiratorios, fundamentalmente, tos h\u00fameda con expectoraci\u00f3n abundante, mucopurulenta o purulenta e incluso te\u00f1ida de sangre. Puede haber expulsi\u00f3n de sangre por la boca precedida de tos y de volumen variable. Con frecuencia suele expresarse como un cuadro respiratorio agudo parecido a una gripe, pero que se prolonga por m\u00e1s de 3 semanas.\u00a0<\/span><\/p>\n<p>&nbsp;<\/p>\n","protected":false},"excerpt":{"rendered":"<p>Causas El 24 de marzo de 1882 en la Sociedad de Fisiolog\u00eda de Berl\u00edn, el Dr. Robert Koch mostr\u00f3 al mundo cient\u00edfico los resultados de sus investigaciones, el descubrimiento de la causa de la tuberculosis: un microorganismo en forma de bast\u00f3n y resistente a la decoloraci\u00f3n del \u00e1cido y el alcohol, el\u00a0Mycobacterium tuberculosis\u00a0y que a [&hellip;]<\/p>\n","protected":false},"author":208,"featured_media":0,"parent":0,"menu_order":0,"comment_status":"closed","ping_status":"open","template":"","meta":[],"_links":{"self":[{"href":"https:\/\/blogs.sld.cu\/tuberculosis\/wp-json\/wp\/v2\/pages\/14"}],"collection":[{"href":"https:\/\/blogs.sld.cu\/tuberculosis\/wp-json\/wp\/v2\/pages"}],"about":[{"href":"https:\/\/blogs.sld.cu\/tuberculosis\/wp-json\/wp\/v2\/types\/page"}],"author":[{"embeddable":true,"href":"https:\/\/blogs.sld.cu\/tuberculosis\/wp-json\/wp\/v2\/users\/208"}],"replies":[{"embeddable":true,"href":"https:\/\/blogs.sld.cu\/tuberculosis\/wp-json\/wp\/v2\/comments?post=14"}],"version-history":[{"count":11,"href":"https:\/\/blogs.sld.cu\/tuberculosis\/wp-json\/wp\/v2\/pages\/14\/revisions"}],"predecessor-version":[{"id":125,"href":"https:\/\/blogs.sld.cu\/tuberculosis\/wp-json\/wp\/v2\/pages\/14\/revisions\/125"}],"wp:attachment":[{"href":"https:\/\/blogs.sld.cu\/tuberculosis\/wp-json\/wp\/v2\/media?parent=14"}],"curies":[{"name":"wp","href":"https:\/\/api.w.org\/{rel}","templated":true}]}}