{"id":18,"date":"2021-03-10T20:11:30","date_gmt":"2021-03-10T20:11:30","guid":{"rendered":"http:\/\/blogs.sld.cu\/tuberculosis\/?page_id=18"},"modified":"2021-05-14T23:55:10","modified_gmt":"2021-05-14T23:55:10","slug":"medidas-preventivas","status":"publish","type":"page","link":"https:\/\/blogs.sld.cu\/tuberculosis\/medidas-preventivas\/","title":{"rendered":"Medidas preventivas"},"content":{"rendered":"<p><span style=\"font-size: 10pt;font-family: verdana, geneva\">Aspectos que se deben tener en cuenta para prevenir la tuberculosis <\/span><\/p>\n<p><span style=\"font-size: 12pt;font-family: verdana, geneva\"><a href=\"http:\/\/blogs.sld.cu\/tuberculosis\/files\/2021\/03\/prevenc1.jpg\"><img loading=\"lazy\" class=\"  wp-image-107 alignleft\" src=\"http:\/\/blogs.sld.cu\/tuberculosis\/files\/2021\/03\/prevenc1.jpg\" alt=\"prevenc1\" width=\"463\" height=\"147\" srcset=\"https:\/\/blogs.sld.cu\/tuberculosis\/files\/2021\/03\/prevenc1.jpg 463w, https:\/\/blogs.sld.cu\/tuberculosis\/files\/2021\/03\/prevenc1-300x95.jpg 300w, https:\/\/blogs.sld.cu\/tuberculosis\/files\/2021\/03\/prevenc1-250x79.jpg 250w\" sizes=\"(max-width: 463px) 100vw, 463px\" \/><\/a><\/span><\/p>\n<p>&nbsp;<\/p>\n<ul>\n<li><span style=\"font-size: 10pt;font-family: verdana, geneva\">Vacunaci\u00f3n de los reci\u00e9n nacidos con BCG (Bacilo de Calmette-Gu\u00e9rin) que es una bacteria atenuada similar al bacilo de la tuberculosis.<\/span><\/li>\n<li><span style=\"font-size: 10pt;font-family: verdana, geneva\">Ante s\u00edntomas respiratorios de m\u00e1s de 21 d\u00edas, acudir al m\u00e9dico, el cual confirmar\u00e1 el diagnostico e iniciar\u00e1 el tratamiento de manera inmediata, disminuyendo as\u00ed la propagaci\u00f3n en la comunidad.<\/span><\/li>\n<li><span style=\"font-size: 10pt;font-family: verdana, geneva\">Cubrirse bien la boca y la nariz con pa\u00f1uelo,\u00a0servilleta o nasobuco (mascarilla) al toser y estornudar.<\/span><\/li>\n<li><span style=\"font-size: 10pt;font-family: verdana, geneva\">Lavarse las manos frecuentemente con agua y jab\u00f3n.<\/span><\/li>\n<li><span style=\"font-size: 10pt;font-family: verdana, geneva\">Adecuada ventilaci\u00f3n natural en las viviendas y locales de trabajo.<\/span><\/li>\n<li><span style=\"font-size: 10pt;font-family: verdana, geneva\">Dejar entrar la luz solar en las habitaciones de vivienda y centro de trabajo (el bacilo tuberculoso es sensible al sol).<\/span><\/li>\n<li><span style=\"font-size: 10pt;font-family: verdana, geneva\">Evitar el hacinamiento y mantener el distanciamiento social.<\/span><\/li>\n<li><span style=\"font-size: 10pt;font-family: verdana, geneva\">Mantenga la higiene del hogar y de\u00a0su centro de trabajo.<\/span><\/li>\n<li><span style=\"font-size: 10pt;font-family: verdana, geneva\">No fumar.<\/span><\/li>\n<li><span style=\"font-size: 10pt;font-family: verdana, geneva\">Mantener una dieta saludable.<\/span><\/li>\n<li><span style=\"font-size: 10pt;font-family: verdana, geneva\">No consumir drogas.<\/span><\/li>\n<\/ul>\n<p>&nbsp;<\/p>\n<p>&nbsp;<\/p>\n","protected":false},"excerpt":{"rendered":"<p>Aspectos que se deben tener en cuenta para prevenir la tuberculosis &nbsp; Vacunaci\u00f3n de los reci\u00e9n nacidos con BCG (Bacilo de Calmette-Gu\u00e9rin) que es una bacteria atenuada similar al bacilo de la tuberculosis. Ante s\u00edntomas respiratorios de m\u00e1s de 21 d\u00edas, acudir al m\u00e9dico, el cual confirmar\u00e1 el diagnostico e iniciar\u00e1 el tratamiento de manera [&hellip;]<\/p>\n","protected":false},"author":208,"featured_media":0,"parent":0,"menu_order":0,"comment_status":"closed","ping_status":"open","template":"","meta":[],"_links":{"self":[{"href":"https:\/\/blogs.sld.cu\/tuberculosis\/wp-json\/wp\/v2\/pages\/18"}],"collection":[{"href":"https:\/\/blogs.sld.cu\/tuberculosis\/wp-json\/wp\/v2\/pages"}],"about":[{"href":"https:\/\/blogs.sld.cu\/tuberculosis\/wp-json\/wp\/v2\/types\/page"}],"author":[{"embeddable":true,"href":"https:\/\/blogs.sld.cu\/tuberculosis\/wp-json\/wp\/v2\/users\/208"}],"replies":[{"embeddable":true,"href":"https:\/\/blogs.sld.cu\/tuberculosis\/wp-json\/wp\/v2\/comments?post=18"}],"version-history":[{"count":8,"href":"https:\/\/blogs.sld.cu\/tuberculosis\/wp-json\/wp\/v2\/pages\/18\/revisions"}],"predecessor-version":[{"id":137,"href":"https:\/\/blogs.sld.cu\/tuberculosis\/wp-json\/wp\/v2\/pages\/18\/revisions\/137"}],"wp:attachment":[{"href":"https:\/\/blogs.sld.cu\/tuberculosis\/wp-json\/wp\/v2\/media?parent=18"}],"curies":[{"name":"wp","href":"https:\/\/api.w.org\/{rel}","templated":true}]}}